{"id":38400,"date":"2025-09-29T15:51:26","date_gmt":"2025-09-29T14:51:26","guid":{"rendered":"https:\/\/broxtal.com\/?post_type=product&#038;p=38400"},"modified":"2025-10-19T22:06:14","modified_gmt":"2025-10-19T21:06:14","slug":"heated-air-tubing-for-smart-auto-bipap-machine","status":"publish","type":"product","link":"https:\/\/broxtal.com\/fr\/produit\/heated-air-tubing-for-smart-auto-bipap-machine\/","title":{"rendered":"Tuyau d'air chauff\u00e9 pour la machine Smart Auto BiPAP"},"content":{"rendered":"<h1 class=\"p1\" style=\"text-align: center;\">Tube respiratoire chauffant - Smart Auto BiPAP<\/h1>\n<h2 class=\"p1\" style=\"text-align: center;\">\u00a0Maintien d'un flux d'air chaud et confortable pendant le traitement<\/h2>\n<p class=\"p1\" style=\"text-align: center;\">Am\u00e9liorez votre traitement Smart Auto BiPAP avec un circuit d'air chauff\u00e9 qui maintient un flux d'air chaud et r\u00e9duit la condensation. Une combinaison parfaite pour le confort et un sommeil ininterrompu.<\/p>\n<p>&nbsp;<\/p>\n<p><img fetchpriority=\"high\" decoding=\"async\" class=\"aligncenter size-full wp-image-38393\" src=\"https:\/\/broxtal.com\/wp-content\/uploads\/2025\/09\/Air-Tube-1.jpeg\" alt=\"Air Filters for Smart Auto BiPAP Machine\" width=\"303\" height=\"316\" srcset=\"https:\/\/broxtal.com\/wp-content\/uploads\/2025\/09\/Air-Tube-1.jpeg 303w, https:\/\/broxtal.com\/wp-content\/uploads\/2025\/09\/Air-Tube-1-288x300.jpeg 288w, https:\/\/broxtal.com\/wp-content\/uploads\/2025\/09\/Air-Tube-1-12x12.jpeg 12w, https:\/\/broxtal.com\/wp-content\/uploads\/2025\/09\/Air-Tube-1-60x63.jpeg 60w, https:\/\/broxtal.com\/wp-content\/uploads\/2025\/09\/Air-Tube-1-110x115.jpeg 110w, https:\/\/broxtal.com\/wp-content\/uploads\/2025\/09\/Air-Tube-1-150x156.jpeg 150w, https:\/\/broxtal.com\/wp-content\/uploads\/2025\/09\/Air-Tube-1-32x32.jpeg 32w\" sizes=\"(max-width: 303px) 100vw, 303px\" \/><img decoding=\"async\" class=\"aligncenter size-full wp-image-38403\" src=\"https:\/\/broxtal.com\/wp-content\/uploads\/2025\/09\/6-5.webp\" alt=\"\" width=\"646\" height=\"363\" srcset=\"https:\/\/broxtal.com\/wp-content\/uploads\/2025\/09\/6-5.webp 646w, https:\/\/broxtal.com\/wp-content\/uploads\/2025\/09\/6-5-400x225.webp 400w, https:\/\/broxtal.com\/wp-content\/uploads\/2025\/09\/6-5-18x10.webp 18w, https:\/\/broxtal.com\/wp-content\/uploads\/2025\/09\/6-5-60x34.webp 60w, https:\/\/broxtal.com\/wp-content\/uploads\/2025\/09\/6-5-110x62.webp 110w, https:\/\/broxtal.com\/wp-content\/uploads\/2025\/09\/6-5-600x337.webp 600w, https:\/\/broxtal.com\/wp-content\/uploads\/2025\/09\/6-5-150x84.webp 150w\" sizes=\"(max-width: 646px) 100vw, 646px\" \/> <img decoding=\"async\" class=\"aligncenter size-large wp-image-38397\" src=\"https:\/\/broxtal.com\/wp-content\/uploads\/2025\/09\/30V-DF-800x800.webp\" alt=\"\" width=\"800\" height=\"800\" srcset=\"https:\/\/broxtal.com\/wp-content\/uploads\/2025\/09\/30V-DF-800x800.webp 800w, https:\/\/broxtal.com\/wp-content\/uploads\/2025\/09\/30V-DF-300x300.webp 300w, https:\/\/broxtal.com\/wp-content\/uploads\/2025\/09\/30V-DF-150x150.webp 150w, https:\/\/broxtal.com\/wp-content\/uploads\/2025\/09\/30V-DF-768x768.webp 768w, https:\/\/broxtal.com\/wp-content\/uploads\/2025\/09\/30V-DF-12x12.webp 12w, https:\/\/broxtal.com\/wp-content\/uploads\/2025\/09\/30V-DF-60x60.webp 60w, https:\/\/broxtal.com\/wp-content\/uploads\/2025\/09\/30V-DF-110x110.webp 110w, https:\/\/broxtal.com\/wp-content\/uploads\/2025\/09\/30V-DF-600x600.webp 600w, https:\/\/broxtal.com\/wp-content\/uploads\/2025\/09\/30V-DF-32x32.webp 32w, https:\/\/broxtal.com\/wp-content\/uploads\/2025\/09\/30V-DF.webp 1080w\" sizes=\"(max-width: 800px) 100vw, 800px\" \/><\/p>","protected":false},"excerpt":{"rendered":"<p>Tube respiratoire chauffant - Smart Auto BiPAP Maintenir un flux d'air chaud et confortable pendant la th\u00e9rapie Am\u00e9liorer votre th\u00e9rapie Smart Auto BiPAP avec<\/p>","protected":false},"featured_media":38393,"comment_status":"open","ping_status":"closed","template":"","meta":[],"product_brand":[],"product_cat":[1719,1763],"product_tag":[],"class_list":{"0":"post-38400","1":"product","2":"type-product","3":"status-publish","4":"has-post-thumbnail","6":"product_cat-respiratory-care-oxygen-therapy","7":"product_cat-masks-accessories","9":"first","10":"instock","11":"sale","12":"shipping-taxable","13":"purchasable","14":"product-type-simple"},"_links":{"self":[{"href":"https:\/\/broxtal.com\/fr\/wp-json\/wp\/v2\/product\/38400","targetHints":{"allow":["GET"]}}],"collection":[{"href":"https:\/\/broxtal.com\/fr\/wp-json\/wp\/v2\/product"}],"about":[{"href":"https:\/\/broxtal.com\/fr\/wp-json\/wp\/v2\/types\/product"}],"replies":[{"embeddable":true,"href":"https:\/\/broxtal.com\/fr\/wp-json\/wp\/v2\/comments?post=38400"}],"version-history":[{"count":3,"href":"https:\/\/broxtal.com\/fr\/wp-json\/wp\/v2\/product\/38400\/revisions"}],"predecessor-version":[{"id":38406,"href":"https:\/\/broxtal.com\/fr\/wp-json\/wp\/v2\/product\/38400\/revisions\/38406"}],"wp:featuredmedia":[{"embeddable":true,"href":"https:\/\/broxtal.com\/fr\/wp-json\/wp\/v2\/media\/38393"}],"wp:attachment":[{"href":"https:\/\/broxtal.com\/fr\/wp-json\/wp\/v2\/media?parent=38400"}],"wp:term":[{"taxonomy":"product_brand","embeddable":true,"href":"https:\/\/broxtal.com\/fr\/wp-json\/wp\/v2\/product_brand?post=38400"},{"taxonomy":"product_cat","embeddable":true,"href":"https:\/\/broxtal.com\/fr\/wp-json\/wp\/v2\/product_cat?post=38400"},{"taxonomy":"product_tag","embeddable":true,"href":"https:\/\/broxtal.com\/fr\/wp-json\/wp\/v2\/product_tag?post=38400"}],"curies":[{"name":"wp","href":"https:\/\/api.w.org\/{rel}","templated":true}]}}