{"id":38412,"date":"2025-09-29T16:03:15","date_gmt":"2025-09-29T15:03:15","guid":{"rendered":"https:\/\/broxtal.com\/?post_type=product&#038;p=38412"},"modified":"2025-10-28T13:00:44","modified_gmt":"2025-10-28T13:00:44","slug":"full-face-mask-for-smart-auto-bipap-machine","status":"publish","type":"product","link":"https:\/\/broxtal.com\/fr\/produit\/full-face-mask-for-smart-auto-bipap-machine\/","title":{"rendered":"Masque complet pour machine Smart Auto BiPAP"},"content":{"rendered":"<h1 style=\"text-align: center;\">Masque CPAP confortable - Smart Auto BiPAP<\/h1>\n<h2 style=\"text-align: center;\">Ajustement s\u00fbr et confort sup\u00e9rieur pour une th\u00e9rapie du sommeil efficace<\/h2>\n<p style=\"text-align: center;\">\n<p class=\"p1\" style=\"text-align: center;\">Ce masque CPAP complet est con\u00e7u pour fonctionner en toute transparence avec l'appareil Smart Auto BiPAP. Il assure une \u00e9tanch\u00e9it\u00e9 s\u00fbre et confortable pour un traitement efficace tout au long de la nuit.<\/p>\n<p><img fetchpriority=\"high\" decoding=\"async\" class=\"aligncenter size-full wp-image-38394\" src=\"https:\/\/broxtal.com\/wp-content\/uploads\/2025\/09\/Full-CPAP-Mask-1.jpeg\" alt=\"\" width=\"437\" height=\"475\" srcset=\"https:\/\/broxtal.com\/wp-content\/uploads\/2025\/09\/Full-CPAP-Mask-1.jpeg 437w, https:\/\/broxtal.com\/wp-content\/uploads\/2025\/09\/Full-CPAP-Mask-1-276x300.jpeg 276w, https:\/\/broxtal.com\/wp-content\/uploads\/2025\/09\/Full-CPAP-Mask-1-11x12.jpeg 11w, https:\/\/broxtal.com\/wp-content\/uploads\/2025\/09\/Full-CPAP-Mask-1-60x65.jpeg 60w, https:\/\/broxtal.com\/wp-content\/uploads\/2025\/09\/Full-CPAP-Mask-1-110x120.jpeg 110w, https:\/\/broxtal.com\/wp-content\/uploads\/2025\/09\/Full-CPAP-Mask-1-150x163.jpeg 150w\" sizes=\"(max-width: 437px) 100vw, 437px\" \/><img decoding=\"async\" class=\"aligncenter size-large wp-image-38397\" src=\"https:\/\/broxtal.com\/wp-content\/uploads\/2025\/09\/30V-DF-800x800.webp\" alt=\"\" width=\"800\" height=\"800\" srcset=\"https:\/\/broxtal.com\/wp-content\/uploads\/2025\/09\/30V-DF-800x800.webp 800w, https:\/\/broxtal.com\/wp-content\/uploads\/2025\/09\/30V-DF-300x300.webp 300w, https:\/\/broxtal.com\/wp-content\/uploads\/2025\/09\/30V-DF-150x150.webp 150w, https:\/\/broxtal.com\/wp-content\/uploads\/2025\/09\/30V-DF-768x768.webp 768w, https:\/\/broxtal.com\/wp-content\/uploads\/2025\/09\/30V-DF-12x12.webp 12w, https:\/\/broxtal.com\/wp-content\/uploads\/2025\/09\/30V-DF-60x60.webp 60w, https:\/\/broxtal.com\/wp-content\/uploads\/2025\/09\/30V-DF-110x110.webp 110w, https:\/\/broxtal.com\/wp-content\/uploads\/2025\/09\/30V-DF-600x600.webp 600w, https:\/\/broxtal.com\/wp-content\/uploads\/2025\/09\/30V-DF-32x32.webp 32w, https:\/\/broxtal.com\/wp-content\/uploads\/2025\/09\/30V-DF.webp 1080w\" sizes=\"(max-width: 800px) 100vw, 800px\" \/><\/p>","protected":false},"excerpt":{"rendered":"<p>Masque CPAP complet confortable - Smart Auto BiPAP Ajustement s\u00fbr et confort sup\u00e9rieur pour une th\u00e9rapie du sommeil efficace.<\/p>","protected":false},"featured_media":38394,"comment_status":"open","ping_status":"closed","template":"","meta":[],"product_brand":[],"product_cat":[1719,1763],"product_tag":[],"class_list":{"0":"post-38412","1":"product","2":"type-product","3":"status-publish","4":"has-post-thumbnail","6":"product_cat-respiratory-care-oxygen-therapy","7":"product_cat-masks-accessories","9":"first","10":"instock","11":"sale","12":"shipping-taxable","13":"purchasable","14":"product-type-simple"},"_links":{"self":[{"href":"https:\/\/broxtal.com\/fr\/wp-json\/wp\/v2\/product\/38412","targetHints":{"allow":["GET"]}}],"collection":[{"href":"https:\/\/broxtal.com\/fr\/wp-json\/wp\/v2\/product"}],"about":[{"href":"https:\/\/broxtal.com\/fr\/wp-json\/wp\/v2\/types\/product"}],"replies":[{"embeddable":true,"href":"https:\/\/broxtal.com\/fr\/wp-json\/wp\/v2\/comments?post=38412"}],"version-history":[{"count":2,"href":"https:\/\/broxtal.com\/fr\/wp-json\/wp\/v2\/product\/38412\/revisions"}],"predecessor-version":[{"id":38414,"href":"https:\/\/broxtal.com\/fr\/wp-json\/wp\/v2\/product\/38412\/revisions\/38414"}],"wp:featuredmedia":[{"embeddable":true,"href":"https:\/\/broxtal.com\/fr\/wp-json\/wp\/v2\/media\/38394"}],"wp:attachment":[{"href":"https:\/\/broxtal.com\/fr\/wp-json\/wp\/v2\/media?parent=38412"}],"wp:term":[{"taxonomy":"product_brand","embeddable":true,"href":"https:\/\/broxtal.com\/fr\/wp-json\/wp\/v2\/product_brand?post=38412"},{"taxonomy":"product_cat","embeddable":true,"href":"https:\/\/broxtal.com\/fr\/wp-json\/wp\/v2\/product_cat?post=38412"},{"taxonomy":"product_tag","embeddable":true,"href":"https:\/\/broxtal.com\/fr\/wp-json\/wp\/v2\/product_tag?post=38412"}],"curies":[{"name":"wp","href":"https:\/\/api.w.org\/{rel}","templated":true}]}}