{"id":38518,"date":"2025-10-18T11:14:48","date_gmt":"2025-10-18T10:14:48","guid":{"rendered":"https:\/\/broxtal.com\/?post_type=product&#038;p=38518"},"modified":"2025-10-28T13:00:28","modified_gmt":"2025-10-28T13:00:28","slug":"extra-battery-jeauyy-portable-oxygen-jyp05a","status":"publish","type":"product","link":"https:\/\/broxtal.com\/fr\/produit\/extra-battery-jeauyy-portable-oxygen-jyp05a\/","title":{"rendered":"Batterie suppl\u00e9mentaire pour le concentrateur d'oxyg\u00e8ne portable JEAUYY (JY-P05A)"},"content":{"rendered":"<h1 style=\"text-align: center;\">Continuez plus longtemps - Une alimentation \u00e9lectrique fiable en mouvement<\/h1>\n<h3 class=\"p1\" style=\"text-align: center;\">Batterie rechargeable de tr\u00e8s grande capacit\u00e9 <strong>6200 mAh <\/strong>pour le concentrateur d'oxyg\u00e8ne portable JEAUYY (JY-P05A)<\/h3>\n<p style=\"text-align: center;\"><strong>La batterie du concentrateur d'oxyg\u00e8ne portable JY-P05A offre jusqu'\u00e0 4,8 heures sur le r\u00e9glage 1. Elle se recharge compl\u00e8tement en 2 \u00e0 3 heures avec l'adaptateur secteur ou le chargeur de voiture.<\/strong><\/p>\n<p class=\"p1\" style=\"text-align: center;\">Garantissez une oxyg\u00e9noth\u00e9rapie ininterrompue o\u00f9 que vous alliez gr\u00e2ce \u00e0 cette batterie rechargeable de tr\u00e8s grande capacit\u00e9 con\u00e7ue sp\u00e9cialement pour le concentrateur d'oxyg\u00e8ne portable JEAUYY 1,5 L. L\u00e9g\u00e8re, compacte et con\u00e7ue pour la mobilit\u00e9, cette batterie vous offre la tranquillit\u00e9 d'esprit n\u00e9cessaire pour voyager, faire la navette ou simplement vous d\u00e9placer librement \u00e0 la maison sans craindre que votre concentrateur ne perde de l'\u00e9nergie. Il vous suffit de la brancher et de vous assurer que votre d\u00e9bit d'oxyg\u00e8ne reste constant et fiable.<\/p>\n<p><img fetchpriority=\"high\" decoding=\"async\" class=\"aligncenter size-large wp-image-38521\" src=\"https:\/\/broxtal.com\/wp-content\/uploads\/2025\/10\/jeauyy-portable-oxygen-concentrator-1-5l-04-2.webp\" alt=\"\" width=\"768\" height=\"768\" srcset=\"https:\/\/broxtal.com\/wp-content\/uploads\/2025\/10\/jeauyy-portable-oxygen-concentrator-1-5l-04-2.webp 768w, https:\/\/broxtal.com\/wp-content\/uploads\/2025\/10\/jeauyy-portable-oxygen-concentrator-1-5l-04-2-300x300.webp 300w, https:\/\/broxtal.com\/wp-content\/uploads\/2025\/10\/jeauyy-portable-oxygen-concentrator-1-5l-04-2-150x150.webp 150w, https:\/\/broxtal.com\/wp-content\/uploads\/2025\/10\/jeauyy-portable-oxygen-concentrator-1-5l-04-2-12x12.webp 12w, https:\/\/broxtal.com\/wp-content\/uploads\/2025\/10\/jeauyy-portable-oxygen-concentrator-1-5l-04-2-60x60.webp 60w, https:\/\/broxtal.com\/wp-content\/uploads\/2025\/10\/jeauyy-portable-oxygen-concentrator-1-5l-04-2-110x110.webp 110w, https:\/\/broxtal.com\/wp-content\/uploads\/2025\/10\/jeauyy-portable-oxygen-concentrator-1-5l-04-2-600x600.webp 600w, https:\/\/broxtal.com\/wp-content\/uploads\/2025\/10\/jeauyy-portable-oxygen-concentrator-1-5l-04-2-32x32.webp 32w\" sizes=\"(max-width: 768px) 100vw, 768px\" \/><\/p>","protected":false},"excerpt":{"rendered":"<p>Continuez plus longtemps - Une \u00e9nergie fiable en mouvement Batterie rechargeable extra haute capacit\u00e9 6200 mAh pour le concentrateur d'oxyg\u00e8ne portable JEAUYY<\/p>","protected":false},"featured_media":38527,"comment_status":"open","ping_status":"closed","template":"","meta":[],"product_brand":[],"product_cat":[286,1763,1719],"product_tag":[],"class_list":{"0":"post-38518","1":"product","2":"type-product","3":"status-publish","4":"has-post-thumbnail","6":"product_cat-health-wellness","7":"product_cat-masks-accessories","8":"product_cat-respiratory-care-oxygen-therapy","10":"first","11":"instock","12":"shipping-taxable","13":"purchasable","14":"product-type-simple"},"_links":{"self":[{"href":"https:\/\/broxtal.com\/fr\/wp-json\/wp\/v2\/product\/38518","targetHints":{"allow":["GET"]}}],"collection":[{"href":"https:\/\/broxtal.com\/fr\/wp-json\/wp\/v2\/product"}],"about":[{"href":"https:\/\/broxtal.com\/fr\/wp-json\/wp\/v2\/types\/product"}],"replies":[{"embeddable":true,"href":"https:\/\/broxtal.com\/fr\/wp-json\/wp\/v2\/comments?post=38518"}],"version-history":[{"count":3,"href":"https:\/\/broxtal.com\/fr\/wp-json\/wp\/v2\/product\/38518\/revisions"}],"predecessor-version":[{"id":38528,"href":"https:\/\/broxtal.com\/fr\/wp-json\/wp\/v2\/product\/38518\/revisions\/38528"}],"wp:featuredmedia":[{"embeddable":true,"href":"https:\/\/broxtal.com\/fr\/wp-json\/wp\/v2\/media\/38527"}],"wp:attachment":[{"href":"https:\/\/broxtal.com\/fr\/wp-json\/wp\/v2\/media?parent=38518"}],"wp:term":[{"taxonomy":"product_brand","embeddable":true,"href":"https:\/\/broxtal.com\/fr\/wp-json\/wp\/v2\/product_brand?post=38518"},{"taxonomy":"product_cat","embeddable":true,"href":"https:\/\/broxtal.com\/fr\/wp-json\/wp\/v2\/product_cat?post=38518"},{"taxonomy":"product_tag","embeddable":true,"href":"https:\/\/broxtal.com\/fr\/wp-json\/wp\/v2\/product_tag?post=38518"}],"curies":[{"name":"wp","href":"https:\/\/api.w.org\/{rel}","templated":true}]}}