{"id":39604,"date":"2026-03-17T10:26:56","date_gmt":"2026-03-17T10:26:56","guid":{"rendered":"https:\/\/broxtal.com\/?post_type=product&#038;p=39604"},"modified":"2026-03-17T11:42:13","modified_gmt":"2026-03-17T11:42:13","slug":"jeauyy-rechargeable-oxygen-concentrator-1-5l","status":"publish","type":"product","link":"https:\/\/broxtal.com\/fr\/produit\/jeauyy-rechargeable-oxygen-concentrator-1-5l\/","title":{"rendered":"Jeauyy Concentrateur d'oxyg\u00e8ne rechargeable 1-5L"},"content":{"rendered":"<div data-elementor-type=\"product-post\" data-elementor-id=\"39604\" class=\"elementor elementor-39604\" data-elementor-post-type=\"product\">\n\t\t\t\t<div class=\"elementor-element elementor-element-443fcd2 wd-section-stretch-content e-flex e-con-boxed e-con e-parent\" data-id=\"443fcd2\" data-element_type=\"container\">\n\t\t\t\t\t<div class=\"e-con-inner\">\n\t\t\t\t<div class=\"elementor-element elementor-element-9e5caa1 elementor-widget elementor-widget-html\" data-id=\"9e5caa1\" data-element_type=\"widget\" data-widget_type=\"html.default\">\n\t\t\t\t<div class=\"elementor-widget-container\">\n\t\t\t\t\t<style>\n#ecom-redesign-wrapper { font-family: 'Poppins', system-ui, -apple-system, sans-serif; color: #0B1C3E; background: #FFFFFF; line-height: 1.6; overflow-x: hidden; } #ecom-redesign-wrapper h1, #ecom-redesign-wrapper h2, #ecom-redesign-wrapper h3 { font-weight: 700; line-height: 1.1; margin-bottom: 1.5rem; } #ecom-redesign-wrapper h2 { font-size: 2.5rem; } #ecom-redesign-wrapper p { margin-bottom: 1.5rem; color: #4A5568; } #ecom-redesign-wrapper .container-split { max-width: 1200px; margin: 0 auto; display: flex; align-items: center; padding: 80px 20px; gap: 60px; } #ecom-redesign-wrapper .content-side { flex: 1; } #ecom-redesign-wrapper .image-side { flex: 1; } #ecom-redesign-wrapper .image-container { background: #FFFFFF; border-radius: 16px; overflow: hidden; box-shadow: 0 10px 40px rgba(11, 28, 62, 0.08); display: flex; align-items: center; justify-content: center; } #ecom-redesign-wrapper img { width: 100%; height: auto; display: block; object-fit: cover; } #ecom-redesign-wrapper .trust-badge-row { margin-bottom: 20px; } #ecom-redesign-wrapper .badge-item { display: inline-flex; align-items: center; background: #E3F2FD; padding: 8px 16px; border-radius: 50px; color: #0B1C3E; font-weight: 600; font-size: 0.9rem; gap: 8px; } #ecom-redesign-wrapper .hero-title { font-size: 3rem; } #ecom-redesign-wrapper .hero-subtitle { font-size: 1.2rem; } #ecom-redesign-wrapper .primary-btn { display: inline-block; background: #0B1C3E; color: #FFFFFF; padding: 18px 40px; border-radius: 50px; font-weight: 600; text-decoration: none; transition: transform 0.2s; } #ecom-redesign-wrapper .primary-btn:hover { transform: translateY(-2px); } #ecom-redesign-wrapper .stock-indicator { margin-top: 15px; font-size: 0.9rem; display: flex; align-items: center; gap: 8px; } #ecom-redesign-wrapper .pulse { width: 8px; height: 8px; background: #10B981; border-radius: 50%; animation: pulse-animation 2s infinite; } @keyframes pulse-animation { 0% { box-shadow: 0 0 0 0 rgba(16, 185, 129, 0.7); } 70% { box-shadow: 0 0 0 10px rgba(16, 185, 129, 0); } 100% { box-shadow: 0 0 0 0 rgba(16, 185, 129, 0); } } #ecom-redesign-wrapper .feature-grid-section { background: #F4F7F9; padding: 80px 20px; } #ecom-redesign-wrapper .grid-container { max-width: 1200px; margin: 0 auto; display: grid; grid-template-columns: repeat(4, 1fr); gap: 30px; } #ecom-redesign-wrapper .feature-card { background: #FFFFFF; padding: 40px 30px; border-radius: 16px; text-align: left; } #ecom-redesign-wrapper .icon-box { background: #E3F2FD; width: 56px; height: 56px; border-radius: 12px; display: flex; align-items: center; justify-content: center; margin-bottom: 20px; } #ecom-redesign-wrapper .alternate-bg { background: #F4F7F9; } #ecom-redesign-wrapper .benefit-list { list-style: none; padding: 0; } #ecom-redesign-wrapper .benefit-list li { margin-bottom: 12px; padding-left: 28px; position: relative; font-weight: 500; } #ecom-redesign-wrapper .benefit-list li::before { content: url(\"data:image\/svg+xml,%3Csvg xmlns='http:\/\/www.w3.org\/2000\/svg' width='18' height='18' viewBox='0 0 24 24' fill='none' stroke='%230B1C3E' stroke-width='3' stroke-linecap='round' stroke-linejoin='round'%3E%3Cpolyline points='20 6 9 17 4 12'%3E%3C\/polyline%3E%3C\/svg%3E\"); position: absolute; left: 0; top: 2px; } #ecom-redesign-wrapper .package-grid { display: flex; gap: 40px; margin-top: 20px; } #ecom-redesign-wrapper .package-grid ul { list-style: none; padding: 0; } #ecom-redesign-wrapper .package-grid li { margin-bottom: 10px; color: #4A5568; } #ecom-redesign-wrapper .specs-section { padding: 80px 20px; max-width: 1000px; margin: 0 auto; } #ecom-redesign-wrapper .table-wrapper { background: #FFFFFF; border-radius: 16px; border: 1px solid #E2E8F0; overflow: hidden; } #ecom-redesign-wrapper table { width: 100%; border-collapse: collapse; } #ecom-redesign-wrapper th, #ecom-redesign-wrapper td { padding: 16px 24px; text-align: left; border-bottom: 1px solid #F4F7F9; } #ecom-redesign-wrapper th { background: #F4F7F9; color: #0B1C3E; font-weight: 700; } #ecom-redesign-wrapper .faq-section { max-width: 800px; margin: 0 auto 80px auto; padding: 0 20px; } #ecom-redesign-wrapper .faq-item { margin-bottom: 30px; border-bottom: 1px solid #F4F7F9; padding-bottom: 20px; } #ecom-redesign-wrapper .faq-item h4 { margin-bottom: 10px; font-size: 1.1rem; } #ecom-redesign-wrapper .final-cta-section { padding: 0 20px 80px; } #ecom-redesign-wrapper .cta-box { background: #0B1C3E; border-radius: 24px; padding: 80px 40px; text-align: center; color: #FFFFFF; } #ecom-redesign-wrapper .cta-box h2 { color: #FFFFFF; } #ecom-redesign-wrapper .cta-box p { color: #E3F2FD; font-size: 1.2rem; } #ecom-redesign-wrapper .secondary-btn { display: inline-block; background: #E3F2FD; color: #0B1C3E; padding: 18px 40px; border-radius: 50px; font-weight: 700; text-decoration: none; margin-top: 20px; } @media (max-width: 768px) { #ecom-redesign-wrapper .container-split { flex-direction: column; padding: 40px 20px; text-align: left; } #ecom-redesign-wrapper .reverse-desktop { flex-direction: column; } #ecom-redesign-wrapper .hero-title { font-size: 2.2rem; } #ecom-redesign-wrapper .grid-container { grid-template-columns: 1fr; } #ecom-redesign-wrapper .package-grid { flex-direction: column; gap: 0; } #ecom-redesign-wrapper .image-side { width: 100%; order: 2; } #ecom-redesign-wrapper .content-side { order: 1; } }\n  #ecom-redesign-wrapper .battery-hint {\n            margin-top: 25px; \n            padding: 18px 20px; \n            background: #E3F2FD; \n            border-left: 4px solid #0B1C3E; \n            border-radius: 8px;\n        }\n        #ecom-redesign-wrapper .battery-hint strong {\n            color: #0B1C3E;\n            font-size: 1.05rem;\n        }\n        #ecom-redesign-wrapper .battery-hint p {\n            margin-bottom: 0;\n            font-size: 0.95rem;\n            margin-top: 5px;\n        }\n<\/style>\n\n<div id=\"ecom-redesign-wrapper\"><section class=\"hero-section\"><div class=\"container-split\"><div class=\"content-side\"><div class=\"trust-badge-row\"><div class=\"badge-item\"><svg width=\"16\" height=\"16\" viewbox=\"0 0 24 24\" fill=\"none\" stroke=\"#0B1C3E\" stroke-width=\"2\" stroke-linecap=\"round\" stroke-linejoin=\"round\"><path d=\"M12 22s8-4 8-10V5l-8-3-8 3v7c0 6 8 10 8 10z\"\/><\/svg><span>Certifi\u00e9 CE de qualit\u00e9 m\u00e9dicale<\/span><\/div><\/div><h1 class=\"hero-title\">Respirez librement, n'importe o\u00f9. L'ultime libert\u00e9 de l'oxyg\u00e9noth\u00e9rapie.<\/h1><p class=\"hero-subtitle\">Faites l'exp\u00e9rience de l'ind\u00e9pendance que vous m\u00e9ritez avec le concentrateur d'oxyg\u00e8ne rechargeable Jeauyy. La puret\u00e9 du 93% de qualit\u00e9 m\u00e9dicale dans un design l\u00e9ger, pr\u00eat \u00e0 voyager.<\/p><div class=\"cta-group\"><a href=\"#\" class=\"primary-btn\">Obtenez le v\u00f4tre maintenant<\/a><div class=\"stock-indicator\"><span class=\"pulse\"><\/span> Pr\u00eat \u00e0 \u00eatre exp\u00e9di\u00e9 au Royaume-Uni et en Europe<\/div><\/div><\/div><div class=\"image-side\"><div class=\"image-container\"><img decoding=\"async\" src=\"https:\/\/broxtal.com\/wp-content\/uploads\/2026\/03\/13.webp\" alt=\"Rechargeable Oxygen Concentrator\"><\/div><\/div><\/div><\/section><section class=\"feature-grid-section\"><div class=\"grid-container\"><div class=\"feature-card\"><div class=\"icon-box\"><svg width=\"28\" height=\"28\" viewbox=\"0 0 24 24\" fill=\"none\" stroke=\"#0B1C3E\" stroke-width=\"1.5\" stroke-linecap=\"round\" stroke-linejoin=\"round\"><path d=\"M12 2v20M17 5H9.5a3.5 3.5 0 0 0 0 7h5a3.5 3.5 0 0 1 0 7H6\"\/><\/svg><\/div><h3>93% Puret\u00e9<\/h3><p>Concentration d'oxyg\u00e8ne de qualit\u00e9 m\u00e9dicale (93\u00b13%) garantissant une th\u00e9rapie efficace \u00e0 chaque respiration.<\/p><\/div><div class=\"feature-card\"><div class=\"icon-box\"><svg width=\"28\" height=\"28\" viewbox=\"0 0 24 24\" fill=\"none\" stroke=\"#0B1C3E\" stroke-width=\"1.5\" stroke-linecap=\"round\" stroke-linejoin=\"round\"><rect x=\"2\" y=\"7\" width=\"16\" height=\"10\" rx=\"2\" ry=\"2\"\/><path d=\"M22 11v2\"\/><\/svg><\/div><h3>Batterie de 8 heures<\/h3><p>La batterie haute capacit\u00e9 de 6600mAh permet une utilisation prolong\u00e9e en ext\u00e9rieur et un voyage sans souci.<\/p><\/div><div class=\"feature-card\"><div class=\"icon-box\"><svg width=\"28\" height=\"28\" viewbox=\"0 0 24 24\" fill=\"none\" stroke=\"#0B1C3E\" stroke-width=\"1.5\" stroke-linecap=\"round\" stroke-linejoin=\"round\"><circle cx=\"12\" cy=\"12\" r=\"10\"\/><path d=\"M12 6v6l4 2\"\/><\/svg><\/div><h3>Minuterie intelligente<\/h3><p>Arr\u00eat automatique int\u00e9gr\u00e9 de 1 \u00e0 240 minutes - id\u00e9al pour une utilisation de nuit en toute s\u00e9curit\u00e9 pendant le sommeil.<\/p><\/div><div class=\"feature-card\"><div class=\"icon-box\"><svg width=\"28\" height=\"28\" viewbox=\"0 0 24 24\" fill=\"none\" stroke=\"#0B1C3E\" stroke-width=\"1.5\" stroke-linecap=\"round\" stroke-linejoin=\"round\"><path d=\"m3 11 18-5v12L3 14v-3z\"\/><path d=\"M11.6 16.8a3 3 0 1 1-5.8-1.6\"\/><\/svg><\/div><h3>Alarmes de s\u00e9curit\u00e9<\/h3><p>Surveillance en temps r\u00e9el de la batterie faible, de la d\u00e9tection de l'absence de respiration et de la temp\u00e9rature \u00e9lev\u00e9e.<\/p><\/div><\/div><\/section><section class=\"split-detail-section\"><div class=\"container-split\"><div class=\"content-side\"><h2>Fiable \u00e0 4 000 m d'altitude<\/h2><p>Des randonn\u00e9es en montagne aux longs vols panoramiques, respirez tranquillement en sachant que votre concentrateur fournit une production d'oxyg\u00e8ne stable et de qualit\u00e9 m\u00e9dicale (concentration sup\u00e9rieure \u00e0 90%) \u00e0 des altitudes allant jusqu'\u00e0 4 000 m\u00e8tres.<\/p>\n <div class=\"battery-hint\">\n                <strong>\ud83d\udca1 Prolongez votre aventure<\/strong>\n                <p>Vous pr\u00e9voyez un voyage plus long ? Nous proposons \u00e9galement une offre group\u00e9e am\u00e9lior\u00e9e comprenant <strong>deux piles<\/strong>. Doublez votre temps de travail continu et explorez davantage en toute tranquillit\u00e9 d'esprit.<\/p>\n            <\/div>\n<\/div><div class=\"image-side\"><div class=\"image-container\"><img decoding=\"async\" src=\"https:\/\/broxtal.com\/wp-content\/uploads\/2026\/03\/16.webp\" alt=\"Adjustable Oxygen Flow\"><\/div><\/div><\/div><\/section>\n<section class=\"split-detail-section\">\n    <div class=\"container-split\">\n       \n        <div class=\"image-side\">\n            <div class=\"image-container\">\n              \n                <img decoding=\"async\" src=\"https:\/\/broxtal.com\/wp-content\/uploads\/2026\/03\/9.webp\" alt=\"High Altitude Performance and Power Options\">\n            <\/div>\n        <\/div>\n\n        <div class=\"content-side\">\n            <h2>Contr\u00f4le intelligent du d\u00e9bit d'oxyg\u00e8ne<\/h2>\n            <p>Adaptez votre th\u00e9rapie \u00e0 vos besoins exacts gr\u00e2ce \u00e0 un d\u00e9bit r\u00e9glable de 1 \u00e0 5 L\/min. Que vous vous reposiez ou que vous pratiquiez une activit\u00e9 l\u00e9g\u00e8re, le concentrateur d'oxyg\u00e8ne rechargeable s'adapte \u00e0 votre rythme en toute transparence.\n            <\/p>\n            <ul class=\"benefit-list\"><li>Sortie r\u00e9glable 1-5L\/min<\/li><li>Performance de qualit\u00e9 hospitali\u00e8re<\/li><li>Interface conviviale<\/li><\/ul>\n          \n           \n        <\/div>\n    <\/div>\n<\/section>\n\n\n<section class=\"split-detail-section alternate-bg\"><div class=\"container-split reverse-desktop\"><div class=\"content-side\"><h2>Fonctionnement silencieux<\/h2><p>Con\u00e7u pour la discr\u00e9tion. Avec moins de 50 dB, cet appareil portable vous permet de maintenir votre niveau d'oxyg\u00e8ne lors d'\u00e9v\u00e9nements sociaux, au cin\u00e9ma ou pendant votre sommeil, sans vous d\u00e9ranger ni d\u00e9ranger les autres.<\/p><\/div><div class=\"image-side\"><div class=\"image-container\"><img decoding=\"async\" src=\"https:\/\/broxtal.com\/wp-content\/uploads\/2026\/03\/15.webp\" alt=\"Quiet Operation\"><\/div><\/div><\/div><\/section>\n<section class=\"video-section\" style=\"padding: 80px 20px; background: #F4F7F9; text-align: center;\">\n    <style>\n        #ecom-redesign-wrapper .video-section-header { \n            margin-bottom: 40px; \n            padding: 0 20px;\n        }\n        #ecom-redesign-wrapper .video-section-header h2 { \n            font-size: 2.5rem; \n            color: #0B1C3E; \n            margin-bottom: 15px; \n            font-weight: 700;\n        }\n        #ecom-redesign-wrapper .video-section-header p { \n            font-size: 1.1rem; \n            color: #4A5568; \n            max-width: 650px; \n            margin: 0 auto; \n            line-height: 1.6;\n        }\n        #ecom-redesign-wrapper .video-wrapper { \n            max-width: 600px; \n            margin: 0 auto; \n            border-radius: 16px; \n            overflow: hidden; \n            box-shadow: 0 10px 40px rgba(11, 28, 62, 0.08); \n            background: #000000; \n        }\n        #ecom-redesign-wrapper .video-wrapper video { \n            width: 100%; \n            height: auto; \n            display: block; \n            object-fit: cover; \n            aspect-ratio: 1 \/ 1; \n        }\n        @media (max-width: 768px) { \n            #ecom-redesign-wrapper .video-section { \n                padding: 40px 20px !important; \n            }\n            #ecom-redesign-wrapper .video-section-header h2 { \n                font-size: 2rem; \n            }\n        }\n    <\/style>\n\n    <div class=\"video-section-header\">\n        <h2>Voyez comme c'est simple<\/h2>\n        <p>Regardez notre guide d'introduction rapide pour apprendre tout ce que vous devez savoir sur l'installation et l'utilisation de votre nouveau concentrateur d'oxyg\u00e8ne portable pour une libert\u00e9 maximale.<\/p>\n    <\/div>\n\n    <div class=\"video-wrapper\">\n        <video src=\"https:\/\/broxtal.com\/wp-content\/uploads\/2026\/03\/JY-P5A.mp4\" autoplay loop muted playsinline><\/video>\n    <\/div>\n<\/section>\n\n<section class=\"package-section\"><div class=\"container-split\"><div class=\"content-side\"><h2>Kit de voyage complet<\/h2><p>Tout ce dont vous avez besoin pour la th\u00e9rapie mobile est inclus dans un paquet professionnel. Pas de co\u00fbts cach\u00e9s, juste une libert\u00e9 totale.<\/p><div class=\"package-grid\"><ul><li><strong>1x<\/strong> Concentrateur d'oxyg\u00e8ne portable<\/li><li><strong>1x<\/strong> Sac \u00e0 dos de voyage personnalis\u00e9<\/li><li><strong>1x<\/strong> Batterie lithium amovible<\/li><li><strong>1x<\/strong> Cordon d'alimentation de la voiture (DC)<\/li><\/ul><ul><li><strong>1x<\/strong> Adaptateur de courant alternatif<\/li><li><strong>2x<\/strong> Inhalateurs jetables<\/li><li><strong>1x<\/strong> Manuel de l'utilisateur<\/li><\/ul><\/div><\/div><div class=\"image-side\"><div class=\"image-container\"><img decoding=\"async\" src=\"https:\/\/broxtal.com\/wp-content\/uploads\/2026\/03\/4-e1773741861592.webp\" alt=\"Package Includes\"><\/div><\/div><\/div><\/section><section class=\"specs-section\"><div class=\"specs-container\"><h2>Sp\u00e9cifications techniques<\/h2><div class=\"table-wrapper\"><table><thead><tr><th>Fonctionnalit\u00e9<\/th><th>Sp\u00e9cifications<\/th><\/tr><\/thead><tbody><tr><td>Puissance d'entr\u00e9e<\/td><td>DC 12~16.8V | AC 100~240V<\/td><\/tr><tr><td>Niveau de puret\u00e9<\/td><td>93 \u00b1 3%<\/td><\/tr><tr><td>D\u00e9bit<\/td><td>1-5 L\/min (r\u00e9glable)<\/td><\/tr><tr><td>Poids<\/td><td>2,1 kg (4,63 lb)<\/td><\/tr><tr><td>Dimensions<\/td><td>18,8 \u00d7 22 \u00d7 8,3 cm<\/td><\/tr><tr><td>Niveau de bruit<\/td><td>\u226450dB(A)<\/td><\/tr><tr><td>Certification<\/td><td>CE \/ Classe II S\u00e9curit\u00e9 \u00e9lectrique<\/td><\/tr><\/tbody><\/table><\/div><\/div><\/section><section class=\"faq-section\"><h2>Questions fr\u00e9quemment pos\u00e9es<\/h2><div class=\"faq-item\"><h4>Puis-je l'utiliser pendant qu'il se recharge dans ma voiture ?<\/h4><p>Oui. L'emballage comprend un cordon d'alimentation de voiture \u00e0 courant continu, qui vous permet de charger et d'utiliser l'appareil simultan\u00e9ment lors de vos d\u00e9placements.<\/p><\/div><div class=\"faq-item\"><h4>Cet appareil est-il adapt\u00e9 aux voyages en haute altitude ?<\/h4><p>Le concentrateur d'oxyg\u00e8ne rechargeable est con\u00e7u pour une utilisation standard en voyage, en randonn\u00e9e et en camping. Il assure une distribution d'oxyg\u00e8ne stable dans divers environnements.<\/p><\/div><div class=\"faq-item\"><h4>Comment entretenir la machine ?<\/h4><p>L'entretien est simple. V\u00e9rifiez r\u00e9guli\u00e8rement les filtres \u00e0 air et veillez \u00e0 ce que l'inhalateur jetable reste propre. Des instructions d\u00e9taill\u00e9es figurent dans le manuel d'utilisation.<\/p><\/div><\/section><section class=\"final-cta-section\"><div class=\"cta-box\"><h2>Retrouvez votre libert\u00e9 d\u00e8s aujourd'hui<\/h2><p>Ne laissez pas l'oxyg\u00e9noth\u00e9rapie vous confiner \u00e0 l'int\u00e9rieur. Commandez votre unit\u00e9 portable Jeauyy et recommencez \u00e0 explorer.<\/p><a href=\"#\" class=\"secondary-btn\">Commander maintenant - Livraison gratuite incluse<\/a><\/div><\/section><\/div>\t\t\t\t<\/div>\n\t\t\t\t<\/div>\n\t\t\t\t\t<\/div>\n\t\t\t\t<\/div>\n\t\t\t\t<\/div>","protected":false},"excerpt":{"rendered":"<ul>\n<li style=\"text-align: left;\">L\u00e9ger pour la maison ou les voyages.<\/li>\n<li class=\"p1\" style=\"text-align: left;\">D\u00e9bit d'oxyg\u00e8ne r\u00e9glable.<\/li>\n<li class=\"p1\" style=\"text-align: left;\">Batterie longue dur\u00e9e.<\/li>\n<\/ul>\n<p style=\"text-align: left;\">","protected":false},"featured_media":39632,"comment_status":"open","ping_status":"closed","template":"","meta":[],"product_brand":[],"product_cat":[279,286,1761,1818,1719],"product_tag":[],"class_list":{"0":"post-39604","1":"product","2":"type-product","3":"status-publish","4":"has-post-thumbnail","6":"product_cat-electronics","7":"product_cat-health-wellness","8":"product_cat-oxygen-concentrators","9":"product_cat-portable-oxygen-machine","10":"product_cat-respiratory-care-oxygen-therapy","12":"first","13":"instock","14":"shipping-taxable","15":"purchasable","16":"product-type-variable"},"_links":{"self":[{"href":"https:\/\/broxtal.com\/fr\/wp-json\/wp\/v2\/product\/39604","targetHints":{"allow":["GET"]}}],"collection":[{"href":"https:\/\/broxtal.com\/fr\/wp-json\/wp\/v2\/product"}],"about":[{"href":"https:\/\/broxtal.com\/fr\/wp-json\/wp\/v2\/types\/product"}],"replies":[{"embeddable":true,"href":"https:\/\/broxtal.com\/fr\/wp-json\/wp\/v2\/comments?post=39604"}],"version-history":[{"count":24,"href":"https:\/\/broxtal.com\/fr\/wp-json\/wp\/v2\/product\/39604\/revisions"}],"predecessor-version":[{"id":39666,"href":"https:\/\/broxtal.com\/fr\/wp-json\/wp\/v2\/product\/39604\/revisions\/39666"}],"wp:featuredmedia":[{"embeddable":true,"href":"https:\/\/broxtal.com\/fr\/wp-json\/wp\/v2\/media\/39632"}],"wp:attachment":[{"href":"https:\/\/broxtal.com\/fr\/wp-json\/wp\/v2\/media?parent=39604"}],"wp:term":[{"taxonomy":"product_brand","embeddable":true,"href":"https:\/\/broxtal.com\/fr\/wp-json\/wp\/v2\/product_brand?post=39604"},{"taxonomy":"product_cat","embeddable":true,"href":"https:\/\/broxtal.com\/fr\/wp-json\/wp\/v2\/product_cat?post=39604"},{"taxonomy":"product_tag","embeddable":true,"href":"https:\/\/broxtal.com\/fr\/wp-json\/wp\/v2\/product_tag?post=39604"}],"curies":[{"name":"wp","href":"https:\/\/api.w.org\/{rel}","templated":true}]}}