{"id":24487,"date":"2023-10-05T11:37:28","date_gmt":"2023-10-05T10:37:28","guid":{"rendered":"https:\/\/broxtal.com\/?post_type=product&#038;p=24487"},"modified":"2026-01-09T01:01:45","modified_gmt":"2026-01-09T01:01:45","slug":"waterproof-bed-bug-mattress-protector-cover","status":"publish","type":"product","link":"https:\/\/broxtal.com\/it\/prodotto\/waterproof-bed-bug-mattress-protector-cover\/","title":{"rendered":"Coprimaterasso impermeabile contro le cimici dei letti"},"content":{"rendered":"<h1 style=\"text-align: center;\">Protezione impermeabile Premium per materassi contro le cimici dei letti!<\/h1>\n<p style=\"text-align: center;\">Scoprite la soluzione pi\u00f9 avanzata per la protezione del materasso con il nostro coprimaterasso impermeabile Premium Bed Bug Protector. Progettato per salvaguardare il vostro investimento, questo coprimaterasso offre caratteristiche imbattibili che lo distinguono dalla concorrenza.<\/p>\n<p>&nbsp;<\/p>\n<p><img fetchpriority=\"high\" decoding=\"async\" class=\"size-full wp-image-24490 aligncenter\" src=\"https:\/\/broxtal.com\/wp-content\/uploads\/2023\/10\/My-Video27.gif\" alt=\"\" width=\"640\" height=\"360\" \/><\/p>\n<p>&nbsp;<\/p>\n<p style=\"text-align: center;\">Il nostro coprimaterasso impermeabile contro le cimici dei letti \u00e8 <strong>la scelta perfetta per mantenere il materasso pulito, asciutto e libero da insetti.<\/strong> Realizzato con una miscela di <strong>materiali di alta qualit\u00e0<\/strong>Il materasso \u00e8 un prodotto che combina un'impermeabilit\u00e0 superiore con il comfort del cotone e la durata del tessuto non tessuto e della microfibra. Questa protezione \u00e8 uno scudo affidabile contro fuoriuscite, macchie e parassiti indesiderati, assicurando che il vostro materasso rimanga fresco e accogliente per gli anni a venire.<\/p>\n<p>&nbsp;<\/p>\n<p><img decoding=\"async\" class=\"size-full wp-image-24492 aligncenter\" src=\"https:\/\/broxtal.com\/wp-content\/uploads\/2023\/10\/telechargement-2023-10-05T104223.242.jpg\" alt=\"\" width=\"1200\" height=\"1200\" srcset=\"https:\/\/broxtal.com\/wp-content\/uploads\/2023\/10\/telechargement-2023-10-05T104223.242.jpg 1200w, https:\/\/broxtal.com\/wp-content\/uploads\/2023\/10\/telechargement-2023-10-05T104223.242-600x600.jpg 600w, https:\/\/broxtal.com\/wp-content\/uploads\/2023\/10\/telechargement-2023-10-05T104223.242-150x150.jpg 150w, https:\/\/broxtal.com\/wp-content\/uploads\/2023\/10\/telechargement-2023-10-05T104223.242-300x300.jpg 300w, https:\/\/broxtal.com\/wp-content\/uploads\/2023\/10\/telechargement-2023-10-05T104223.242-800x800.jpg 800w, https:\/\/broxtal.com\/wp-content\/uploads\/2023\/10\/telechargement-2023-10-05T104223.242-768x768.jpg 768w, https:\/\/broxtal.com\/wp-content\/uploads\/2023\/10\/telechargement-2023-10-05T104223.242-860x860.jpg 860w, https:\/\/broxtal.com\/wp-content\/uploads\/2023\/10\/telechargement-2023-10-05T104223.242-60x60.jpg 60w, https:\/\/broxtal.com\/wp-content\/uploads\/2023\/10\/telechargement-2023-10-05T104223.242-110x110.jpg 110w, https:\/\/broxtal.com\/wp-content\/uploads\/2023\/10\/telechargement-2023-10-05T104223.242-700x700.jpg 700w, https:\/\/broxtal.com\/wp-content\/uploads\/2023\/10\/telechargement-2023-10-05T104223.242-32x32.jpg 32w, https:\/\/broxtal.com\/wp-content\/uploads\/2023\/10\/telechargement-2023-10-05T104223.242-64x64.jpg 64w\" sizes=\"(max-width: 1200px) 100vw, 1200px\" \/><\/p>\n<p>&nbsp;<\/p>\n<h2>La nostra protezione per materasso contro le cimici dei letti \u00e8 caratterizzata da:<\/h2>\n<h4>Impermeabile e resistente<\/h4>\n<p>Il nostro coprimaterasso non \u00e8 solo impermeabile, ma anche incredibilmente resistente. Lo strato impermeabile in TPU respinge efficacemente i liquidi, mantenendo il materasso al sicuro da fuoriuscite, macchie e incidenti. Dite addio alla preoccupazione di un materasso rovinato.<\/p>\n<p>&nbsp;<\/p>\n<p><img decoding=\"async\" class=\"size-full wp-image-24493 aligncenter\" src=\"https:\/\/broxtal.com\/wp-content\/uploads\/2023\/10\/telechargement-2023-10-05T104225.740.jpg\" alt=\"\" width=\"1000\" height=\"1000\" srcset=\"https:\/\/broxtal.com\/wp-content\/uploads\/2023\/10\/telechargement-2023-10-05T104225.740.jpg 1000w, https:\/\/broxtal.com\/wp-content\/uploads\/2023\/10\/telechargement-2023-10-05T104225.740-600x600.jpg 600w, https:\/\/broxtal.com\/wp-content\/uploads\/2023\/10\/telechargement-2023-10-05T104225.740-150x150.jpg 150w, https:\/\/broxtal.com\/wp-content\/uploads\/2023\/10\/telechargement-2023-10-05T104225.740-300x300.jpg 300w, https:\/\/broxtal.com\/wp-content\/uploads\/2023\/10\/telechargement-2023-10-05T104225.740-800x800.jpg 800w, https:\/\/broxtal.com\/wp-content\/uploads\/2023\/10\/telechargement-2023-10-05T104225.740-768x768.jpg 768w, https:\/\/broxtal.com\/wp-content\/uploads\/2023\/10\/telechargement-2023-10-05T104225.740-860x860.jpg 860w, https:\/\/broxtal.com\/wp-content\/uploads\/2023\/10\/telechargement-2023-10-05T104225.740-60x60.jpg 60w, https:\/\/broxtal.com\/wp-content\/uploads\/2023\/10\/telechargement-2023-10-05T104225.740-110x110.jpg 110w, https:\/\/broxtal.com\/wp-content\/uploads\/2023\/10\/telechargement-2023-10-05T104225.740-700x700.jpg 700w, https:\/\/broxtal.com\/wp-content\/uploads\/2023\/10\/telechargement-2023-10-05T104225.740-32x32.jpg 32w, https:\/\/broxtal.com\/wp-content\/uploads\/2023\/10\/telechargement-2023-10-05T104225.740-64x64.jpg 64w\" sizes=\"(max-width: 1000px) 100vw, 1000px\" \/><\/p>\n<h3>Montaggio sicuro<\/h3>\n<p>Grazie a un elastico, la nostra protezione rimane saldamente in posizione. Non scivola pi\u00f9 durante la notte: godetevi un sonno confortevole e tranquillo senza interruzioni.<\/p>\n<p><img loading=\"lazy\" decoding=\"async\" class=\"size-full wp-image-24495 aligncenter\" src=\"https:\/\/broxtal.com\/wp-content\/uploads\/2023\/10\/S6edea06062aa4911b7457d93f65bfe29v.webp\" alt=\"\" width=\"750\" height=\"845\" srcset=\"https:\/\/broxtal.com\/wp-content\/uploads\/2023\/10\/S6edea06062aa4911b7457d93f65bfe29v.webp 750w, https:\/\/broxtal.com\/wp-content\/uploads\/2023\/10\/S6edea06062aa4911b7457d93f65bfe29v-600x676.webp 600w, https:\/\/broxtal.com\/wp-content\/uploads\/2023\/10\/S6edea06062aa4911b7457d93f65bfe29v-150x169.webp 150w, https:\/\/broxtal.com\/wp-content\/uploads\/2023\/10\/S6edea06062aa4911b7457d93f65bfe29v-266x300.webp 266w, https:\/\/broxtal.com\/wp-content\/uploads\/2023\/10\/S6edea06062aa4911b7457d93f65bfe29v-710x800.webp 710w, https:\/\/broxtal.com\/wp-content\/uploads\/2023\/10\/S6edea06062aa4911b7457d93f65bfe29v-60x68.webp 60w, https:\/\/broxtal.com\/wp-content\/uploads\/2023\/10\/S6edea06062aa4911b7457d93f65bfe29v-110x124.webp 110w, https:\/\/broxtal.com\/wp-content\/uploads\/2023\/10\/S6edea06062aa4911b7457d93f65bfe29v-700x789.webp 700w\" sizes=\"(max-width: 750px) 100vw, 750px\" \/><\/p>\n<h3>Materiali pregiati<\/h3>\n<p>Abbiamo selezionato meticolosamente i materiali per garantire il massimo comfort e la massima durata. Grazie a una miscela di cotone, tessuto non tessuto e microfibra, questa fodera \u00e8 morbida sulla pelle e fornisce una barriera protettiva per il materasso.<\/p>\n<p>&nbsp;<\/p>\n<p><img loading=\"lazy\" decoding=\"async\" class=\"size-full wp-image-24494 aligncenter\" src=\"https:\/\/broxtal.com\/wp-content\/uploads\/2023\/10\/S9a5f5f0ec98f4828889d2a62c46d7c053.webp\" alt=\"\" width=\"750\" height=\"845\" srcset=\"https:\/\/broxtal.com\/wp-content\/uploads\/2023\/10\/S9a5f5f0ec98f4828889d2a62c46d7c053.webp 750w, https:\/\/broxtal.com\/wp-content\/uploads\/2023\/10\/S9a5f5f0ec98f4828889d2a62c46d7c053-600x676.webp 600w, https:\/\/broxtal.com\/wp-content\/uploads\/2023\/10\/S9a5f5f0ec98f4828889d2a62c46d7c053-150x169.webp 150w, https:\/\/broxtal.com\/wp-content\/uploads\/2023\/10\/S9a5f5f0ec98f4828889d2a62c46d7c053-266x300.webp 266w, https:\/\/broxtal.com\/wp-content\/uploads\/2023\/10\/S9a5f5f0ec98f4828889d2a62c46d7c053-710x800.webp 710w, https:\/\/broxtal.com\/wp-content\/uploads\/2023\/10\/S9a5f5f0ec98f4828889d2a62c46d7c053-60x68.webp 60w, https:\/\/broxtal.com\/wp-content\/uploads\/2023\/10\/S9a5f5f0ec98f4828889d2a62c46d7c053-110x124.webp 110w, https:\/\/broxtal.com\/wp-content\/uploads\/2023\/10\/S9a5f5f0ec98f4828889d2a62c46d7c053-700x789.webp 700w\" sizes=\"(max-width: 750px) 100vw, 750px\" \/><\/p>\n<p>&nbsp;<\/p>\n<h2>Specifiche tecniche<\/h2>\n<h3>Materiali:<\/h3>\n<ul>\n<li>Strato impermeabile in TPU<\/li>\n<li>Superficie in cotone<\/li>\n<li>Tessuto non tessuto<\/li>\n<li>Imbottitura in microfibra<\/li>\n<\/ul>\n<p>&nbsp;<\/p>\n<p><img loading=\"lazy\" decoding=\"async\" class=\"size-full wp-image-24496 aligncenter\" src=\"https:\/\/broxtal.com\/wp-content\/uploads\/2023\/10\/telechargement-2023-10-05T104233.324.jpg\" alt=\"\" width=\"1000\" height=\"1000\" srcset=\"https:\/\/broxtal.com\/wp-content\/uploads\/2023\/10\/telechargement-2023-10-05T104233.324.jpg 1000w, https:\/\/broxtal.com\/wp-content\/uploads\/2023\/10\/telechargement-2023-10-05T104233.324-600x600.jpg 600w, https:\/\/broxtal.com\/wp-content\/uploads\/2023\/10\/telechargement-2023-10-05T104233.324-150x150.jpg 150w, https:\/\/broxtal.com\/wp-content\/uploads\/2023\/10\/telechargement-2023-10-05T104233.324-300x300.jpg 300w, https:\/\/broxtal.com\/wp-content\/uploads\/2023\/10\/telechargement-2023-10-05T104233.324-800x800.jpg 800w, https:\/\/broxtal.com\/wp-content\/uploads\/2023\/10\/telechargement-2023-10-05T104233.324-768x768.jpg 768w, https:\/\/broxtal.com\/wp-content\/uploads\/2023\/10\/telechargement-2023-10-05T104233.324-860x860.jpg 860w, https:\/\/broxtal.com\/wp-content\/uploads\/2023\/10\/telechargement-2023-10-05T104233.324-60x60.jpg 60w, https:\/\/broxtal.com\/wp-content\/uploads\/2023\/10\/telechargement-2023-10-05T104233.324-110x110.jpg 110w, https:\/\/broxtal.com\/wp-content\/uploads\/2023\/10\/telechargement-2023-10-05T104233.324-700x700.jpg 700w, https:\/\/broxtal.com\/wp-content\/uploads\/2023\/10\/telechargement-2023-10-05T104233.324-32x32.jpg 32w, https:\/\/broxtal.com\/wp-content\/uploads\/2023\/10\/telechargement-2023-10-05T104233.324-64x64.jpg 64w\" sizes=\"(max-width: 1000px) 100vw, 1000px\" \/><\/p>\n<h3><\/h3>\n<p>&nbsp;<\/p>\n<h3>La confezione include:<\/h3>\n<ul>\n<li>1 pezzo di lenzuolo matrimoniale (senza federa)<\/li>\n<\/ul>\n<p>&nbsp;<\/p>\n<p><img loading=\"lazy\" decoding=\"async\" class=\"size-full wp-image-24497 aligncenter\" src=\"https:\/\/broxtal.com\/wp-content\/uploads\/2023\/10\/telechargement-2023-10-05T104230.078.jpg\" alt=\"\" width=\"1200\" height=\"1200\" srcset=\"https:\/\/broxtal.com\/wp-content\/uploads\/2023\/10\/telechargement-2023-10-05T104230.078.jpg 1200w, https:\/\/broxtal.com\/wp-content\/uploads\/2023\/10\/telechargement-2023-10-05T104230.078-600x600.jpg 600w, https:\/\/broxtal.com\/wp-content\/uploads\/2023\/10\/telechargement-2023-10-05T104230.078-150x150.jpg 150w, https:\/\/broxtal.com\/wp-content\/uploads\/2023\/10\/telechargement-2023-10-05T104230.078-300x300.jpg 300w, https:\/\/broxtal.com\/wp-content\/uploads\/2023\/10\/telechargement-2023-10-05T104230.078-800x800.jpg 800w, https:\/\/broxtal.com\/wp-content\/uploads\/2023\/10\/telechargement-2023-10-05T104230.078-768x768.jpg 768w, https:\/\/broxtal.com\/wp-content\/uploads\/2023\/10\/telechargement-2023-10-05T104230.078-860x860.jpg 860w, https:\/\/broxtal.com\/wp-content\/uploads\/2023\/10\/telechargement-2023-10-05T104230.078-60x60.jpg 60w, https:\/\/broxtal.com\/wp-content\/uploads\/2023\/10\/telechargement-2023-10-05T104230.078-110x110.jpg 110w, https:\/\/broxtal.com\/wp-content\/uploads\/2023\/10\/telechargement-2023-10-05T104230.078-700x700.jpg 700w, https:\/\/broxtal.com\/wp-content\/uploads\/2023\/10\/telechargement-2023-10-05T104230.078-32x32.jpg 32w, https:\/\/broxtal.com\/wp-content\/uploads\/2023\/10\/telechargement-2023-10-05T104230.078-64x64.jpg 64w\" sizes=\"(max-width: 1200px) 100vw, 1200px\" \/> <img loading=\"lazy\" decoding=\"async\" class=\"size-full wp-image-24498 aligncenter\" src=\"https:\/\/broxtal.com\/wp-content\/uploads\/2023\/10\/telechargement-2023-10-05T104227.887.jpg\" alt=\"\" width=\"1200\" height=\"1200\" srcset=\"https:\/\/broxtal.com\/wp-content\/uploads\/2023\/10\/telechargement-2023-10-05T104227.887.jpg 1200w, https:\/\/broxtal.com\/wp-content\/uploads\/2023\/10\/telechargement-2023-10-05T104227.887-600x600.jpg 600w, https:\/\/broxtal.com\/wp-content\/uploads\/2023\/10\/telechargement-2023-10-05T104227.887-150x150.jpg 150w, https:\/\/broxtal.com\/wp-content\/uploads\/2023\/10\/telechargement-2023-10-05T104227.887-300x300.jpg 300w, https:\/\/broxtal.com\/wp-content\/uploads\/2023\/10\/telechargement-2023-10-05T104227.887-800x800.jpg 800w, https:\/\/broxtal.com\/wp-content\/uploads\/2023\/10\/telechargement-2023-10-05T104227.887-768x768.jpg 768w, https:\/\/broxtal.com\/wp-content\/uploads\/2023\/10\/telechargement-2023-10-05T104227.887-860x860.jpg 860w, https:\/\/broxtal.com\/wp-content\/uploads\/2023\/10\/telechargement-2023-10-05T104227.887-60x60.jpg 60w, https:\/\/broxtal.com\/wp-content\/uploads\/2023\/10\/telechargement-2023-10-05T104227.887-110x110.jpg 110w, https:\/\/broxtal.com\/wp-content\/uploads\/2023\/10\/telechargement-2023-10-05T104227.887-700x700.jpg 700w, https:\/\/broxtal.com\/wp-content\/uploads\/2023\/10\/telechargement-2023-10-05T104227.887-32x32.jpg 32w, https:\/\/broxtal.com\/wp-content\/uploads\/2023\/10\/telechargement-2023-10-05T104227.887-64x64.jpg 64w\" sizes=\"(max-width: 1200px) 100vw, 1200px\" \/><\/p>","protected":false},"excerpt":{"rendered":"<p>Premium Waterproof Bed Bug Mattress Protector! Discover the ultimate mattress protection solution with our Premium Waterproof Bed Bug Mattress Protector<\/p>","protected":false},"featured_media":24489,"comment_status":"open","ping_status":"closed","template":"","meta":[],"product_brand":[],"product_cat":[1763],"product_tag":[],"class_list":{"0":"post-24487","1":"product","2":"type-product","3":"status-publish","4":"has-post-thumbnail","6":"product_cat-masks-accessories","8":"first","9":"instock","10":"shipping-taxable","11":"purchasable","12":"product-type-variable"},"_links":{"self":[{"href":"https:\/\/broxtal.com\/it\/wp-json\/wp\/v2\/product\/24487","targetHints":{"allow":["GET"]}}],"collection":[{"href":"https:\/\/broxtal.com\/it\/wp-json\/wp\/v2\/product"}],"about":[{"href":"https:\/\/broxtal.com\/it\/wp-json\/wp\/v2\/types\/product"}],"replies":[{"embeddable":true,"href":"https:\/\/broxtal.com\/it\/wp-json\/wp\/v2\/comments?post=24487"}],"version-history":[{"count":1,"href":"https:\/\/broxtal.com\/it\/wp-json\/wp\/v2\/product\/24487\/revisions"}],"predecessor-version":[{"id":39362,"href":"https:\/\/broxtal.com\/it\/wp-json\/wp\/v2\/product\/24487\/revisions\/39362"}],"wp:featuredmedia":[{"embeddable":true,"href":"https:\/\/broxtal.com\/it\/wp-json\/wp\/v2\/media\/24489"}],"wp:attachment":[{"href":"https:\/\/broxtal.com\/it\/wp-json\/wp\/v2\/media?parent=24487"}],"wp:term":[{"taxonomy":"product_brand","embeddable":true,"href":"https:\/\/broxtal.com\/it\/wp-json\/wp\/v2\/product_brand?post=24487"},{"taxonomy":"product_cat","embeddable":true,"href":"https:\/\/broxtal.com\/it\/wp-json\/wp\/v2\/product_cat?post=24487"},{"taxonomy":"product_tag","embeddable":true,"href":"https:\/\/broxtal.com\/it\/wp-json\/wp\/v2\/product_tag?post=24487"}],"curies":[{"name":"wp","href":"https:\/\/api.w.org\/{rel}","templated":true}]}}