{"id":24516,"date":"2023-10-05T12:46:59","date_gmt":"2023-10-05T11:46:59","guid":{"rendered":"https:\/\/broxtal.com\/?post_type=product&#038;p=24516"},"modified":"2026-01-09T01:01:37","modified_gmt":"2026-01-09T01:01:37","slug":"6-sides-fully-enclosed-waterproof-bed-bug-mattress-protector","status":"publish","type":"product","link":"https:\/\/broxtal.com\/it\/prodotto\/6-sides-fully-enclosed-waterproof-bed-bug-mattress-protector\/","title":{"rendered":"Protezioni impermeabili per materassi completamente chiuse contro le cimici dei letti"},"content":{"rendered":"<h1 style=\"text-align: center;\"><strong>La protezione perfetta per il materasso: Protezione impermeabile per materassi contro le cimici dei letti<\/strong><\/h1>\n<h3 style=\"text-align: center;\"><em>Sicurezza impareggiabile del materasso per ogni sonno<\/em><\/h3>\n<p style=\"text-align: center;\">Migliorate il vostro rifugio del sonno con la nostra protezione impermeabile per materassi contro le cimici. Realizzato per la massima protezione del materasso, questo innovativo prodotto garantisce che il vostro letto rimanga pulito, asciutto e privo di insetti, aumentando la longevit\u00e0 del vostro materasso e garantendovi un sonno riposante ogni notte.<\/p>\n<p style=\"text-align: center;\">Realizzato con cura e progettato per una protezione a tutto tondo, questo <strong>protezioni per materassi <\/strong>\u00a0\u00e8 la soluzione ideale per salvaguardare il vostro investimento: il vostro materasso. Dite addio alle preoccupazioni per le fuoriuscite, le macchie o le fastidiose cimici del letto; dite ciao a una buona notte di sonno, ogni notte.<\/p>\n<p>&nbsp;<\/p>\n<p><img fetchpriority=\"high\" decoding=\"async\" class=\"size-full wp-image-24562 aligncenter\" src=\"https:\/\/broxtal.com\/wp-content\/uploads\/2023\/10\/telechargement-2023-10-06T121239.902.jpg\" alt=\"\" width=\"800\" height=\"800\" srcset=\"https:\/\/broxtal.com\/wp-content\/uploads\/2023\/10\/telechargement-2023-10-06T121239.902.jpg 800w, https:\/\/broxtal.com\/wp-content\/uploads\/2023\/10\/telechargement-2023-10-06T121239.902-600x600.jpg 600w, https:\/\/broxtal.com\/wp-content\/uploads\/2023\/10\/telechargement-2023-10-06T121239.902-150x150.jpg 150w, https:\/\/broxtal.com\/wp-content\/uploads\/2023\/10\/telechargement-2023-10-06T121239.902-300x300.jpg 300w, https:\/\/broxtal.com\/wp-content\/uploads\/2023\/10\/telechargement-2023-10-06T121239.902-768x768.jpg 768w, https:\/\/broxtal.com\/wp-content\/uploads\/2023\/10\/telechargement-2023-10-06T121239.902-60x60.jpg 60w, https:\/\/broxtal.com\/wp-content\/uploads\/2023\/10\/telechargement-2023-10-06T121239.902-110x110.jpg 110w, https:\/\/broxtal.com\/wp-content\/uploads\/2023\/10\/telechargement-2023-10-06T121239.902-700x700.jpg 700w, https:\/\/broxtal.com\/wp-content\/uploads\/2023\/10\/telechargement-2023-10-06T121239.902-32x32.jpg 32w, https:\/\/broxtal.com\/wp-content\/uploads\/2023\/10\/telechargement-2023-10-06T121239.902-64x64.jpg 64w\" sizes=\"(max-width: 800px) 100vw, 800px\" \/><\/p>\n<h2><\/h2>\n<p>&nbsp;<\/p>\n<h2><strong>La protezione per materasso contro le cimici dei letti \u00e8 caratterizzata da:<\/strong><\/h2>\n<ol>\n<li><strong>\u00a0Impermeabilizzazione avanzata<\/strong> : Il nostro proteggi-materasso vanta un'impermeabilit\u00e0 su 6 lati, che garantisce una protezione completa da liquidi e fuoriuscite. Mantiene il materasso fresco e pulito, prolungandone la durata.<\/li>\n<li><strong>\u00a0Tessuto Premium<\/strong> : Il tessuto anteriore \u00e8 composto da fibra di poliestere 100%, che offre una superficie morbida e confortevole per il sonno. \u00c8 traspirante, assorbe l'umidit\u00e0 e resiste al pilling e allo sbiadimento, garantendo una qualit\u00e0 duratura.<\/li>\n<\/ol>\n<p><img decoding=\"async\" class=\"size-full wp-image-24564 aligncenter\" src=\"https:\/\/broxtal.com\/wp-content\/uploads\/2023\/10\/telechargement-2023-10-06T121238.131.jpg\" alt=\"\" width=\"800\" height=\"800\" srcset=\"https:\/\/broxtal.com\/wp-content\/uploads\/2023\/10\/telechargement-2023-10-06T121238.131.jpg 800w, https:\/\/broxtal.com\/wp-content\/uploads\/2023\/10\/telechargement-2023-10-06T121238.131-600x600.jpg 600w, https:\/\/broxtal.com\/wp-content\/uploads\/2023\/10\/telechargement-2023-10-06T121238.131-150x150.jpg 150w, https:\/\/broxtal.com\/wp-content\/uploads\/2023\/10\/telechargement-2023-10-06T121238.131-300x300.jpg 300w, https:\/\/broxtal.com\/wp-content\/uploads\/2023\/10\/telechargement-2023-10-06T121238.131-768x768.jpg 768w, https:\/\/broxtal.com\/wp-content\/uploads\/2023\/10\/telechargement-2023-10-06T121238.131-60x60.jpg 60w, https:\/\/broxtal.com\/wp-content\/uploads\/2023\/10\/telechargement-2023-10-06T121238.131-110x110.jpg 110w, https:\/\/broxtal.com\/wp-content\/uploads\/2023\/10\/telechargement-2023-10-06T121238.131-700x700.jpg 700w, https:\/\/broxtal.com\/wp-content\/uploads\/2023\/10\/telechargement-2023-10-06T121238.131-32x32.jpg 32w, https:\/\/broxtal.com\/wp-content\/uploads\/2023\/10\/telechargement-2023-10-06T121238.131-64x64.jpg 64w\" sizes=\"(max-width: 800px) 100vw, 800px\" \/><\/p>\n<p><img decoding=\"async\" class=\"size-full wp-image-24521 aligncenter\" src=\"https:\/\/broxtal.com\/wp-content\/uploads\/2023\/10\/H2149fe915f6c40129a3dc2d309ce58cfj.webp\" alt=\"\" width=\"790\" height=\"930\" srcset=\"https:\/\/broxtal.com\/wp-content\/uploads\/2023\/10\/H2149fe915f6c40129a3dc2d309ce58cfj.webp 790w, https:\/\/broxtal.com\/wp-content\/uploads\/2023\/10\/H2149fe915f6c40129a3dc2d309ce58cfj-600x706.webp 600w, https:\/\/broxtal.com\/wp-content\/uploads\/2023\/10\/H2149fe915f6c40129a3dc2d309ce58cfj-150x177.webp 150w, https:\/\/broxtal.com\/wp-content\/uploads\/2023\/10\/H2149fe915f6c40129a3dc2d309ce58cfj-255x300.webp 255w, https:\/\/broxtal.com\/wp-content\/uploads\/2023\/10\/H2149fe915f6c40129a3dc2d309ce58cfj-680x800.webp 680w, https:\/\/broxtal.com\/wp-content\/uploads\/2023\/10\/H2149fe915f6c40129a3dc2d309ce58cfj-768x904.webp 768w, https:\/\/broxtal.com\/wp-content\/uploads\/2023\/10\/H2149fe915f6c40129a3dc2d309ce58cfj-60x71.webp 60w, https:\/\/broxtal.com\/wp-content\/uploads\/2023\/10\/H2149fe915f6c40129a3dc2d309ce58cfj-110x129.webp 110w, https:\/\/broxtal.com\/wp-content\/uploads\/2023\/10\/H2149fe915f6c40129a3dc2d309ce58cfj-700x824.webp 700w\" sizes=\"(max-width: 790px) 100vw, 790px\" \/><\/p>\n<p>&nbsp;<\/p>\n<h2><strong>Specifiche tecniche<\/strong><\/h2>\n<ul>\n<li><strong>Tessuto anteriore:<\/strong> 100% Fibra di poliestere<\/li>\n<li><strong>Tessuto posteriore:<\/strong> Materiale TPU impermeabile<\/li>\n<li><strong>Cerniera:<\/strong> Cerniera invisibile<\/li>\n<li><strong>Grado:<\/strong> Eccellente (A+)<\/li>\n<li><strong>Impermeabile:<\/strong> 100%<\/li>\n<\/ul>\n<p>&nbsp;<\/p>\n<p><img loading=\"lazy\" decoding=\"async\" class=\"size-full wp-image-24563 aligncenter\" src=\"https:\/\/broxtal.com\/wp-content\/uploads\/2023\/10\/telechargement-2023-10-06T121240.691.jpg\" alt=\"\" width=\"800\" height=\"800\" srcset=\"https:\/\/broxtal.com\/wp-content\/uploads\/2023\/10\/telechargement-2023-10-06T121240.691.jpg 800w, https:\/\/broxtal.com\/wp-content\/uploads\/2023\/10\/telechargement-2023-10-06T121240.691-600x600.jpg 600w, https:\/\/broxtal.com\/wp-content\/uploads\/2023\/10\/telechargement-2023-10-06T121240.691-150x150.jpg 150w, https:\/\/broxtal.com\/wp-content\/uploads\/2023\/10\/telechargement-2023-10-06T121240.691-300x300.jpg 300w, https:\/\/broxtal.com\/wp-content\/uploads\/2023\/10\/telechargement-2023-10-06T121240.691-768x768.jpg 768w, https:\/\/broxtal.com\/wp-content\/uploads\/2023\/10\/telechargement-2023-10-06T121240.691-60x60.jpg 60w, https:\/\/broxtal.com\/wp-content\/uploads\/2023\/10\/telechargement-2023-10-06T121240.691-110x110.jpg 110w, https:\/\/broxtal.com\/wp-content\/uploads\/2023\/10\/telechargement-2023-10-06T121240.691-700x700.jpg 700w, https:\/\/broxtal.com\/wp-content\/uploads\/2023\/10\/telechargement-2023-10-06T121240.691-32x32.jpg 32w, https:\/\/broxtal.com\/wp-content\/uploads\/2023\/10\/telechargement-2023-10-06T121240.691-64x64.jpg 64w\" sizes=\"(max-width: 800px) 100vw, 800px\" \/><\/p>\n<h3><\/h3>\n<p>&nbsp;<\/p>\n<h3><strong>Il pacchetto comprende<\/strong><\/h3>\n<ul>\n<li>1 x Protezione impermeabile per materasso contro le cimici dei letti<\/li>\n<\/ul>\n<p>&nbsp;<\/p>\n<p>&nbsp;<\/p>","protected":false},"excerpt":{"rendered":"<p>The Perfect Mattress Protection: Waterproof Bed Bug Mattress Protector Unmatched Mattress Safety for Every Sleep Upgrade your sleep sanctuary with<\/p>","protected":false},"featured_media":24561,"comment_status":"open","ping_status":"closed","template":"","meta":[],"product_brand":[],"product_cat":[1763],"product_tag":[280],"class_list":{"0":"post-24516","1":"product","2":"type-product","3":"status-publish","4":"has-post-thumbnail","6":"product_cat-masks-accessories","7":"product_tag-new","9":"first","10":"instock","11":"shipping-taxable","12":"purchasable","13":"product-type-variable"},"_links":{"self":[{"href":"https:\/\/broxtal.com\/it\/wp-json\/wp\/v2\/product\/24516","targetHints":{"allow":["GET"]}}],"collection":[{"href":"https:\/\/broxtal.com\/it\/wp-json\/wp\/v2\/product"}],"about":[{"href":"https:\/\/broxtal.com\/it\/wp-json\/wp\/v2\/types\/product"}],"replies":[{"embeddable":true,"href":"https:\/\/broxtal.com\/it\/wp-json\/wp\/v2\/comments?post=24516"}],"version-history":[{"count":1,"href":"https:\/\/broxtal.com\/it\/wp-json\/wp\/v2\/product\/24516\/revisions"}],"predecessor-version":[{"id":39361,"href":"https:\/\/broxtal.com\/it\/wp-json\/wp\/v2\/product\/24516\/revisions\/39361"}],"wp:featuredmedia":[{"embeddable":true,"href":"https:\/\/broxtal.com\/it\/wp-json\/wp\/v2\/media\/24561"}],"wp:attachment":[{"href":"https:\/\/broxtal.com\/it\/wp-json\/wp\/v2\/media?parent=24516"}],"wp:term":[{"taxonomy":"product_brand","embeddable":true,"href":"https:\/\/broxtal.com\/it\/wp-json\/wp\/v2\/product_brand?post=24516"},{"taxonomy":"product_cat","embeddable":true,"href":"https:\/\/broxtal.com\/it\/wp-json\/wp\/v2\/product_cat?post=24516"},{"taxonomy":"product_tag","embeddable":true,"href":"https:\/\/broxtal.com\/it\/wp-json\/wp\/v2\/product_tag?post=24516"}],"curies":[{"name":"wp","href":"https:\/\/api.w.org\/{rel}","templated":true}]}}