{"id":32515,"date":"2025-04-21T13:38:59","date_gmt":"2025-04-21T12:38:59","guid":{"rendered":"https:\/\/broxtal.com\/?post_type=product&#038;p=32515"},"modified":"2025-06-13T16:12:36","modified_gmt":"2025-06-13T15:12:36","slug":"ailuosi-climbing-stairs-machine","status":"publish","type":"product","link":"https:\/\/broxtal.com\/it\/prodotto\/ailuosi-climbing-stairs-machine\/","title":{"rendered":"Macchina per salire le scale Ailuosi\u2122"},"content":{"rendered":"<h2 style=\"text-align: center;\" data-start=\"174\" data-end=\"238\"><span style=\"color: #800000;\">Macchina per salire le scale Ailuosi\u2122 - Scaletta pieghevole in acciaio inossidabile<\/span><\/h2>\n<h3 data-start=\"245\" data-end=\"259\"><\/h3>\n<h3 class=\"\" data-start=\"245\" data-end=\"259\">Macchina per salire le scale di casa per un allenamento cardio completo del corpo<\/h3>\n<p class=\"\" data-start=\"448\" data-end=\"740\">Un potente allenamento cardio a casa vostra con il <strong data-start=\"495\" data-end=\"522\">macchina per salire le scale<\/strong>-Progettata per simulare la salita delle scale risparmiando spazio. Realizzata in resistente acciaio inossidabile e in grado di sostenere fino a 120 kg, questa macchina aiuta ad aumentare la resistenza, a tonificare i muscoli e a bruciare calorie senza uscire di casa.<\/p>\n<p class=\"\" data-start=\"742\" data-end=\"1024\">La macchina ha un design pieghevole e dimensioni compatte (96\u00d753\u00d712 cm piegata, 85\u00d753\u00d7135 cm espansa), che la rendono facile da riporre. Sia che abbiate appena iniziato il vostro percorso di fitness o che vi stiate mantenendo in salute, questo stepper da pavimento offre un'esperienza di allenamento fluida e stabile.<\/p>\n<h3 class=\"\" data-start=\"1031\" data-end=\"1061\">Stair Stepper pieghevole - Fitness salvaspazio per uso domestico<\/h3>\n<p class=\"\" data-start=\"1063\" data-end=\"1359\"><span data-start=\"1068\" data-end=\"1095\">Questa scala di risalita<\/span><strong data-start=\"1068\" data-end=\"1095\">\u00a0macchina<\/strong> \u00e8 perfetto per l'uso domestico e costruito per garantire prestazioni di lunga durata. \u00c8 disponibile con opzioni di personalizzazione del marchio, come la stampa del logo in silicone o al laser. Con un peso di soli 12 kg, \u00e8 facile da spostare e assemblare. La confezione OEM \u00e8 disponibile per la vendita all'ingrosso o per le esigenze personali di fitness.<\/p>\n<h3 class=\"\" data-start=\"1366\" data-end=\"1396\"><strong data-start=\"1372\" data-end=\"1396\">Specifiche tecniche<\/strong><\/h3>\n<div class=\"group pointer-events-none relative flex justify-center *:pointer-events-auto\">\n<p>&nbsp;<\/p>\n<div class=\"tableContainer horzScrollShadows relative\">\n<table class=\"min-w-full\" style=\"height: 240px;\" width=\"464\" data-start=\"1398\" data-end=\"2432\">\n<thead data-start=\"1398\" data-end=\"1471\">\n<tr data-start=\"1398\" data-end=\"1471\">\n<th data-start=\"1398\" data-end=\"1428\"><strong data-start=\"1400\" data-end=\"1417\">Specifiche<\/strong><\/th>\n<th data-start=\"1428\" data-end=\"1471\"><strong data-start=\"1430\" data-end=\"1441\">Dettagli<\/strong><\/th>\n<\/tr>\n<\/thead>\n<tbody data-start=\"1546\" data-end=\"2432\">\n<tr data-start=\"1546\" data-end=\"1618\">\n<td class=\"max-w-[calc(var(--thread-content-max-width)*2\/3)]\" data-start=\"1546\" data-end=\"1575\"><strong data-start=\"1548\" data-end=\"1564\">Nome del prodotto<\/strong><\/td>\n<td class=\"max-w-[calc(var(--thread-content-max-width)*2\/3)]\" data-start=\"1575\" data-end=\"1618\">Macchina per salire le scale<\/td>\n<\/tr>\n<tr data-start=\"1619\" data-end=\"1692\">\n<td class=\"max-w-[calc(var(--thread-content-max-width)*2\/3)]\" data-start=\"1619\" data-end=\"1648\"><strong data-start=\"1621\" data-end=\"1633\">Materiale<\/strong><\/td>\n<td class=\"max-w-[calc(var(--thread-content-max-width)*2\/3)]\" data-start=\"1648\" data-end=\"1692\">Acciaio inox<\/td>\n<\/tr>\n<tr data-start=\"1693\" data-end=\"1766\">\n<td class=\"max-w-[calc(var(--thread-content-max-width)*2\/3)]\" data-start=\"1693\" data-end=\"1722\"><strong data-start=\"1695\" data-end=\"1710\">Applicazione<\/strong><\/td>\n<td class=\"max-w-[calc(var(--thread-content-max-width)*2\/3)]\" data-start=\"1722\" data-end=\"1766\">Uso domestico<\/td>\n<\/tr>\n<tr data-start=\"1767\" data-end=\"1840\">\n<td class=\"max-w-[calc(var(--thread-content-max-width)*2\/3)]\" data-start=\"1767\" data-end=\"1796\"><strong data-start=\"1769\" data-end=\"1790\">Capacit\u00e0 di carico massima<\/strong><\/td>\n<td class=\"max-w-[calc(var(--thread-content-max-width)*2\/3)]\" data-start=\"1796\" data-end=\"1840\">120 kg<\/td>\n<\/tr>\n<tr data-start=\"1841\" data-end=\"1914\">\n<td class=\"max-w-[calc(var(--thread-content-max-width)*2\/3)]\" data-start=\"1841\" data-end=\"1870\"><strong data-start=\"1843\" data-end=\"1857\">Peso netto<\/strong><\/td>\n<td class=\"max-w-[calc(var(--thread-content-max-width)*2\/3)]\" data-start=\"1870\" data-end=\"1914\">12 kg<\/td>\n<\/tr>\n<tr data-start=\"1915\" data-end=\"1988\">\n<td class=\"max-w-[calc(var(--thread-content-max-width)*2\/3)]\" data-start=\"1915\" data-end=\"1944\"><strong data-start=\"1917\" data-end=\"1933\">Dimensione pieghevole<\/strong><\/td>\n<td class=\"max-w-[calc(var(--thread-content-max-width)*2\/3)]\" data-start=\"1944\" data-end=\"1988\">96 \u00d7 53 \u00d7 12 cm<\/td>\n<\/tr>\n<tr data-start=\"1989\" data-end=\"2062\">\n<td class=\"max-w-[calc(var(--thread-content-max-width)*2\/3)]\" data-start=\"1989\" data-end=\"2018\"><strong data-start=\"1991\" data-end=\"2008\">Dimensione espansa<\/strong><\/td>\n<td class=\"max-w-[calc(var(--thread-content-max-width)*2\/3)]\" data-start=\"2018\" data-end=\"2062\">85 \u00d7 53 \u00d7 135 cm<\/td>\n<\/tr>\n<\/tbody>\n<\/table>\n<\/div>\n<\/div>","protected":false},"excerpt":{"rendered":"<p>Salite per raggiungere la forma fisica con la nostra macchina per scale da arrampicata! Pieghevole, compatta e resistente, \u00e8 perfetta per gli allenamenti cardio a casa. Acquistate la vostra oggi stesso e iniziate a scalare!<\/p>","protected":false},"featured_media":32516,"comment_status":"open","ping_status":"closed","template":"","meta":[],"product_brand":[],"product_cat":[286],"product_tag":[],"class_list":{"0":"post-32515","1":"product","2":"type-product","3":"status-publish","4":"has-post-thumbnail","6":"product_cat-health-wellness","8":"first","9":"instock","10":"sale","11":"shipping-taxable","12":"purchasable","13":"product-type-simple"},"_links":{"self":[{"href":"https:\/\/broxtal.com\/it\/wp-json\/wp\/v2\/product\/32515","targetHints":{"allow":["GET"]}}],"collection":[{"href":"https:\/\/broxtal.com\/it\/wp-json\/wp\/v2\/product"}],"about":[{"href":"https:\/\/broxtal.com\/it\/wp-json\/wp\/v2\/types\/product"}],"replies":[{"embeddable":true,"href":"https:\/\/broxtal.com\/it\/wp-json\/wp\/v2\/comments?post=32515"}],"version-history":[{"count":3,"href":"https:\/\/broxtal.com\/it\/wp-json\/wp\/v2\/product\/32515\/revisions"}],"predecessor-version":[{"id":32826,"href":"https:\/\/broxtal.com\/it\/wp-json\/wp\/v2\/product\/32515\/revisions\/32826"}],"wp:featuredmedia":[{"embeddable":true,"href":"https:\/\/broxtal.com\/it\/wp-json\/wp\/v2\/media\/32516"}],"wp:attachment":[{"href":"https:\/\/broxtal.com\/it\/wp-json\/wp\/v2\/media?parent=32515"}],"wp:term":[{"taxonomy":"product_brand","embeddable":true,"href":"https:\/\/broxtal.com\/it\/wp-json\/wp\/v2\/product_brand?post=32515"},{"taxonomy":"product_cat","embeddable":true,"href":"https:\/\/broxtal.com\/it\/wp-json\/wp\/v2\/product_cat?post=32515"},{"taxonomy":"product_tag","embeddable":true,"href":"https:\/\/broxtal.com\/it\/wp-json\/wp\/v2\/product_tag?post=32515"}],"curies":[{"name":"wp","href":"https:\/\/api.w.org\/{rel}","templated":true}]}}