{"id":35202,"date":"2025-06-23T08:18:19","date_gmt":"2025-06-23T07:18:19","guid":{"rendered":"https:\/\/broxtal.com\/?post_type=product&#038;p=35202"},"modified":"2026-01-09T00:45:36","modified_gmt":"2026-01-09T00:45:36","slug":"iniu-mini-power-bank-fast-charging-25000mah","status":"publish","type":"product","link":"https:\/\/broxtal.com\/it\/prodotto\/iniu-mini-power-bank-fast-charging-25000mah\/","title":{"rendered":"Mini banca di energia INIU - Ricarica rapida - 25000mAh"},"content":{"rendered":"<h1 class=\"a-size-large a-spacing-none\" style=\"text-align: center;\"><span class=\"a-size-large product-title-word-break\">Mini banca di energia INIU con ricarica rapida PD QC (USB-C in\/Out) - <\/span><span id=\"productTitle\" class=\"a-size-large product-title-word-break\">Caricabatterie portatile da 100W 25000mAh<\/span><\/h1>\n<p><img fetchpriority=\"high\" decoding=\"async\" class=\"aligncenter size-large wp-image-35206\" src=\"https:\/\/broxtal.com\/wp-content\/uploads\/2025\/06\/mini-power-bank-2-1300x533.webp\" alt=\"\" width=\"1300\" height=\"533\" srcset=\"https:\/\/broxtal.com\/wp-content\/uploads\/2025\/06\/mini-power-bank-2-1300x533.webp 1300w, https:\/\/broxtal.com\/wp-content\/uploads\/2025\/06\/mini-power-bank-2-400x164.webp 400w, https:\/\/broxtal.com\/wp-content\/uploads\/2025\/06\/mini-power-bank-2-768x315.webp 768w, https:\/\/broxtal.com\/wp-content\/uploads\/2025\/06\/mini-power-bank-2-18x7.webp 18w, https:\/\/broxtal.com\/wp-content\/uploads\/2025\/06\/mini-power-bank-2-1200x492.webp 1200w, https:\/\/broxtal.com\/wp-content\/uploads\/2025\/06\/mini-power-bank-2-60x25.webp 60w, https:\/\/broxtal.com\/wp-content\/uploads\/2025\/06\/mini-power-bank-2-110x45.webp 110w, https:\/\/broxtal.com\/wp-content\/uploads\/2025\/06\/mini-power-bank-2-600x246.webp 600w, https:\/\/broxtal.com\/wp-content\/uploads\/2025\/06\/mini-power-bank-2-150x61.webp 150w, https:\/\/broxtal.com\/wp-content\/uploads\/2025\/06\/mini-power-bank-2.webp 1464w\" sizes=\"(max-width: 1300px) 100vw, 1300px\" \/> <img decoding=\"async\" class=\"aligncenter size-large wp-image-35205\" src=\"https:\/\/broxtal.com\/wp-content\/uploads\/2025\/06\/mini-power-bank-1-1300x533.webp\" alt=\"\" width=\"1300\" height=\"533\" srcset=\"https:\/\/broxtal.com\/wp-content\/uploads\/2025\/06\/mini-power-bank-1-1300x533.webp 1300w, https:\/\/broxtal.com\/wp-content\/uploads\/2025\/06\/mini-power-bank-1-400x164.webp 400w, https:\/\/broxtal.com\/wp-content\/uploads\/2025\/06\/mini-power-bank-1-768x315.webp 768w, https:\/\/broxtal.com\/wp-content\/uploads\/2025\/06\/mini-power-bank-1-18x7.webp 18w, https:\/\/broxtal.com\/wp-content\/uploads\/2025\/06\/mini-power-bank-1-1200x492.webp 1200w, https:\/\/broxtal.com\/wp-content\/uploads\/2025\/06\/mini-power-bank-1-60x25.webp 60w, https:\/\/broxtal.com\/wp-content\/uploads\/2025\/06\/mini-power-bank-1-110x45.webp 110w, https:\/\/broxtal.com\/wp-content\/uploads\/2025\/06\/mini-power-bank-1-600x246.webp 600w, https:\/\/broxtal.com\/wp-content\/uploads\/2025\/06\/mini-power-bank-1-150x61.webp 150w, https:\/\/broxtal.com\/wp-content\/uploads\/2025\/06\/mini-power-bank-1.webp 1464w\" sizes=\"(max-width: 1300px) 100vw, 1300px\" \/> <img decoding=\"async\" class=\"aligncenter size-large wp-image-35207\" src=\"https:\/\/broxtal.com\/wp-content\/uploads\/2025\/06\/mini-power-bank-3-1300x533.webp\" alt=\"\" width=\"1300\" height=\"533\" srcset=\"https:\/\/broxtal.com\/wp-content\/uploads\/2025\/06\/mini-power-bank-3-1300x533.webp 1300w, https:\/\/broxtal.com\/wp-content\/uploads\/2025\/06\/mini-power-bank-3-400x164.webp 400w, https:\/\/broxtal.com\/wp-content\/uploads\/2025\/06\/mini-power-bank-3-768x315.webp 768w, https:\/\/broxtal.com\/wp-content\/uploads\/2025\/06\/mini-power-bank-3-18x7.webp 18w, https:\/\/broxtal.com\/wp-content\/uploads\/2025\/06\/mini-power-bank-3-1200x492.webp 1200w, https:\/\/broxtal.com\/wp-content\/uploads\/2025\/06\/mini-power-bank-3-60x25.webp 60w, https:\/\/broxtal.com\/wp-content\/uploads\/2025\/06\/mini-power-bank-3-110x45.webp 110w, https:\/\/broxtal.com\/wp-content\/uploads\/2025\/06\/mini-power-bank-3-600x246.webp 600w, https:\/\/broxtal.com\/wp-content\/uploads\/2025\/06\/mini-power-bank-3-150x61.webp 150w, https:\/\/broxtal.com\/wp-content\/uploads\/2025\/06\/mini-power-bank-3.webp 1464w\" sizes=\"(max-width: 1300px) 100vw, 1300px\" \/><\/p>\n<h4><span class=\"a-list-item\">Mini banca di energia INIU<\/span><\/h4>\n<p><span class=\"a-list-item\">Sperimentate la ricarica pi\u00f9 sicura con oltre 38 milioni di utenti in tutto il mondo. INIU utilizza solo materiali di altissima qualit\u00e0, per cui \u00e8 in grado di fornire una garanzia di 3 anni, leader del settore.<\/span><\/p>\n<ul class=\"a-unordered-list a-vertical a-spacing-mini\">\n<li class=\"a-spacing-mini\"><span class=\"a-list-item\">Mini banca di energia INIU <\/span>Il pi\u00f9 piccolo 100W 25000mAh del mercato: dotato di TinyCell ad alta densit\u00e0 e dell'innovativa tecnologia HyperStack di iNiu, questo power bank supera i limiti di dimensioni dei caricabatterie ad alta capacit\u00e0. Niente pi\u00f9 mattoni ingombranti, solo portabilit\u00e0 compatta.<\/li>\n<li class=\"a-spacing-mini\"><span class=\"a-list-item\">INIU Mini Power Bank Pronto per iPhone e MacBook in 25 minuti: Un must per chi utilizza pi\u00f9 dispositivi, questo power bank fornisce una ricarica ad alta velocit\u00e0 fino a 110W per 2 dispositivi contemporaneamente. In soli 25 minuti, pu\u00f2 caricare il MacBook Pro 14\u2033 a 42% e l'iPhone 15 a 62%.<\/span><\/li>\n<li class=\"a-spacing-mini\"><span class=\"a-list-item\">INIU Mini Power Bank 100W Porta USB-C per la ricarica rapida: Con ingresso\/uscita USB-C 100W, questo power bank supporta la ricarica Samsung Super Fast Charging 2.0, portando il Samsung S24 Ultra a 75% in 30 minuti. Si ricarica completamente in sole 1,4 ore.<\/span><\/li>\n<li class=\"a-spacing-mini\"><span class=\"a-list-item\">Ricarica a velocit\u00e0 massima per Steam Deck: Portate le vostre sessioni di gioco a un livello superiore grazie alla potenza di ricarica della vostra console Steam Deck alla massima velocit\u00e0.<\/span><\/li>\n<li class=\"a-spacing-mini\"><span class=\"a-list-item\">Airline Friendly 25.000mAh: la capacit\u00e0 di 25.000mAh supporta un viaggio di una settimana, ricaricando tutti i dispositivi con un unico power bank.<\/span><\/li>\n<li class=\"a-spacing-mini\"><span class=\"a-list-item\">Cosa si ottiene: INIU 100W battery bank*1, cavo da USB C a USB C da 0,3m\/1ft*1, manuale d'uso*1. Godetevi l'assistenza iNiu di 3 anni, leader del settore, per qualsiasi problema di qualit\u00e0, vi invieremo un nuovo prodotto.<\/span><\/li>\n<li><\/li>\n<\/ul>\n<p><img loading=\"lazy\" decoding=\"async\" class=\"aligncenter size-full wp-image-35211\" src=\"https:\/\/broxtal.com\/wp-content\/uploads\/2025\/06\/mini-power-bank-7.webp\" alt=\"\" width=\"569\" height=\"711\" srcset=\"https:\/\/broxtal.com\/wp-content\/uploads\/2025\/06\/mini-power-bank-7.webp 569w, https:\/\/broxtal.com\/wp-content\/uploads\/2025\/06\/mini-power-bank-7-240x300.webp 240w, https:\/\/broxtal.com\/wp-content\/uploads\/2025\/06\/mini-power-bank-7-10x12.webp 10w, https:\/\/broxtal.com\/wp-content\/uploads\/2025\/06\/mini-power-bank-7-60x75.webp 60w, https:\/\/broxtal.com\/wp-content\/uploads\/2025\/06\/mini-power-bank-7-110x137.webp 110w, https:\/\/broxtal.com\/wp-content\/uploads\/2025\/06\/mini-power-bank-7-150x187.webp 150w\" sizes=\"(max-width: 569px) 100vw, 569px\" \/> <img loading=\"lazy\" decoding=\"async\" class=\"aligncenter size-full wp-image-35210\" src=\"https:\/\/broxtal.com\/wp-content\/uploads\/2025\/06\/mini-power-bank-6.webp\" alt=\"\" width=\"569\" height=\"711\" srcset=\"https:\/\/broxtal.com\/wp-content\/uploads\/2025\/06\/mini-power-bank-6.webp 569w, https:\/\/broxtal.com\/wp-content\/uploads\/2025\/06\/mini-power-bank-6-240x300.webp 240w, https:\/\/broxtal.com\/wp-content\/uploads\/2025\/06\/mini-power-bank-6-10x12.webp 10w, https:\/\/broxtal.com\/wp-content\/uploads\/2025\/06\/mini-power-bank-6-60x75.webp 60w, https:\/\/broxtal.com\/wp-content\/uploads\/2025\/06\/mini-power-bank-6-110x137.webp 110w, https:\/\/broxtal.com\/wp-content\/uploads\/2025\/06\/mini-power-bank-6-150x187.webp 150w\" sizes=\"(max-width: 569px) 100vw, 569px\" \/> <img loading=\"lazy\" decoding=\"async\" class=\"aligncenter size-full wp-image-35204\" src=\"https:\/\/broxtal.com\/wp-content\/uploads\/2025\/06\/mini-power-bank-9.webp\" alt=\"\" width=\"569\" height=\"711\" srcset=\"https:\/\/broxtal.com\/wp-content\/uploads\/2025\/06\/mini-power-bank-9.webp 569w, https:\/\/broxtal.com\/wp-content\/uploads\/2025\/06\/mini-power-bank-9-240x300.webp 240w, https:\/\/broxtal.com\/wp-content\/uploads\/2025\/06\/mini-power-bank-9-10x12.webp 10w, https:\/\/broxtal.com\/wp-content\/uploads\/2025\/06\/mini-power-bank-9-60x75.webp 60w, https:\/\/broxtal.com\/wp-content\/uploads\/2025\/06\/mini-power-bank-9-110x137.webp 110w, https:\/\/broxtal.com\/wp-content\/uploads\/2025\/06\/mini-power-bank-9-150x187.webp 150w\" sizes=\"(max-width: 569px) 100vw, 569px\" \/> <img loading=\"lazy\" decoding=\"async\" class=\"aligncenter size-full wp-image-35203\" src=\"https:\/\/broxtal.com\/wp-content\/uploads\/2025\/06\/mini-power-bank-8.webp\" alt=\"\" width=\"569\" height=\"711\" srcset=\"https:\/\/broxtal.com\/wp-content\/uploads\/2025\/06\/mini-power-bank-8.webp 569w, https:\/\/broxtal.com\/wp-content\/uploads\/2025\/06\/mini-power-bank-8-240x300.webp 240w, https:\/\/broxtal.com\/wp-content\/uploads\/2025\/06\/mini-power-bank-8-10x12.webp 10w, https:\/\/broxtal.com\/wp-content\/uploads\/2025\/06\/mini-power-bank-8-60x75.webp 60w, https:\/\/broxtal.com\/wp-content\/uploads\/2025\/06\/mini-power-bank-8-110x137.webp 110w, https:\/\/broxtal.com\/wp-content\/uploads\/2025\/06\/mini-power-bank-8-150x187.webp 150w\" sizes=\"(max-width: 569px) 100vw, 569px\" \/><\/p>","protected":false},"excerpt":{"rendered":"<p>INIU Mini Power Bank with PD QC Fast Charging (USB-C in\/Out) &#8211; 100W 25000mAh Portable Charger INIU Mini Power Bank<\/p>","protected":false},"featured_media":35208,"comment_status":"open","ping_status":"closed","template":"","meta":[],"product_brand":[],"product_cat":[286,1763,1719],"product_tag":[],"class_list":{"0":"post-35202","1":"product","2":"type-product","3":"status-publish","4":"has-post-thumbnail","6":"product_cat-health-wellness","7":"product_cat-masks-accessories","8":"product_cat-respiratory-care-oxygen-therapy","10":"first","11":"instock","12":"sale","13":"shipping-taxable","14":"purchasable","15":"product-type-simple"},"_links":{"self":[{"href":"https:\/\/broxtal.com\/it\/wp-json\/wp\/v2\/product\/35202","targetHints":{"allow":["GET"]}}],"collection":[{"href":"https:\/\/broxtal.com\/it\/wp-json\/wp\/v2\/product"}],"about":[{"href":"https:\/\/broxtal.com\/it\/wp-json\/wp\/v2\/types\/product"}],"replies":[{"embeddable":true,"href":"https:\/\/broxtal.com\/it\/wp-json\/wp\/v2\/comments?post=35202"}],"version-history":[{"count":4,"href":"https:\/\/broxtal.com\/it\/wp-json\/wp\/v2\/product\/35202\/revisions"}],"predecessor-version":[{"id":36037,"href":"https:\/\/broxtal.com\/it\/wp-json\/wp\/v2\/product\/35202\/revisions\/36037"}],"wp:featuredmedia":[{"embeddable":true,"href":"https:\/\/broxtal.com\/it\/wp-json\/wp\/v2\/media\/35208"}],"wp:attachment":[{"href":"https:\/\/broxtal.com\/it\/wp-json\/wp\/v2\/media?parent=35202"}],"wp:term":[{"taxonomy":"product_brand","embeddable":true,"href":"https:\/\/broxtal.com\/it\/wp-json\/wp\/v2\/product_brand?post=35202"},{"taxonomy":"product_cat","embeddable":true,"href":"https:\/\/broxtal.com\/it\/wp-json\/wp\/v2\/product_cat?post=35202"},{"taxonomy":"product_tag","embeddable":true,"href":"https:\/\/broxtal.com\/it\/wp-json\/wp\/v2\/product_tag?post=35202"}],"curies":[{"name":"wp","href":"https:\/\/api.w.org\/{rel}","templated":true}]}}