{"id":36363,"date":"2025-07-11T09:38:56","date_gmt":"2025-07-11T08:38:56","guid":{"rendered":"https:\/\/broxtal.com\/?post_type=product&#038;p=36363"},"modified":"2025-07-26T10:16:38","modified_gmt":"2025-07-26T09:16:38","slug":"home-oxygen-concentrator-3l-yk-301n","status":"publish","type":"product","link":"https:\/\/broxtal.com\/it\/prodotto\/home-oxygen-concentrator-3l-yk-301n\/","title":{"rendered":"301N Potente concentratore di ossigeno 3L - per uso domestico"},"content":{"rendered":"<h1 style=\"text-align: center;\" data-start=\"210\" data-end=\"284\"><span style=\"color: #000080;\"><strong data-start=\"210\" data-end=\"284\">Concentratore di ossigeno YK-301N 3L - Purezza costante 93%, costruito per uso domestico<\/strong><\/span><\/h1>\n<h2 style=\"text-align: center;\" data-start=\"315\" data-end=\"421\"><span style=\"color: #3366ff;\"><strong data-start=\"315\" data-end=\"421\">Flusso continuo da 1 a 3 litri con una purezza dell'ossigeno stabile a tutti i livelli.<\/strong><\/span><\/h2>\n<h3 data-start=\"405\" data-end=\"730\"><img fetchpriority=\"high\" decoding=\"async\" class=\"aligncenter size-full wp-image-36377\" src=\"https:\/\/broxtal.com\/wp-content\/uploads\/2025\/07\/YK-301W-sq-4.webp\" alt=\"\" width=\"800\" height=\"800\" srcset=\"https:\/\/broxtal.com\/wp-content\/uploads\/2025\/07\/YK-301W-sq-4.webp 800w, https:\/\/broxtal.com\/wp-content\/uploads\/2025\/07\/YK-301W-sq-4-300x300.webp 300w, https:\/\/broxtal.com\/wp-content\/uploads\/2025\/07\/YK-301W-sq-4-150x150.webp 150w, https:\/\/broxtal.com\/wp-content\/uploads\/2025\/07\/YK-301W-sq-4-768x768.webp 768w, https:\/\/broxtal.com\/wp-content\/uploads\/2025\/07\/YK-301W-sq-4-12x12.webp 12w, https:\/\/broxtal.com\/wp-content\/uploads\/2025\/07\/YK-301W-sq-4-60x60.webp 60w, https:\/\/broxtal.com\/wp-content\/uploads\/2025\/07\/YK-301W-sq-4-110x110.webp 110w, https:\/\/broxtal.com\/wp-content\/uploads\/2025\/07\/YK-301W-sq-4-600x600.webp 600w, https:\/\/broxtal.com\/wp-content\/uploads\/2025\/07\/YK-301W-sq-4-32x32.webp 32w, https:\/\/broxtal.com\/wp-content\/uploads\/2025\/07\/YK-301W-sq-4-64x64.webp 64w\" sizes=\"(max-width: 800px) 100vw, 800px\" \/><\/h3>\n<h3 data-start=\"405\" data-end=\"730\"><span style=\"color: #000000;\"><strong data-start=\"405\" data-end=\"437\">Supporto avanzato per l'ossigeno a domicilio<\/strong><\/span><\/h3>\n<p data-start=\"405\" data-end=\"730\"><span style=\"color: #000000;\">Il concentratore di ossigeno YK-301N da 3 litri eroga un flusso di ossigeno continuo a velocit\u00e0 regolabile tra 1 e 3 litri al minuto. Progettato per l'uso domestico, questo dispositivo mantiene una concentrazione di ossigeno \u226593% a tutti i livelli di flusso, aiutando gli utenti a ricevere un supporto respiratorio costante ed efficace.<\/span><\/p>\n<p data-start=\"405\" data-end=\"730\"><img decoding=\"async\" class=\"aligncenter wp-image-36373 size-full\" src=\"https:\/\/broxtal.com\/wp-content\/uploads\/2025\/07\/JY-301_07.webp\" alt=\"\" width=\"930\" height=\"1213\" srcset=\"https:\/\/broxtal.com\/wp-content\/uploads\/2025\/07\/JY-301_07.webp 930w, https:\/\/broxtal.com\/wp-content\/uploads\/2025\/07\/JY-301_07-230x300.webp 230w, https:\/\/broxtal.com\/wp-content\/uploads\/2025\/07\/JY-301_07-613x800.webp 613w, https:\/\/broxtal.com\/wp-content\/uploads\/2025\/07\/JY-301_07-768x1002.webp 768w, https:\/\/broxtal.com\/wp-content\/uploads\/2025\/07\/JY-301_07-9x12.webp 9w, https:\/\/broxtal.com\/wp-content\/uploads\/2025\/07\/JY-301_07-60x78.webp 60w, https:\/\/broxtal.com\/wp-content\/uploads\/2025\/07\/JY-301_07-110x143.webp 110w, https:\/\/broxtal.com\/wp-content\/uploads\/2025\/07\/JY-301_07-600x783.webp 600w, https:\/\/broxtal.com\/wp-content\/uploads\/2025\/07\/JY-301_07-150x196.webp 150w\" sizes=\"(max-width: 930px) 100vw, 930px\" \/><\/p>\n<h3 data-start=\"776\" data-end=\"1080\"><span style=\"color: #000000;\"><strong data-start=\"776\" data-end=\"814\">Design intelligente per la praticit\u00e0 quotidiana<\/strong><\/span><\/h3>\n<p data-start=\"776\" data-end=\"1080\"><span style=\"color: #000000;\">Progettato con un display a LED da 8 pollici, il concentratore di ossigeno YK-301N 3L offre un controllo facile da usare e un funzionamento silenzioso \u226460dB(A). \u00c8 dotato di guida vocale, telecomando e capacit\u00e0 di nebulizzazione integrata per un maggiore comfort e funzionalit\u00e0, il tutto con un peso di soli 16 kg.<\/span><\/p>\n<h3 data-start=\"1087\" data-end=\"1117\"><img decoding=\"async\" class=\"aligncenter wp-image-36984 size-full\" src=\"https:\/\/broxtal.com\/wp-content\/uploads\/2025\/07\/8-7.webp\" alt=\"\" width=\"1080\" height=\"1350\" srcset=\"https:\/\/broxtal.com\/wp-content\/uploads\/2025\/07\/8-7.webp 1080w, https:\/\/broxtal.com\/wp-content\/uploads\/2025\/07\/8-7-240x300.webp 240w, https:\/\/broxtal.com\/wp-content\/uploads\/2025\/07\/8-7-640x800.webp 640w, https:\/\/broxtal.com\/wp-content\/uploads\/2025\/07\/8-7-768x960.webp 768w, https:\/\/broxtal.com\/wp-content\/uploads\/2025\/07\/8-7-10x12.webp 10w, https:\/\/broxtal.com\/wp-content\/uploads\/2025\/07\/8-7-60x75.webp 60w, https:\/\/broxtal.com\/wp-content\/uploads\/2025\/07\/8-7-110x138.webp 110w, https:\/\/broxtal.com\/wp-content\/uploads\/2025\/07\/8-7-600x750.webp 600w, https:\/\/broxtal.com\/wp-content\/uploads\/2025\/07\/8-7-150x188.webp 150w\" sizes=\"(max-width: 1080px) 100vw, 1080px\" \/><\/h3>\n<h3 data-start=\"1087\" data-end=\"1117\"><span style=\"color: #000000;\"><strong data-start=\"1093\" data-end=\"1117\">Tabella delle specifiche<\/strong><\/span><\/h3>\n<div class=\"_tableContainer_80l1q_1\">\n<div class=\"_tableWrapper_80l1q_14 group flex w-fit flex-col-reverse\" tabindex=\"-1\">\n<table class=\"w-fit min-w-(--thread-content-width)\" data-start=\"1119\" data-end=\"2272\">\n<thead data-start=\"1119\" data-end=\"1191\">\n<tr data-start=\"1119\" data-end=\"1191\">\n<th data-start=\"1119\" data-end=\"1152\" data-col-size=\"sm\"><span style=\"color: #000000;\">Caratteristica<\/span><\/th>\n<th data-start=\"1152\" data-end=\"1191\" data-col-size=\"sm\"><span style=\"color: #000000;\">Descrizione<\/span><\/th>\n<\/tr>\n<\/thead>\n<tbody data-start=\"1264\" data-end=\"2272\">\n<tr data-start=\"1264\" data-end=\"1336\">\n<td data-start=\"1264\" data-end=\"1296\" data-col-size=\"sm\"><span style=\"color: #000000;\"><strong data-start=\"1266\" data-end=\"1275\">Modello<\/strong><\/span><\/td>\n<td data-col-size=\"sm\" data-start=\"1296\" data-end=\"1336\"><span style=\"color: #000000;\">YK-301N<\/span><\/td>\n<\/tr>\n<tr data-start=\"1337\" data-end=\"1408\">\n<td data-start=\"1337\" data-end=\"1369\" data-col-size=\"sm\"><span style=\"color: #000000;\"><strong data-start=\"1339\" data-end=\"1356\">Fornitura di ossigeno<\/strong><\/span><\/td>\n<td data-col-size=\"sm\" data-start=\"1369\" data-end=\"1408\"><span style=\"color: #000000;\">Alimentazione continua di ossigeno<\/span><\/td>\n<\/tr>\n<tr data-start=\"1409\" data-end=\"1480\">\n<td data-start=\"1409\" data-end=\"1441\" data-col-size=\"sm\"><span style=\"color: #000000;\"><strong data-start=\"1411\" data-end=\"1433\">Impostazioni della portata<\/strong><\/span><\/td>\n<td data-col-size=\"sm\" data-start=\"1441\" data-end=\"1480\"><span style=\"color: #000000;\">1-3 L\/min<\/span><\/td>\n<\/tr>\n<tr data-start=\"1481\" data-end=\"1552\">\n<td data-start=\"1481\" data-end=\"1513\" data-col-size=\"sm\"><span style=\"color: #000000;\"><strong data-start=\"1483\" data-end=\"1507\">Concentrazione di ossigeno<\/strong><\/span><\/td>\n<td data-col-size=\"sm\" data-start=\"1513\" data-end=\"1552\"><span style=\"color: #000000;\">\u226593% \u00b13% a tutti i livelli<\/span><\/td>\n<\/tr>\n<tr data-start=\"1553\" data-end=\"1624\">\n<td data-start=\"1553\" data-end=\"1585\" data-col-size=\"sm\"><span style=\"color: #000000;\"><strong data-start=\"1555\" data-end=\"1570\">Livello di rumore<\/strong><\/span><\/td>\n<td data-col-size=\"sm\" data-start=\"1585\" data-end=\"1624\"><span style=\"color: #000000;\">\u226460 dB(A)<\/span><\/td>\n<\/tr>\n<tr data-start=\"1625\" data-end=\"1696\">\n<td data-start=\"1625\" data-end=\"1657\" data-col-size=\"sm\"><span style=\"color: #000000;\"><strong data-start=\"1627\" data-end=\"1648\">Consumo di energia<\/strong><\/span><\/td>\n<td data-col-size=\"sm\" data-start=\"1657\" data-end=\"1696\"><span style=\"color: #000000;\">370W<\/span><\/td>\n<\/tr>\n<tr data-start=\"1697\" data-end=\"1768\">\n<td data-start=\"1697\" data-end=\"1729\" data-col-size=\"sm\"><span style=\"color: #000000;\"><strong data-start=\"1699\" data-end=\"1710\">Display<\/strong><\/span><\/td>\n<td data-col-size=\"sm\" data-start=\"1729\" data-end=\"1768\"><span style=\"color: #000000;\">Display a LED da 8 pollici<\/span><\/td>\n<\/tr>\n<tr data-start=\"1769\" data-end=\"1840\">\n<td data-start=\"1769\" data-end=\"1801\" data-col-size=\"sm\"><span style=\"color: #000000;\"><strong data-start=\"1771\" data-end=\"1787\">Dimensione del prodotto<\/strong><\/span><\/td>\n<td data-col-size=\"sm\" data-start=\"1801\" data-end=\"1840\"><span style=\"color: #000000;\">300 \u00d7 360 \u00d7 500 mm<\/span><\/td>\n<\/tr>\n<tr data-start=\"1841\" data-end=\"1912\">\n<td data-start=\"1841\" data-end=\"1873\" data-col-size=\"sm\"><span style=\"color: #000000;\"><strong data-start=\"1843\" data-end=\"1853\">Peso<\/strong><\/span><\/td>\n<td data-col-size=\"sm\" data-start=\"1873\" data-end=\"1912\"><span style=\"color: #000000;\">16 kg<\/span><\/td>\n<\/tr>\n<tr data-start=\"1913\" data-end=\"1984\">\n<td data-start=\"1913\" data-end=\"1945\" data-col-size=\"sm\"><span style=\"color: #000000;\"><strong data-start=\"1915\" data-end=\"1932\">Opzioni di alimentazione<\/strong><\/span><\/td>\n<td data-col-size=\"sm\" data-start=\"1945\" data-end=\"1984\"><span style=\"color: #000000;\">110V \/ 220V (opzionale)<\/span><\/td>\n<\/tr>\n<tr data-start=\"1985\" data-end=\"2056\">\n<td data-start=\"1985\" data-end=\"2017\" data-col-size=\"sm\"><span style=\"color: #000000;\"><strong data-start=\"1987\" data-end=\"2005\">Funzione vocale<\/strong><\/span><\/td>\n<td data-col-size=\"sm\" data-start=\"2017\" data-end=\"2056\"><span style=\"color: #000000;\">S\u00ec<\/span><\/td>\n<\/tr>\n<tr data-start=\"2057\" data-end=\"2128\">\n<td data-start=\"2057\" data-end=\"2089\" data-col-size=\"sm\"><span style=\"color: #000000;\"><strong data-start=\"2059\" data-end=\"2077\">Telecomando<\/strong><\/span><\/td>\n<td data-col-size=\"sm\" data-start=\"2089\" data-end=\"2128\"><span style=\"color: #000000;\">S\u00ec<\/span><\/td>\n<\/tr>\n<tr data-start=\"2129\" data-end=\"2200\">\n<td data-start=\"2129\" data-end=\"2161\" data-col-size=\"sm\"><span style=\"color: #000000;\"><strong data-start=\"2131\" data-end=\"2153\">Funzione di atomizzazione<\/strong><\/span><\/td>\n<td data-col-size=\"sm\" data-start=\"2161\" data-end=\"2200\"><span style=\"color: #000000;\">S\u00ec<\/span><\/td>\n<\/tr>\n<tr data-start=\"2201\" data-end=\"2272\">\n<td data-start=\"2201\" data-end=\"2233\" data-col-size=\"sm\"><span style=\"color: #000000;\"><strong data-start=\"2203\" data-end=\"2232\">Garanzia<br \/>\n<\/strong><\/span><\/td>\n<td data-col-size=\"sm\" data-start=\"2233\" data-end=\"2272\"><span style=\"color: #000000;\">1 anno<\/span><\/td>\n<\/tr>\n<\/tbody>\n<\/table>\n<div>\n<h3 data-start=\"1087\" data-end=\"1117\"><img loading=\"lazy\" decoding=\"async\" class=\"aligncenter size-large wp-image-36368\" src=\"https:\/\/broxtal.com\/wp-content\/uploads\/2025\/07\/JY-301_02-766x800.webp\" alt=\"\" width=\"766\" height=\"800\" srcset=\"https:\/\/broxtal.com\/wp-content\/uploads\/2025\/07\/JY-301_02-766x800.webp 766w, https:\/\/broxtal.com\/wp-content\/uploads\/2025\/07\/JY-301_02-287x300.webp 287w, https:\/\/broxtal.com\/wp-content\/uploads\/2025\/07\/JY-301_02-768x802.webp 768w, https:\/\/broxtal.com\/wp-content\/uploads\/2025\/07\/JY-301_02-11x12.webp 11w, https:\/\/broxtal.com\/wp-content\/uploads\/2025\/07\/JY-301_02-60x63.webp 60w, https:\/\/broxtal.com\/wp-content\/uploads\/2025\/07\/JY-301_02-110x115.webp 110w, https:\/\/broxtal.com\/wp-content\/uploads\/2025\/07\/JY-301_02-600x626.webp 600w, https:\/\/broxtal.com\/wp-content\/uploads\/2025\/07\/JY-301_02-150x157.webp 150w, https:\/\/broxtal.com\/wp-content\/uploads\/2025\/07\/JY-301_02-32x32.webp 32w, https:\/\/broxtal.com\/wp-content\/uploads\/2025\/07\/JY-301_02.webp 930w\" sizes=\"(max-width: 766px) 100vw, 766px\" \/><\/h3>\n<\/div>\n<div class=\"sticky end-(--thread-content-margin) h-0 self-end select-none\">\n<div class=\"absolute end-0 flex items-end\"><\/div>\n<\/div>\n<\/div>\n<\/div>\n<h3 data-start=\"2279\" data-end=\"2301\"><span style=\"color: #000000;\"><strong data-start=\"2285\" data-end=\"2301\">Elenco dei pacchetti<\/strong><\/span><\/h3>\n<ol>\n<li data-start=\"2306\" data-end=\"2348\"><span style=\"color: #000000;\">Concentratore di ossigeno 3L<\/span><\/li>\n<li data-start=\"2352\" data-end=\"2364\"><span style=\"color: #000000;\">Cavo di alimentazione<\/span><\/li>\n<li data-start=\"2368\" data-end=\"2387\"><span style=\"color: #000000;\">Tubo di ossigeno nasale<\/span><\/li>\n<li data-start=\"2391\" data-end=\"2399\"><span style=\"color: #000000;\">Filtro<\/span><\/li>\n<li data-start=\"2403\" data-end=\"2420\"><span style=\"color: #000000;\">Dispositivo atomizzatore<\/span><\/li>\n<li data-start=\"2424\" data-end=\"2440\"><span style=\"color: #000000;\">Telecomando<\/span><\/li>\n<li data-start=\"2444\" data-end=\"2455\"><span style=\"color: #000000;\">Tubo fusibile<\/span><\/li>\n<li data-start=\"2459\" data-end=\"2496\"><span style=\"color: #000000;\">Scheda di garanzia e manuale di istruzioni<\/span><\/li>\n<\/ol>\n<p><img loading=\"lazy\" decoding=\"async\" class=\"aligncenter wp-image-36364 size-full\" src=\"https:\/\/broxtal.com\/wp-content\/uploads\/2025\/07\/JY-301_11.webp\" alt=\"\" width=\"930\" height=\"1234\" srcset=\"https:\/\/broxtal.com\/wp-content\/uploads\/2025\/07\/JY-301_11.webp 930w, https:\/\/broxtal.com\/wp-content\/uploads\/2025\/07\/JY-301_11-226x300.webp 226w, https:\/\/broxtal.com\/wp-content\/uploads\/2025\/07\/JY-301_11-603x800.webp 603w, https:\/\/broxtal.com\/wp-content\/uploads\/2025\/07\/JY-301_11-768x1019.webp 768w, https:\/\/broxtal.com\/wp-content\/uploads\/2025\/07\/JY-301_11-9x12.webp 9w, https:\/\/broxtal.com\/wp-content\/uploads\/2025\/07\/JY-301_11-60x80.webp 60w, https:\/\/broxtal.com\/wp-content\/uploads\/2025\/07\/JY-301_11-110x146.webp 110w, https:\/\/broxtal.com\/wp-content\/uploads\/2025\/07\/JY-301_11-600x796.webp 600w, https:\/\/broxtal.com\/wp-content\/uploads\/2025\/07\/JY-301_11-150x199.webp 150w\" sizes=\"(max-width: 930px) 100vw, 930px\" \/><\/p>\n<h3 data-start=\"405\" data-end=\"730\"><\/h3>\n<p><img loading=\"lazy\" decoding=\"async\" class=\"aligncenter wp-image-36374 size-full\" src=\"https:\/\/broxtal.com\/wp-content\/uploads\/2025\/07\/JY-301_08.webp\" alt=\"\" width=\"930\" height=\"1204\" srcset=\"https:\/\/broxtal.com\/wp-content\/uploads\/2025\/07\/JY-301_08.webp 930w, https:\/\/broxtal.com\/wp-content\/uploads\/2025\/07\/JY-301_08-232x300.webp 232w, https:\/\/broxtal.com\/wp-content\/uploads\/2025\/07\/JY-301_08-618x800.webp 618w, https:\/\/broxtal.com\/wp-content\/uploads\/2025\/07\/JY-301_08-768x994.webp 768w, https:\/\/broxtal.com\/wp-content\/uploads\/2025\/07\/JY-301_08-9x12.webp 9w, https:\/\/broxtal.com\/wp-content\/uploads\/2025\/07\/JY-301_08-60x78.webp 60w, https:\/\/broxtal.com\/wp-content\/uploads\/2025\/07\/JY-301_08-110x142.webp 110w, https:\/\/broxtal.com\/wp-content\/uploads\/2025\/07\/JY-301_08-600x777.webp 600w, https:\/\/broxtal.com\/wp-content\/uploads\/2025\/07\/JY-301_08-150x194.webp 150w\" sizes=\"(max-width: 930px) 100vw, 930px\" \/><img loading=\"lazy\" decoding=\"async\" class=\"aligncenter wp-image-36371 size-full\" src=\"https:\/\/broxtal.com\/wp-content\/uploads\/2025\/07\/JY-301_05.webp\" alt=\"\" width=\"930\" height=\"1183\" srcset=\"https:\/\/broxtal.com\/wp-content\/uploads\/2025\/07\/JY-301_05.webp 930w, https:\/\/broxtal.com\/wp-content\/uploads\/2025\/07\/JY-301_05-236x300.webp 236w, https:\/\/broxtal.com\/wp-content\/uploads\/2025\/07\/JY-301_05-629x800.webp 629w, https:\/\/broxtal.com\/wp-content\/uploads\/2025\/07\/JY-301_05-768x977.webp 768w, https:\/\/broxtal.com\/wp-content\/uploads\/2025\/07\/JY-301_05-9x12.webp 9w, https:\/\/broxtal.com\/wp-content\/uploads\/2025\/07\/JY-301_05-60x76.webp 60w, https:\/\/broxtal.com\/wp-content\/uploads\/2025\/07\/JY-301_05-110x140.webp 110w, https:\/\/broxtal.com\/wp-content\/uploads\/2025\/07\/JY-301_05-600x763.webp 600w, https:\/\/broxtal.com\/wp-content\/uploads\/2025\/07\/JY-301_05-150x191.webp 150w\" sizes=\"(max-width: 930px) 100vw, 930px\" \/><img loading=\"lazy\" decoding=\"async\" class=\"aligncenter wp-image-36370 size-full\" src=\"https:\/\/broxtal.com\/wp-content\/uploads\/2025\/07\/JY-301_04.webp\" alt=\"\" width=\"930\" height=\"1492\" srcset=\"https:\/\/broxtal.com\/wp-content\/uploads\/2025\/07\/JY-301_04.webp 930w, https:\/\/broxtal.com\/wp-content\/uploads\/2025\/07\/JY-301_04-187x300.webp 187w, https:\/\/broxtal.com\/wp-content\/uploads\/2025\/07\/JY-301_04-499x800.webp 499w, https:\/\/broxtal.com\/wp-content\/uploads\/2025\/07\/JY-301_04-768x1232.webp 768w, https:\/\/broxtal.com\/wp-content\/uploads\/2025\/07\/JY-301_04-7x12.webp 7w, https:\/\/broxtal.com\/wp-content\/uploads\/2025\/07\/JY-301_04-60x96.webp 60w, https:\/\/broxtal.com\/wp-content\/uploads\/2025\/07\/JY-301_04-110x176.webp 110w, https:\/\/broxtal.com\/wp-content\/uploads\/2025\/07\/JY-301_04-600x963.webp 600w, https:\/\/broxtal.com\/wp-content\/uploads\/2025\/07\/JY-301_04-150x241.webp 150w\" sizes=\"(max-width: 930px) 100vw, 930px\" \/><img loading=\"lazy\" decoding=\"async\" class=\"aligncenter wp-image-36367 size-full\" src=\"https:\/\/broxtal.com\/wp-content\/uploads\/2025\/07\/JY-301_01.webp\" alt=\"\" width=\"930\" height=\"1205\" srcset=\"https:\/\/broxtal.com\/wp-content\/uploads\/2025\/07\/JY-301_01.webp 930w, https:\/\/broxtal.com\/wp-content\/uploads\/2025\/07\/JY-301_01-232x300.webp 232w, https:\/\/broxtal.com\/wp-content\/uploads\/2025\/07\/JY-301_01-617x800.webp 617w, https:\/\/broxtal.com\/wp-content\/uploads\/2025\/07\/JY-301_01-768x995.webp 768w, https:\/\/broxtal.com\/wp-content\/uploads\/2025\/07\/JY-301_01-9x12.webp 9w, https:\/\/broxtal.com\/wp-content\/uploads\/2025\/07\/JY-301_01-60x78.webp 60w, https:\/\/broxtal.com\/wp-content\/uploads\/2025\/07\/JY-301_01-110x143.webp 110w, https:\/\/broxtal.com\/wp-content\/uploads\/2025\/07\/JY-301_01-600x777.webp 600w, https:\/\/broxtal.com\/wp-content\/uploads\/2025\/07\/JY-301_01-150x194.webp 150w\" sizes=\"(max-width: 930px) 100vw, 930px\" \/><img loading=\"lazy\" decoding=\"async\" class=\"aligncenter size-large wp-image-36382\" src=\"https:\/\/broxtal.com\/wp-content\/uploads\/2025\/07\/YK-301W-sq-3.webp\" alt=\"\" width=\"800\" height=\"800\" srcset=\"https:\/\/broxtal.com\/wp-content\/uploads\/2025\/07\/YK-301W-sq-3.webp 800w, https:\/\/broxtal.com\/wp-content\/uploads\/2025\/07\/YK-301W-sq-3-300x300.webp 300w, https:\/\/broxtal.com\/wp-content\/uploads\/2025\/07\/YK-301W-sq-3-150x150.webp 150w, https:\/\/broxtal.com\/wp-content\/uploads\/2025\/07\/YK-301W-sq-3-768x768.webp 768w, https:\/\/broxtal.com\/wp-content\/uploads\/2025\/07\/YK-301W-sq-3-12x12.webp 12w, https:\/\/broxtal.com\/wp-content\/uploads\/2025\/07\/YK-301W-sq-3-60x60.webp 60w, https:\/\/broxtal.com\/wp-content\/uploads\/2025\/07\/YK-301W-sq-3-110x110.webp 110w, https:\/\/broxtal.com\/wp-content\/uploads\/2025\/07\/YK-301W-sq-3-600x600.webp 600w, https:\/\/broxtal.com\/wp-content\/uploads\/2025\/07\/YK-301W-sq-3-32x32.webp 32w, https:\/\/broxtal.com\/wp-content\/uploads\/2025\/07\/YK-301W-sq-3-64x64.webp 64w\" sizes=\"(max-width: 800px) 100vw, 800px\" \/><img loading=\"lazy\" decoding=\"async\" class=\"aligncenter size-large wp-image-36365\" src=\"https:\/\/broxtal.com\/wp-content\/uploads\/2025\/07\/JY-301_12-810x800.webp\" alt=\"\" width=\"810\" height=\"800\" srcset=\"https:\/\/broxtal.com\/wp-content\/uploads\/2025\/07\/JY-301_12-810x800.webp 810w, https:\/\/broxtal.com\/wp-content\/uploads\/2025\/07\/JY-301_12-304x300.webp 304w, https:\/\/broxtal.com\/wp-content\/uploads\/2025\/07\/JY-301_12-768x759.webp 768w, https:\/\/broxtal.com\/wp-content\/uploads\/2025\/07\/JY-301_12-12x12.webp 12w, https:\/\/broxtal.com\/wp-content\/uploads\/2025\/07\/JY-301_12-60x59.webp 60w, https:\/\/broxtal.com\/wp-content\/uploads\/2025\/07\/JY-301_12-110x109.webp 110w, https:\/\/broxtal.com\/wp-content\/uploads\/2025\/07\/JY-301_12-600x593.webp 600w, https:\/\/broxtal.com\/wp-content\/uploads\/2025\/07\/JY-301_12-150x148.webp 150w, https:\/\/broxtal.com\/wp-content\/uploads\/2025\/07\/JY-301_12-32x32.webp 32w, https:\/\/broxtal.com\/wp-content\/uploads\/2025\/07\/JY-301_12-64x64.webp 64w, https:\/\/broxtal.com\/wp-content\/uploads\/2025\/07\/JY-301_12.webp 930w\" sizes=\"(max-width: 810px) 100vw, 810px\" \/> <img loading=\"lazy\" decoding=\"async\" class=\"aligncenter size-large wp-image-36366\" src=\"https:\/\/broxtal.com\/wp-content\/uploads\/2025\/07\/JY-301_13-750x800.webp\" alt=\"\" width=\"750\" height=\"800\" srcset=\"https:\/\/broxtal.com\/wp-content\/uploads\/2025\/07\/JY-301_13-750x800.webp 750w, https:\/\/broxtal.com\/wp-content\/uploads\/2025\/07\/JY-301_13-281x300.webp 281w, https:\/\/broxtal.com\/wp-content\/uploads\/2025\/07\/JY-301_13-768x819.webp 768w, https:\/\/broxtal.com\/wp-content\/uploads\/2025\/07\/JY-301_13-11x12.webp 11w, https:\/\/broxtal.com\/wp-content\/uploads\/2025\/07\/JY-301_13-60x64.webp 60w, https:\/\/broxtal.com\/wp-content\/uploads\/2025\/07\/JY-301_13-110x117.webp 110w, https:\/\/broxtal.com\/wp-content\/uploads\/2025\/07\/JY-301_13-600x640.webp 600w, https:\/\/broxtal.com\/wp-content\/uploads\/2025\/07\/JY-301_13-150x160.webp 150w, https:\/\/broxtal.com\/wp-content\/uploads\/2025\/07\/JY-301_13.webp 930w\" sizes=\"(max-width: 750px) 100vw, 750px\" \/><\/p>","protected":false},"excerpt":{"rendered":"<ul>\n<li data-start=\"2884\" data-end=\"2913\"><strong>Flusso di ossigeno continuo 1-3L<\/strong><\/li>\n<li data-start=\"2884\" data-end=\"2913\"><strong>93% concentrazione di ossigeno<\/strong><\/li>\n<li data-start=\"2953\" data-end=\"2986\"><strong>Funzione vocale + telecomando<\/strong><\/li>\n<\/ul>","protected":false},"featured_media":36379,"comment_status":"open","ping_status":"closed","template":"","meta":[],"product_brand":[],"product_cat":[286,1821,1819,1761,1719],"product_tag":[],"class_list":{"0":"post-36363","1":"product","2":"type-product","3":"status-publish","4":"has-post-thumbnail","6":"product_cat-health-wellness","7":"product_cat-continuous-flow","8":"product_cat-home-oxygen-machine","9":"product_cat-oxygen-concentrators","10":"product_cat-respiratory-care-oxygen-therapy","12":"first","13":"outofstock","14":"sale","15":"shipping-taxable","16":"purchasable","17":"product-type-simple"},"_links":{"self":[{"href":"https:\/\/broxtal.com\/it\/wp-json\/wp\/v2\/product\/36363","targetHints":{"allow":["GET"]}}],"collection":[{"href":"https:\/\/broxtal.com\/it\/wp-json\/wp\/v2\/product"}],"about":[{"href":"https:\/\/broxtal.com\/it\/wp-json\/wp\/v2\/types\/product"}],"replies":[{"embeddable":true,"href":"https:\/\/broxtal.com\/it\/wp-json\/wp\/v2\/comments?post=36363"}],"version-history":[{"count":7,"href":"https:\/\/broxtal.com\/it\/wp-json\/wp\/v2\/product\/36363\/revisions"}],"predecessor-version":[{"id":37045,"href":"https:\/\/broxtal.com\/it\/wp-json\/wp\/v2\/product\/36363\/revisions\/37045"}],"wp:featuredmedia":[{"embeddable":true,"href":"https:\/\/broxtal.com\/it\/wp-json\/wp\/v2\/media\/36379"}],"wp:attachment":[{"href":"https:\/\/broxtal.com\/it\/wp-json\/wp\/v2\/media?parent=36363"}],"wp:term":[{"taxonomy":"product_brand","embeddable":true,"href":"https:\/\/broxtal.com\/it\/wp-json\/wp\/v2\/product_brand?post=36363"},{"taxonomy":"product_cat","embeddable":true,"href":"https:\/\/broxtal.com\/it\/wp-json\/wp\/v2\/product_cat?post=36363"},{"taxonomy":"product_tag","embeddable":true,"href":"https:\/\/broxtal.com\/it\/wp-json\/wp\/v2\/product_tag?post=36363"}],"curies":[{"name":"wp","href":"https:\/\/api.w.org\/{rel}","templated":true}]}}