{"id":36487,"date":"2025-07-13T09:30:19","date_gmt":"2025-07-13T08:30:19","guid":{"rendered":"https:\/\/broxtal.com\/?post_type=product&#038;p=36487"},"modified":"2025-07-24T15:41:33","modified_gmt":"2025-07-24T14:41:33","slug":"hydrogen-generator-a300","status":"publish","type":"product","link":"https:\/\/broxtal.com\/it\/prodotto\/hydrogen-generator-a300\/","title":{"rendered":"Generatore di idrogeno A300 - Ossigeno-idrogeno multifunzione a doppia modalit\u00e0"},"content":{"rendered":"<h1 style=\"text-align: center;\" data-start=\"179\" data-end=\"243\"><span style=\"color: #000080;\">Generatore di idrogeno A300 - Terapia intelligente con supporto a doppia modalit\u00e0<\/span><\/h1>\n<h2 style=\"text-align: center;\" data-start=\"274\" data-end=\"385\"><span style=\"color: #3366ff;\">Godetevi la purezza dell'idrogeno 99.99%, la doppia modalit\u00e0 H\u2082\/O\u2082 regolabile, <\/span><span style=\"color: #3366ff;\"><strong data-start=\"570\" data-end=\"642\">Multifunzionale e <\/strong>monitoraggio intelligente per uso domestico o clinico.<\/span><\/h2>\n<p style=\"text-align: center;\"><img fetchpriority=\"high\" decoding=\"async\" class=\"aligncenter size-full wp-image-36494\" src=\"https:\/\/broxtal.com\/wp-content\/uploads\/2025\/07\/main-image-2-1.webp\" alt=\"\" width=\"800\" height=\"800\" srcset=\"https:\/\/broxtal.com\/wp-content\/uploads\/2025\/07\/main-image-2-1.webp 800w, https:\/\/broxtal.com\/wp-content\/uploads\/2025\/07\/main-image-2-1-300x300.webp 300w, https:\/\/broxtal.com\/wp-content\/uploads\/2025\/07\/main-image-2-1-150x150.webp 150w, https:\/\/broxtal.com\/wp-content\/uploads\/2025\/07\/main-image-2-1-768x768.webp 768w, https:\/\/broxtal.com\/wp-content\/uploads\/2025\/07\/main-image-2-1-12x12.webp 12w, https:\/\/broxtal.com\/wp-content\/uploads\/2025\/07\/main-image-2-1-60x60.webp 60w, https:\/\/broxtal.com\/wp-content\/uploads\/2025\/07\/main-image-2-1-110x110.webp 110w, https:\/\/broxtal.com\/wp-content\/uploads\/2025\/07\/main-image-2-1-600x600.webp 600w, https:\/\/broxtal.com\/wp-content\/uploads\/2025\/07\/main-image-2-1-32x32.webp 32w, https:\/\/broxtal.com\/wp-content\/uploads\/2025\/07\/main-image-2-1-64x64.webp 64w\" sizes=\"(max-width: 800px) 100vw, 800px\" \/><\/p>\n<article class=\"text-token-text-primary w-full\" dir=\"auto\" data-testid=\"conversation-turn-64\" data-scroll-anchor=\"true\">\n<div class=\"text-base my-auto mx-auto py-5 [--thread-content-margin:--spacing(4)] @[37rem]:[--thread-content-margin:--spacing(6)] @[72rem]:[--thread-content-margin:--spacing(16)] px-(--thread-content-margin)\">\n<div class=\"[--thread-content-max-width:32rem] @[34rem]:[--thread-content-max-width:40rem] @[64rem]:[--thread-content-max-width:48rem] mx-auto flex max-w-(--thread-content-max-width) flex-1 text-base gap-4 md:gap-5 lg:gap-6 group\/turn-messages focus-visible:outline-hidden\" tabindex=\"-1\">\n<div class=\"group\/conversation-turn relative flex w-full min-w-0 flex-col agent-turn\">\n<div class=\"relative flex-col gap-1 md:gap-3\">\n<div class=\"flex max-w-full flex-col grow\">\n<div class=\"min-h-8 text-message relative flex w-full flex-col items-end gap-2 text-start break-words whitespace-normal [.text-message+&amp;]:mt-5\" dir=\"auto\" data-message-author-role=\"assistant\" data-message-id=\"8af93213-24ec-4ec4-971c-9a2f3bea2141\" data-message-model-slug=\"gpt-4o\">\n<div class=\"flex w-full flex-col gap-1 empty:hidden first:pt-[3px]\">\n<div class=\"markdown prose dark:prose-invert w-full break-words dark\">\n<p style=\"text-align: center;\" data-start=\"0\" data-end=\"360\"><span style=\"color: #000000;\"><strong data-start=\"0\" data-end=\"56\" data-is-only-node=\"\">Che cos'\u00e8 un generatore di idrogeno e come funziona?<\/strong><\/span><br data-start=\"56\" data-end=\"59\" \/><span style=\"color: #000000;\">Un generatore di idrogeno \u00e8 un dispositivo che produce idrogeno gassoso da acqua purificata mediante elettrolisi. Scinde l'acqua (H\u2082O) in idrogeno (H\u2082) e ossigeno (O\u2082). L'A300 utilizza la tecnologia SPE avanzata per generare idrogeno puro al 99,99%, che pu\u00f2 essere inalato direttamente o miscelato con ossigeno per ottenere benefici per la salute.<\/span><\/p>\n<p data-start=\"0\" data-end=\"360\"><img decoding=\"async\" class=\"aligncenter wp-image-36502 size-full\" src=\"https:\/\/broxtal.com\/wp-content\/uploads\/2025\/07\/description-image-3.webp\" alt=\"\" width=\"750\" height=\"782\" srcset=\"https:\/\/broxtal.com\/wp-content\/uploads\/2025\/07\/description-image-3.webp 750w, https:\/\/broxtal.com\/wp-content\/uploads\/2025\/07\/description-image-3-288x300.webp 288w, https:\/\/broxtal.com\/wp-content\/uploads\/2025\/07\/description-image-3-12x12.webp 12w, https:\/\/broxtal.com\/wp-content\/uploads\/2025\/07\/description-image-3-60x63.webp 60w, https:\/\/broxtal.com\/wp-content\/uploads\/2025\/07\/description-image-3-110x115.webp 110w, https:\/\/broxtal.com\/wp-content\/uploads\/2025\/07\/description-image-3-600x626.webp 600w, https:\/\/broxtal.com\/wp-content\/uploads\/2025\/07\/description-image-3-150x156.webp 150w, https:\/\/broxtal.com\/wp-content\/uploads\/2025\/07\/description-image-3-32x32.webp 32w\" sizes=\"(max-width: 750px) 100vw, 750px\" \/><\/p>\n<\/div>\n<\/div>\n<\/div>\n<\/div>\n<\/div>\n<\/div>\n<\/div>\n<\/div>\n<\/article>\n<div class=\"pointer-events-none h-px w-px\" style=\"text-align: center;\" aria-hidden=\"true\" data-edge=\"true\"><span style=\"color: #000000;\"><strong data-start=\"0\" data-end=\"60\" data-is-only-node=\"\">\u2753 Cos'\u00e8 la tecnologia dell'ossidrogeno e come funziona l'HHO?<\/strong><\/span><br data-start=\"60\" data-end=\"63\" \/><span style=\"color: #000000;\">La tecnologia ossidrica utilizza l'elettrolisi per scindere l'acqua in idrogeno (H\u2082) e ossigeno (O\u2082), creando un gas misto chiamato HHO. Questo gas pu\u00f2 essere inalato per ottenere potenziali benefici per la salute. Nel dispositivo A300 \u00e8 possibile scegliere tra idrogeno puro o una miscela di HHO, con una produzione sicura e stabile controllata dalla tecnologia di elettrolisi intelligente (SPE).<\/span><\/div>\n<h3 style=\"text-align: center;\" data-start=\"570\" data-end=\"1142\"><img decoding=\"async\" class=\"aligncenter wp-image-36501 size-full\" src=\"https:\/\/broxtal.com\/wp-content\/uploads\/2025\/07\/description-image-2.webp\" alt=\"\" width=\"750\" height=\"906\" srcset=\"https:\/\/broxtal.com\/wp-content\/uploads\/2025\/07\/description-image-2.webp 750w, https:\/\/broxtal.com\/wp-content\/uploads\/2025\/07\/description-image-2-248x300.webp 248w, https:\/\/broxtal.com\/wp-content\/uploads\/2025\/07\/description-image-2-662x800.webp 662w, https:\/\/broxtal.com\/wp-content\/uploads\/2025\/07\/description-image-2-10x12.webp 10w, https:\/\/broxtal.com\/wp-content\/uploads\/2025\/07\/description-image-2-60x72.webp 60w, https:\/\/broxtal.com\/wp-content\/uploads\/2025\/07\/description-image-2-110x133.webp 110w, https:\/\/broxtal.com\/wp-content\/uploads\/2025\/07\/description-image-2-600x725.webp 600w, https:\/\/broxtal.com\/wp-content\/uploads\/2025\/07\/description-image-2-150x181.webp 150w\" sizes=\"(max-width: 750px) 100vw, 750px\" \/><\/h3>\n<h3 style=\"text-align: center;\" data-start=\"570\" data-end=\"1142\"><span style=\"color: #000000;\"><strong data-start=\"570\" data-end=\"642\">Generatore di idrogeno multifunzionale per un'inalazione sicura ed efficace<\/strong><\/span><\/h3>\n<p style=\"text-align: center;\" data-start=\"570\" data-end=\"1142\"><span style=\"color: #000000;\">Il generatore di idrogeno A300 offre una soluzione inalatoria di qualit\u00e0 superiore che utilizza la tecnologia di elettrolisi SPE per erogare idrogeno puro 99,99% con uscita mista idrogeno-ossigeno opzionale. Con modalit\u00e0 di aspirazione singola e doppia, questo dispositivo funziona con 300 ml\/min di idrogeno e 150 ml\/min di ossigeno, rendendolo ideale per una variet\u00e0 di esigenze terapeutiche a casa o in ambienti clinici. \u00c8 dotato di funzioni di rilevamento intelligenti e di indicazioni vocali, che garantiscono la sicurezza dell'utente e la facilit\u00e0 d'uso.<\/span><\/p>\n<p style=\"text-align: center;\" data-start=\"570\" data-end=\"1142\"><img loading=\"lazy\" decoding=\"async\" class=\"aligncenter wp-image-36504 size-full\" src=\"https:\/\/broxtal.com\/wp-content\/uploads\/2025\/07\/description-image-5.webp\" alt=\"\" width=\"750\" height=\"522\" srcset=\"https:\/\/broxtal.com\/wp-content\/uploads\/2025\/07\/description-image-5.webp 750w, https:\/\/broxtal.com\/wp-content\/uploads\/2025\/07\/description-image-5-400x278.webp 400w, https:\/\/broxtal.com\/wp-content\/uploads\/2025\/07\/description-image-5-18x12.webp 18w, https:\/\/broxtal.com\/wp-content\/uploads\/2025\/07\/description-image-5-60x42.webp 60w, https:\/\/broxtal.com\/wp-content\/uploads\/2025\/07\/description-image-5-110x77.webp 110w, https:\/\/broxtal.com\/wp-content\/uploads\/2025\/07\/description-image-5-600x418.webp 600w, https:\/\/broxtal.com\/wp-content\/uploads\/2025\/07\/description-image-5-150x104.webp 150w\" sizes=\"(max-width: 750px) 100vw, 750px\" \/><\/p>\n<h3 style=\"text-align: center;\" data-start=\"1175\" data-end=\"1686\"><span style=\"color: #000000;\"><strong data-start=\"1175\" data-end=\"1225\">La tecnologia intelligente incontra le prestazioni ad alta purezza<\/strong><\/span><\/h3>\n<p style=\"text-align: center;\" data-start=\"1175\" data-end=\"1686\"><span style=\"color: #000000;\">Questo dispositivo multifunzionale \u00e8 dotato di un ampio display touch-enabled e di un rilevamento intelligente di temperatura, qualit\u00e0 dell'acqua, inclinazione e livello dell'acqua. Grazie al suo design silenzioso, al serbatoio di grande capacit\u00e0 e al sistema di uscita a doppio gas, gli utenti possono godere di un utilizzo flessibile, sia che abbiano bisogno di idrogeno puro che di gas ossidrico misto. L'A300 utilizza materiali di alta qualit\u00e0 come la pellicola N117 di DuPont, l'elettrolita di platino e gli elettrodi in fibra di titanio per garantire una lunga durata e prestazioni sicure.<\/span><\/p>\n<h3 style=\"text-align: center;\" data-start=\"1693\" data-end=\"1719\"><img loading=\"lazy\" decoding=\"async\" class=\"aligncenter size-full wp-image-36491\" src=\"https:\/\/broxtal.com\/wp-content\/uploads\/2025\/07\/main-image-5.webp\" alt=\"\" width=\"800\" height=\"800\" srcset=\"https:\/\/broxtal.com\/wp-content\/uploads\/2025\/07\/main-image-5.webp 800w, https:\/\/broxtal.com\/wp-content\/uploads\/2025\/07\/main-image-5-300x300.webp 300w, https:\/\/broxtal.com\/wp-content\/uploads\/2025\/07\/main-image-5-150x150.webp 150w, https:\/\/broxtal.com\/wp-content\/uploads\/2025\/07\/main-image-5-768x768.webp 768w, https:\/\/broxtal.com\/wp-content\/uploads\/2025\/07\/main-image-5-12x12.webp 12w, https:\/\/broxtal.com\/wp-content\/uploads\/2025\/07\/main-image-5-60x60.webp 60w, https:\/\/broxtal.com\/wp-content\/uploads\/2025\/07\/main-image-5-110x110.webp 110w, https:\/\/broxtal.com\/wp-content\/uploads\/2025\/07\/main-image-5-600x600.webp 600w, https:\/\/broxtal.com\/wp-content\/uploads\/2025\/07\/main-image-5-32x32.webp 32w, https:\/\/broxtal.com\/wp-content\/uploads\/2025\/07\/main-image-5-64x64.webp 64w\" sizes=\"(max-width: 800px) 100vw, 800px\" \/><\/h3>\n<h3 style=\"text-align: center;\" data-start=\"1693\" data-end=\"1719\"><span style=\"color: #000000;\">Tabella delle specifiche<\/span><\/h3>\n<div class=\"_tableContainer_80l1q_1\" style=\"text-align: center;\">\n<div class=\"_tableWrapper_80l1q_14 group flex w-fit flex-col-reverse\" tabindex=\"-1\">\n<table class=\"w-fit min-w-(--thread-content-width)\" data-start=\"1721\" data-end=\"2939\">\n<thead data-start=\"1721\" data-end=\"1797\">\n<tr data-start=\"1721\" data-end=\"1797\">\n<th data-start=\"1721\" data-end=\"1751\" data-col-size=\"sm\"><span style=\"color: #000000;\">Caratteristica<\/span><\/th>\n<th data-start=\"1751\" data-end=\"1797\" data-col-size=\"sm\"><span style=\"color: #000000;\">Descrizione<\/span><\/th>\n<\/tr>\n<\/thead>\n<tbody data-start=\"1874\" data-end=\"2939\">\n<tr data-start=\"1874\" data-end=\"1949\">\n<td data-start=\"1874\" data-end=\"1903\" data-col-size=\"sm\"><span style=\"color: #000000;\">Modello<\/span><\/td>\n<td data-col-size=\"sm\" data-start=\"1903\" data-end=\"1949\"><span style=\"color: #000000;\">A300<\/span><\/td>\n<\/tr>\n<tr data-start=\"1950\" data-end=\"2025\">\n<td data-start=\"1950\" data-end=\"1979\" data-col-size=\"sm\"><span style=\"color: #000000;\">Nome del prodotto<\/span><\/td>\n<td data-col-size=\"sm\" data-start=\"1979\" data-end=\"2025\"><span style=\"color: #000000;\">Generatore di idrogeno<\/span><\/td>\n<\/tr>\n<tr data-start=\"2026\" data-end=\"2101\">\n<td data-start=\"2026\" data-end=\"2055\" data-col-size=\"sm\"><span style=\"color: #000000;\">Purezza dell'idrogeno<\/span><\/td>\n<td data-col-size=\"sm\" data-start=\"2055\" data-end=\"2101\"><span style=\"color: #000000;\">99.99%<\/span><\/td>\n<\/tr>\n<tr data-start=\"2102\" data-end=\"2177\">\n<td data-start=\"2102\" data-end=\"2131\" data-col-size=\"sm\"><span style=\"color: #000000;\">Produzione di idrogeno<\/span><\/td>\n<td data-col-size=\"sm\" data-start=\"2131\" data-end=\"2177\"><span style=\"color: #000000;\">300 ml\/min<\/span><\/td>\n<\/tr>\n<tr data-start=\"2178\" data-end=\"2253\">\n<td data-start=\"2178\" data-end=\"2207\" data-col-size=\"sm\"><span style=\"color: #000000;\">Uscita di ossigeno<\/span><\/td>\n<td data-col-size=\"sm\" data-start=\"2207\" data-end=\"2253\"><span style=\"color: #000000;\">150 ml\/min<\/span><\/td>\n<\/tr>\n<tr data-start=\"2254\" data-end=\"2329\">\n<td data-start=\"2254\" data-end=\"2283\" data-col-size=\"sm\"><span style=\"color: #000000;\">Produzione di gas misto<\/span><\/td>\n<td data-col-size=\"sm\" data-start=\"2283\" data-end=\"2329\"><span style=\"color: #000000;\">450 ml\/min (H2+O2 combinati)<\/span><\/td>\n<\/tr>\n<tr data-start=\"2330\" data-end=\"2406\">\n<td data-start=\"2330\" data-end=\"2359\" data-col-size=\"sm\"><span style=\"color: #000000;\">Ingresso di alimentazione<\/span><\/td>\n<td data-col-size=\"sm\" data-start=\"2359\" data-end=\"2406\"><span style=\"color: #000000;\">AC110V\/220V, 50Hz\/60Hz<\/span><\/td>\n<\/tr>\n<tr data-start=\"2407\" data-end=\"2483\">\n<td data-start=\"2407\" data-end=\"2436\" data-col-size=\"sm\"><span style=\"color: #000000;\">Pressione<\/span><\/td>\n<td data-col-size=\"sm\" data-start=\"2436\" data-end=\"2483\"><span style=\"color: #000000;\">700hPa-1060hPa<\/span><\/td>\n<\/tr>\n<tr data-start=\"2484\" data-end=\"2559\">\n<td data-start=\"2484\" data-end=\"2513\" data-col-size=\"sm\"><span style=\"color: #000000;\">Intervallo di temperatura<\/span><\/td>\n<td data-col-size=\"sm\" data-start=\"2513\" data-end=\"2559\"><span style=\"color: #000000;\">5\u2103~40\u2103<\/span><\/td>\n<\/tr>\n<tr data-start=\"2560\" data-end=\"2635\">\n<td data-start=\"2560\" data-end=\"2589\" data-col-size=\"sm\"><span style=\"color: #000000;\">Umidit\u00e0 relativa<\/span><\/td>\n<td data-col-size=\"sm\" data-start=\"2589\" data-end=\"2635\"><span style=\"color: #000000;\">\u226480%<\/span><\/td>\n<\/tr>\n<tr data-start=\"2636\" data-end=\"2711\">\n<td data-start=\"2636\" data-end=\"2665\" data-col-size=\"sm\"><span style=\"color: #000000;\">Fabbisogno idrico<\/span><\/td>\n<td data-col-size=\"sm\" data-start=\"2665\" data-end=\"2711\"><span style=\"color: #000000;\">Acqua distillata doppia o acqua potabile pura<\/span><\/td>\n<\/tr>\n<tr data-start=\"2712\" data-end=\"2787\">\n<td data-start=\"2712\" data-end=\"2741\" data-col-size=\"sm\"><span style=\"color: #000000;\">Dimensione del prodotto<\/span><\/td>\n<td data-start=\"2741\" data-end=\"2787\" data-col-size=\"sm\"><span style=\"color: #000000;\">230 \u00d7 280 \u00d7 390 mm<\/span><\/td>\n<\/tr>\n<tr data-start=\"2788\" data-end=\"2863\">\n<td data-start=\"2788\" data-end=\"2817\" data-col-size=\"sm\"><span style=\"color: #000000;\">Classificazione degli strumenti<\/span><\/td>\n<td data-col-size=\"sm\" data-start=\"2817\" data-end=\"2863\"><span style=\"color: #000000;\">Classe II<\/span><\/td>\n<\/tr>\n<tr data-start=\"2864\" data-end=\"2939\">\n<td data-start=\"2864\" data-end=\"2893\" data-col-size=\"sm\"><span style=\"color: #000000;\">Garanzia<\/span><\/td>\n<td data-col-size=\"sm\" data-start=\"2893\" data-end=\"2939\"><span style=\"color: #000000;\">1 anno<\/span><\/td>\n<\/tr>\n<\/tbody>\n<\/table>\n<div class=\"sticky end-(--thread-content-margin) h-0 self-end select-none\">\n<div class=\"absolute end-0 flex items-end\"><img loading=\"lazy\" decoding=\"async\" class=\"aligncenter wp-image-36500 size-full\" src=\"https:\/\/broxtal.com\/wp-content\/uploads\/2025\/07\/description-image-1.webp\" alt=\"\" width=\"750\" height=\"589\" srcset=\"https:\/\/broxtal.com\/wp-content\/uploads\/2025\/07\/description-image-1.webp 750w, https:\/\/broxtal.com\/wp-content\/uploads\/2025\/07\/description-image-1-382x300.webp 382w, https:\/\/broxtal.com\/wp-content\/uploads\/2025\/07\/description-image-1-15x12.webp 15w, https:\/\/broxtal.com\/wp-content\/uploads\/2025\/07\/description-image-1-60x47.webp 60w, https:\/\/broxtal.com\/wp-content\/uploads\/2025\/07\/description-image-1-110x86.webp 110w, https:\/\/broxtal.com\/wp-content\/uploads\/2025\/07\/description-image-1-600x471.webp 600w, https:\/\/broxtal.com\/wp-content\/uploads\/2025\/07\/description-image-1-150x118.webp 150w\" sizes=\"(max-width: 750px) 100vw, 750px\" \/><\/div>\n<\/div>\n<\/div>\n<\/div>\n<h3 style=\"text-align: center;\" data-start=\"2946\" data-end=\"2966\"><span style=\"color: #000000;\">Elenco dei pacchetti<\/span><\/h3>\n<p style=\"text-align: center;\">\u2714\ufe0f 1 \u00d7 Generatore di idrogeno A300<br data-start=\"76\" data-end=\"79\" \/>\u2714\ufe0f 1 \u00d7 Adattatore di alimentazione<br data-start=\"99\" data-end=\"102\" \/>\u2714\ufe0f 1 \u00d7 Accessori per inalazione (tubi di aspirazione)<br data-start=\"147\" data-end=\"150\" \/>\u2714\ufe0f 1 \u00d7 Manuale d'uso<br data-start=\"168\" data-end=\"171\" \/>\u2714\ufe0f 1 \u00d7 Serbatoio interno dell'acqua<br data-start=\"197\" data-end=\"200\" \/>\u2714\ufe0f 1 \u00d7 Imbuto per il riempimento dell'acqua<\/p>\n<p style=\"text-align: center;\"><img loading=\"lazy\" decoding=\"async\" class=\"aligncenter size-large wp-image-36505\" src=\"https:\/\/broxtal.com\/wp-content\/uploads\/2025\/07\/description-image-6.webp\" alt=\"\" width=\"750\" height=\"670\" srcset=\"https:\/\/broxtal.com\/wp-content\/uploads\/2025\/07\/description-image-6.webp 750w, https:\/\/broxtal.com\/wp-content\/uploads\/2025\/07\/description-image-6-336x300.webp 336w, https:\/\/broxtal.com\/wp-content\/uploads\/2025\/07\/description-image-6-13x12.webp 13w, https:\/\/broxtal.com\/wp-content\/uploads\/2025\/07\/description-image-6-60x54.webp 60w, https:\/\/broxtal.com\/wp-content\/uploads\/2025\/07\/description-image-6-110x98.webp 110w, https:\/\/broxtal.com\/wp-content\/uploads\/2025\/07\/description-image-6-600x536.webp 600w, https:\/\/broxtal.com\/wp-content\/uploads\/2025\/07\/description-image-6-150x134.webp 150w\" sizes=\"(max-width: 750px) 100vw, 750px\" \/><img loading=\"lazy\" decoding=\"async\" class=\"aligncenter wp-image-36497 size-full\" src=\"https:\/\/broxtal.com\/wp-content\/uploads\/2025\/07\/description-image-7.webp\" alt=\"\" width=\"750\" height=\"1125\" srcset=\"https:\/\/broxtal.com\/wp-content\/uploads\/2025\/07\/description-image-7.webp 750w, https:\/\/broxtal.com\/wp-content\/uploads\/2025\/07\/description-image-7-200x300.webp 200w, https:\/\/broxtal.com\/wp-content\/uploads\/2025\/07\/description-image-7-533x800.webp 533w, https:\/\/broxtal.com\/wp-content\/uploads\/2025\/07\/description-image-7-8x12.webp 8w, https:\/\/broxtal.com\/wp-content\/uploads\/2025\/07\/description-image-7-60x90.webp 60w, https:\/\/broxtal.com\/wp-content\/uploads\/2025\/07\/description-image-7-110x165.webp 110w, https:\/\/broxtal.com\/wp-content\/uploads\/2025\/07\/description-image-7-600x900.webp 600w, https:\/\/broxtal.com\/wp-content\/uploads\/2025\/07\/description-image-7-150x225.webp 150w\" sizes=\"(max-width: 750px) 100vw, 750px\" \/> <img loading=\"lazy\" decoding=\"async\" class=\"aligncenter wp-image-36498 size-full\" src=\"https:\/\/broxtal.com\/wp-content\/uploads\/2025\/07\/description-image-8.webp\" alt=\"\" width=\"750\" height=\"992\" srcset=\"https:\/\/broxtal.com\/wp-content\/uploads\/2025\/07\/description-image-8.webp 750w, https:\/\/broxtal.com\/wp-content\/uploads\/2025\/07\/description-image-8-227x300.webp 227w, https:\/\/broxtal.com\/wp-content\/uploads\/2025\/07\/description-image-8-605x800.webp 605w, https:\/\/broxtal.com\/wp-content\/uploads\/2025\/07\/description-image-8-9x12.webp 9w, https:\/\/broxtal.com\/wp-content\/uploads\/2025\/07\/description-image-8-60x79.webp 60w, https:\/\/broxtal.com\/wp-content\/uploads\/2025\/07\/description-image-8-110x145.webp 110w, https:\/\/broxtal.com\/wp-content\/uploads\/2025\/07\/description-image-8-600x794.webp 600w, https:\/\/broxtal.com\/wp-content\/uploads\/2025\/07\/description-image-8-150x198.webp 150w\" sizes=\"(max-width: 750px) 100vw, 750px\" \/> <img loading=\"lazy\" decoding=\"async\" class=\"aligncenter size-full wp-image-36490\" src=\"https:\/\/broxtal.com\/wp-content\/uploads\/2025\/07\/main-image-4.webp\" alt=\"\" width=\"800\" height=\"800\" srcset=\"https:\/\/broxtal.com\/wp-content\/uploads\/2025\/07\/main-image-4.webp 800w, https:\/\/broxtal.com\/wp-content\/uploads\/2025\/07\/main-image-4-300x300.webp 300w, https:\/\/broxtal.com\/wp-content\/uploads\/2025\/07\/main-image-4-150x150.webp 150w, https:\/\/broxtal.com\/wp-content\/uploads\/2025\/07\/main-image-4-768x768.webp 768w, https:\/\/broxtal.com\/wp-content\/uploads\/2025\/07\/main-image-4-12x12.webp 12w, https:\/\/broxtal.com\/wp-content\/uploads\/2025\/07\/main-image-4-60x60.webp 60w, https:\/\/broxtal.com\/wp-content\/uploads\/2025\/07\/main-image-4-110x110.webp 110w, https:\/\/broxtal.com\/wp-content\/uploads\/2025\/07\/main-image-4-600x600.webp 600w, https:\/\/broxtal.com\/wp-content\/uploads\/2025\/07\/main-image-4-32x32.webp 32w, https:\/\/broxtal.com\/wp-content\/uploads\/2025\/07\/main-image-4-64x64.webp 64w\" sizes=\"(max-width: 800px) 100vw, 800px\" \/> <img loading=\"lazy\" decoding=\"async\" class=\"aligncenter size-large wp-image-36503\" src=\"https:\/\/broxtal.com\/wp-content\/uploads\/2025\/07\/description-image-4.webp\" alt=\"\" width=\"750\" height=\"710\" srcset=\"https:\/\/broxtal.com\/wp-content\/uploads\/2025\/07\/description-image-4.webp 750w, https:\/\/broxtal.com\/wp-content\/uploads\/2025\/07\/description-image-4-317x300.webp 317w, https:\/\/broxtal.com\/wp-content\/uploads\/2025\/07\/description-image-4-13x12.webp 13w, https:\/\/broxtal.com\/wp-content\/uploads\/2025\/07\/description-image-4-60x57.webp 60w, https:\/\/broxtal.com\/wp-content\/uploads\/2025\/07\/description-image-4-110x104.webp 110w, https:\/\/broxtal.com\/wp-content\/uploads\/2025\/07\/description-image-4-600x568.webp 600w, https:\/\/broxtal.com\/wp-content\/uploads\/2025\/07\/description-image-4-150x142.webp 150w\" sizes=\"(max-width: 750px) 100vw, 750px\" \/> <img loading=\"lazy\" decoding=\"async\" class=\"aligncenter size-full wp-image-36495\" src=\"https:\/\/broxtal.com\/wp-content\/uploads\/2025\/07\/main-image-3-1.webp\" alt=\"\" width=\"800\" height=\"800\" srcset=\"https:\/\/broxtal.com\/wp-content\/uploads\/2025\/07\/main-image-3-1.webp 800w, https:\/\/broxtal.com\/wp-content\/uploads\/2025\/07\/main-image-3-1-300x300.webp 300w, https:\/\/broxtal.com\/wp-content\/uploads\/2025\/07\/main-image-3-1-150x150.webp 150w, https:\/\/broxtal.com\/wp-content\/uploads\/2025\/07\/main-image-3-1-768x768.webp 768w, https:\/\/broxtal.com\/wp-content\/uploads\/2025\/07\/main-image-3-1-12x12.webp 12w, https:\/\/broxtal.com\/wp-content\/uploads\/2025\/07\/main-image-3-1-60x60.webp 60w, https:\/\/broxtal.com\/wp-content\/uploads\/2025\/07\/main-image-3-1-110x110.webp 110w, https:\/\/broxtal.com\/wp-content\/uploads\/2025\/07\/main-image-3-1-600x600.webp 600w, https:\/\/broxtal.com\/wp-content\/uploads\/2025\/07\/main-image-3-1-32x32.webp 32w\" sizes=\"(max-width: 800px) 100vw, 800px\" \/> <img loading=\"lazy\" decoding=\"async\" class=\"aligncenter wp-image-36499 size-full\" src=\"https:\/\/broxtal.com\/wp-content\/uploads\/2025\/07\/description-image-9.webp\" alt=\"\" width=\"750\" height=\"1118\" srcset=\"https:\/\/broxtal.com\/wp-content\/uploads\/2025\/07\/description-image-9.webp 750w, https:\/\/broxtal.com\/wp-content\/uploads\/2025\/07\/description-image-9-201x300.webp 201w, https:\/\/broxtal.com\/wp-content\/uploads\/2025\/07\/description-image-9-537x800.webp 537w, https:\/\/broxtal.com\/wp-content\/uploads\/2025\/07\/description-image-9-8x12.webp 8w, https:\/\/broxtal.com\/wp-content\/uploads\/2025\/07\/description-image-9-60x89.webp 60w, https:\/\/broxtal.com\/wp-content\/uploads\/2025\/07\/description-image-9-110x164.webp 110w, https:\/\/broxtal.com\/wp-content\/uploads\/2025\/07\/description-image-9-600x894.webp 600w, https:\/\/broxtal.com\/wp-content\/uploads\/2025\/07\/description-image-9-150x224.webp 150w\" sizes=\"(max-width: 750px) 100vw, 750px\" \/><\/p>\n<div style=\"width: 852px;\" class=\"wp-video\"><video class=\"wp-video-shortcode\" id=\"video-36487-1\" width=\"852\" height=\"480\" loop autoplay preload=\"metadata\" controls=\"controls\"><source type=\"video\/mp4\" src=\"https:\/\/broxtal.com\/wp-content\/uploads\/2025\/07\/hydrogen-generator-A300.mp4?_=1\" \/><a href=\"https:\/\/broxtal.com\/wp-content\/uploads\/2025\/07\/hydrogen-generator-A300.mp4\">https:\/\/broxtal.com\/wp-content\/uploads\/2025\/07\/hydrogen-generator-A300.mp4<\/a><\/video><\/div>\n<p>&nbsp;<\/p>","protected":false},"excerpt":{"rendered":"<ul>\n<li data-start=\"51\" data-end=\"89\"><strong>99,99% idrogeno puro, flusso di 300 ml\/min.<\/strong><\/li>\n<li data-start=\"92\" data-end=\"124\"><strong>Doppia modalit\u00e0: idrogeno o miscela HHO<\/strong><\/li>\n<li data-start=\"127\" data-end=\"163\"><strong>Allevia i disturbi agli occhi, alle orecchie e all'intestino<\/strong><\/li>\n<li data-start=\"166\" data-end=\"204\"><strong>Touchscreen, guida vocale, avvisi intelligenti<\/strong><\/li>\n<\/ul>","protected":false},"featured_media":36496,"comment_status":"open","ping_status":"closed","template":"","meta":[],"product_brand":[],"product_cat":[286,1719],"product_tag":[],"class_list":{"0":"post-36487","1":"product","2":"type-product","3":"status-publish","4":"has-post-thumbnail","6":"product_cat-health-wellness","7":"product_cat-respiratory-care-oxygen-therapy","9":"first","10":"instock","11":"sale","12":"shipping-taxable","13":"purchasable","14":"product-type-simple"},"_links":{"self":[{"href":"https:\/\/broxtal.com\/it\/wp-json\/wp\/v2\/product\/36487","targetHints":{"allow":["GET"]}}],"collection":[{"href":"https:\/\/broxtal.com\/it\/wp-json\/wp\/v2\/product"}],"about":[{"href":"https:\/\/broxtal.com\/it\/wp-json\/wp\/v2\/types\/product"}],"replies":[{"embeddable":true,"href":"https:\/\/broxtal.com\/it\/wp-json\/wp\/v2\/comments?post=36487"}],"version-history":[{"count":4,"href":"https:\/\/broxtal.com\/it\/wp-json\/wp\/v2\/product\/36487\/revisions"}],"predecessor-version":[{"id":37062,"href":"https:\/\/broxtal.com\/it\/wp-json\/wp\/v2\/product\/36487\/revisions\/37062"}],"wp:featuredmedia":[{"embeddable":true,"href":"https:\/\/broxtal.com\/it\/wp-json\/wp\/v2\/media\/36496"}],"wp:attachment":[{"href":"https:\/\/broxtal.com\/it\/wp-json\/wp\/v2\/media?parent=36487"}],"wp:term":[{"taxonomy":"product_brand","embeddable":true,"href":"https:\/\/broxtal.com\/it\/wp-json\/wp\/v2\/product_brand?post=36487"},{"taxonomy":"product_cat","embeddable":true,"href":"https:\/\/broxtal.com\/it\/wp-json\/wp\/v2\/product_cat?post=36487"},{"taxonomy":"product_tag","embeddable":true,"href":"https:\/\/broxtal.com\/it\/wp-json\/wp\/v2\/product_tag?post=36487"}],"curies":[{"name":"wp","href":"https:\/\/api.w.org\/{rel}","templated":true}]}}