{"id":36590,"date":"2025-07-14T13:22:34","date_gmt":"2025-07-14T12:22:34","guid":{"rendered":"https:\/\/broxtal.com\/?post_type=product&#038;p=36590"},"modified":"2025-07-23T15:11:07","modified_gmt":"2025-07-23T14:11:07","slug":"portable-oxygen-generator-machine-3l","status":"publish","type":"product","link":"https:\/\/broxtal.com\/it\/prodotto\/portable-oxygen-generator-machine-3l\/","title":{"rendered":"Macchina generatrice di ossigeno portatile 3L"},"content":{"rendered":"<h1 style=\"text-align: center;\" data-start=\"77\" data-end=\"159\"><span style=\"color: #000080;\"><strong data-start=\"84\" data-end=\"157\">Macchina generatrice di ossigeno portatile 3L - Aria leggera e pulita ovunque<\/strong><\/span><\/h1>\n<h2 style=\"text-align: center;\" data-start=\"160\" data-end=\"241\"><span style=\"color: #3366ff;\">Flusso di impulsi da 3 litri, purezza dell'ossigeno 30%, filtrazione PM2.5 e alimentazione a batteria USB-C da 4 ore<\/span><\/h2>\n<p><img fetchpriority=\"high\" decoding=\"async\" class=\"aligncenter size-large wp-image-36595\" src=\"https:\/\/broxtal.com\/wp-content\/uploads\/2025\/07\/portable-oxygen-generator-machine-3L-6-800x800.webp\" alt=\"\" width=\"800\" height=\"800\" srcset=\"https:\/\/broxtal.com\/wp-content\/uploads\/2025\/07\/portable-oxygen-generator-machine-3L-6-800x800.webp 800w, https:\/\/broxtal.com\/wp-content\/uploads\/2025\/07\/portable-oxygen-generator-machine-3L-6-300x300.webp 300w, https:\/\/broxtal.com\/wp-content\/uploads\/2025\/07\/portable-oxygen-generator-machine-3L-6-150x150.webp 150w, https:\/\/broxtal.com\/wp-content\/uploads\/2025\/07\/portable-oxygen-generator-machine-3L-6-768x768.webp 768w, https:\/\/broxtal.com\/wp-content\/uploads\/2025\/07\/portable-oxygen-generator-machine-3L-6-12x12.webp 12w, https:\/\/broxtal.com\/wp-content\/uploads\/2025\/07\/portable-oxygen-generator-machine-3L-6-60x60.webp 60w, https:\/\/broxtal.com\/wp-content\/uploads\/2025\/07\/portable-oxygen-generator-machine-3L-6-110x110.webp 110w, https:\/\/broxtal.com\/wp-content\/uploads\/2025\/07\/portable-oxygen-generator-machine-3L-6-600x600.webp 600w, https:\/\/broxtal.com\/wp-content\/uploads\/2025\/07\/portable-oxygen-generator-machine-3L-6-32x32.webp 32w, https:\/\/broxtal.com\/wp-content\/uploads\/2025\/07\/portable-oxygen-generator-machine-3L-6-64x64.webp 64w, https:\/\/broxtal.com\/wp-content\/uploads\/2025\/07\/portable-oxygen-generator-machine-3L-6.webp 1080w\" sizes=\"(max-width: 800px) 100vw, 800px\" \/><\/p>\n<h4 style=\"text-align: center;\">Leggero, efficiente e ideale per i viaggi<\/h4>\n<p style=\"text-align: center;\">Il <strong>Macchina generatrice di ossigeno portatile 3L<\/strong> LINMICS \u00e8 stato progettato per gli utenti che desiderano un supporto di ossigeno a basso flusso in movimento. Include una batteria al litio rimovibile con un'autonomia fino a 4 ore e pu\u00f2 essere ricaricato tramite USB Type-C a casa, in auto o utilizzando un power bank. Con un livello di rumorosit\u00e0 di soli 45 dB, \u00e8 abbastanza silenzioso per l'uso durante il sonno, rendendolo perfetto per i viaggi, il riposo e le esigenze terapeutiche quotidiane.<\/p>\n<p><img decoding=\"async\" class=\"aligncenter size-large wp-image-36601\" src=\"https:\/\/broxtal.com\/wp-content\/uploads\/2025\/07\/portable-oxygen-generator-machine-3L-5-800x800.webp\" alt=\"\" width=\"800\" height=\"800\" srcset=\"https:\/\/broxtal.com\/wp-content\/uploads\/2025\/07\/portable-oxygen-generator-machine-3L-5-800x800.webp 800w, https:\/\/broxtal.com\/wp-content\/uploads\/2025\/07\/portable-oxygen-generator-machine-3L-5-300x300.webp 300w, https:\/\/broxtal.com\/wp-content\/uploads\/2025\/07\/portable-oxygen-generator-machine-3L-5-150x150.webp 150w, https:\/\/broxtal.com\/wp-content\/uploads\/2025\/07\/portable-oxygen-generator-machine-3L-5-768x768.webp 768w, https:\/\/broxtal.com\/wp-content\/uploads\/2025\/07\/portable-oxygen-generator-machine-3L-5-12x12.webp 12w, https:\/\/broxtal.com\/wp-content\/uploads\/2025\/07\/portable-oxygen-generator-machine-3L-5-60x60.webp 60w, https:\/\/broxtal.com\/wp-content\/uploads\/2025\/07\/portable-oxygen-generator-machine-3L-5-110x110.webp 110w, https:\/\/broxtal.com\/wp-content\/uploads\/2025\/07\/portable-oxygen-generator-machine-3L-5-600x600.webp 600w, https:\/\/broxtal.com\/wp-content\/uploads\/2025\/07\/portable-oxygen-generator-machine-3L-5-32x32.webp 32w, https:\/\/broxtal.com\/wp-content\/uploads\/2025\/07\/portable-oxygen-generator-machine-3L-5-64x64.webp 64w, https:\/\/broxtal.com\/wp-content\/uploads\/2025\/07\/portable-oxygen-generator-machine-3L-5.webp 1080w\" sizes=\"(max-width: 800px) 100vw, 800px\" \/><\/p>\n<h4 style=\"text-align: center;\">Uscita di ossigeno semplice e pulita<\/h4>\n<p style=\"text-align: center;\">Progettato tenendo conto del comfort dell'utente, questo <strong>Macchina generatrice di ossigeno portatile 3L<\/strong> offre una sensazione di respirazione naturale e filtra fino a 95% di PM2,5 e batteri. Il suo design favorisce un sonno migliore e un comfort respiratorio generale. Non \u00e8 necessaria l'acqua, non sono stati segnalati effetti collaterali e non ci sono impostazioni complicate: basta collegarsi, respirare e partire.<\/p>\n<p><img decoding=\"async\" class=\"aligncenter size-large wp-image-36596\" src=\"https:\/\/broxtal.com\/wp-content\/uploads\/2025\/07\/portable-oxygen-generator-machine-3L-7-800x800.webp\" alt=\"\" width=\"800\" height=\"800\" srcset=\"https:\/\/broxtal.com\/wp-content\/uploads\/2025\/07\/portable-oxygen-generator-machine-3L-7-800x800.webp 800w, https:\/\/broxtal.com\/wp-content\/uploads\/2025\/07\/portable-oxygen-generator-machine-3L-7-300x300.webp 300w, https:\/\/broxtal.com\/wp-content\/uploads\/2025\/07\/portable-oxygen-generator-machine-3L-7-150x150.webp 150w, https:\/\/broxtal.com\/wp-content\/uploads\/2025\/07\/portable-oxygen-generator-machine-3L-7-768x768.webp 768w, https:\/\/broxtal.com\/wp-content\/uploads\/2025\/07\/portable-oxygen-generator-machine-3L-7-12x12.webp 12w, https:\/\/broxtal.com\/wp-content\/uploads\/2025\/07\/portable-oxygen-generator-machine-3L-7-60x60.webp 60w, https:\/\/broxtal.com\/wp-content\/uploads\/2025\/07\/portable-oxygen-generator-machine-3L-7-110x110.webp 110w, https:\/\/broxtal.com\/wp-content\/uploads\/2025\/07\/portable-oxygen-generator-machine-3L-7-600x600.webp 600w, https:\/\/broxtal.com\/wp-content\/uploads\/2025\/07\/portable-oxygen-generator-machine-3L-7-32x32.webp 32w, https:\/\/broxtal.com\/wp-content\/uploads\/2025\/07\/portable-oxygen-generator-machine-3L-7-64x64.webp 64w, https:\/\/broxtal.com\/wp-content\/uploads\/2025\/07\/portable-oxygen-generator-machine-3L-7.webp 1080w\" sizes=\"(max-width: 800px) 100vw, 800px\" \/><\/p>\n<h3 style=\"text-align: center;\">Tabella delle specifiche<\/h3>\n<table class=\"w-fit min-w-(--thread-content-width)\" data-start=\"98\" data-end=\"970\">\n<thead data-start=\"98\" data-end=\"165\">\n<tr data-start=\"98\" data-end=\"165\">\n<th data-start=\"98\" data-end=\"125\" data-col-size=\"sm\"><strong data-start=\"100\" data-end=\"111\">Caratteristica<\/strong><\/th>\n<th data-start=\"125\" data-end=\"165\" data-col-size=\"sm\"><strong data-start=\"127\" data-end=\"138\">Dettagli<\/strong><\/th>\n<\/tr>\n<\/thead>\n<tbody data-start=\"234\" data-end=\"970\">\n<tr data-start=\"234\" data-end=\"300\">\n<td data-start=\"234\" data-end=\"260\" data-col-size=\"sm\">Tipo di prodotto<\/td>\n<td data-start=\"260\" data-end=\"300\" data-col-size=\"sm\">Macchina generatrice di ossigeno portatile 3L<\/td>\n<\/tr>\n<tr data-start=\"301\" data-end=\"367\">\n<td data-start=\"301\" data-end=\"327\" data-col-size=\"sm\">Marchio<\/td>\n<td data-col-size=\"sm\" data-start=\"327\" data-end=\"367\">LINMICA<\/td>\n<\/tr>\n<tr data-start=\"368\" data-end=\"434\">\n<td data-start=\"368\" data-end=\"394\" data-col-size=\"sm\">Dimensioni<\/td>\n<td data-col-size=\"sm\" data-start=\"394\" data-end=\"434\">Ultra-compatto, pronto per il viaggio<\/td>\n<\/tr>\n<tr data-start=\"435\" data-end=\"501\">\n<td data-start=\"435\" data-end=\"461\" data-col-size=\"sm\">Concentrazione di ossigeno<\/td>\n<td data-start=\"461\" data-end=\"501\" data-col-size=\"sm\">30%<\/td>\n<\/tr>\n<tr data-start=\"502\" data-end=\"568\">\n<td data-start=\"502\" data-end=\"528\" data-col-size=\"sm\">Portata<\/td>\n<td data-start=\"528\" data-end=\"568\" data-col-size=\"sm\">3L\/min<\/td>\n<\/tr>\n<tr data-start=\"569\" data-end=\"635\">\n<td data-start=\"569\" data-end=\"595\" data-col-size=\"sm\">Livello di rumore<\/td>\n<td data-start=\"595\" data-end=\"635\" data-col-size=\"sm\">45 dB<\/td>\n<\/tr>\n<tr data-start=\"636\" data-end=\"702\">\n<td data-start=\"636\" data-end=\"662\" data-col-size=\"sm\">Durata della batteria<\/td>\n<td data-col-size=\"sm\" data-start=\"662\" data-end=\"702\">4 ore<\/td>\n<\/tr>\n<tr data-start=\"703\" data-end=\"769\">\n<td data-start=\"703\" data-end=\"729\" data-col-size=\"sm\">Porta di ricarica<\/td>\n<td data-col-size=\"sm\" data-start=\"729\" data-end=\"769\">USB Tipo-C<\/td>\n<\/tr>\n<tr data-start=\"770\" data-end=\"836\">\n<td data-start=\"770\" data-end=\"796\" data-col-size=\"sm\">Metodi di ricarica<\/td>\n<td data-col-size=\"sm\" data-start=\"796\" data-end=\"836\">Parete, auto, power bank<\/td>\n<\/tr>\n<tr data-start=\"837\" data-end=\"903\">\n<td data-start=\"837\" data-end=\"863\" data-col-size=\"sm\">Filtrazione<\/td>\n<td data-start=\"863\" data-end=\"903\" data-col-size=\"sm\">95% Filtrazione di PM2,5 e batteri<\/td>\n<\/tr>\n<tr data-start=\"904\" data-end=\"970\">\n<td data-start=\"904\" data-end=\"930\" data-col-size=\"sm\">Adatto per<\/td>\n<td data-col-size=\"sm\" data-start=\"930\" data-end=\"970\">Viaggi, sonno, supporto giornaliero per l'ossigeno<\/td>\n<\/tr>\n<\/tbody>\n<\/table>\n<h3 style=\"text-align: center;\">Elenco dei pacchetti<\/h3>\n<p style=\"text-align: center;\">\u2713 1 \u00d7 Unit\u00e0 concentratore di ossigeno portatile<br \/>\n\u2713 1 \u00d7 Batteria al litio rimovibile<br \/>\n\u2713 1 \u00d7 Cavo di ricarica Type-C<br \/>\n1 \u00d7 Cavo di ricarica per auto<br \/>\n\u2713 1 \u00d7 Borsa di trasporto<br \/>\n\u2713 1 \u00d7 Tubi di ossigeno<\/p>\n<p><img loading=\"lazy\" decoding=\"async\" class=\"aligncenter size-large wp-image-36600\" src=\"https:\/\/broxtal.com\/wp-content\/uploads\/2025\/07\/portable-oxygen-generator-machine-3L-4-800x800.webp\" alt=\"\" width=\"800\" height=\"800\" srcset=\"https:\/\/broxtal.com\/wp-content\/uploads\/2025\/07\/portable-oxygen-generator-machine-3L-4-800x800.webp 800w, https:\/\/broxtal.com\/wp-content\/uploads\/2025\/07\/portable-oxygen-generator-machine-3L-4-300x300.webp 300w, https:\/\/broxtal.com\/wp-content\/uploads\/2025\/07\/portable-oxygen-generator-machine-3L-4-150x150.webp 150w, https:\/\/broxtal.com\/wp-content\/uploads\/2025\/07\/portable-oxygen-generator-machine-3L-4-768x768.webp 768w, https:\/\/broxtal.com\/wp-content\/uploads\/2025\/07\/portable-oxygen-generator-machine-3L-4-12x12.webp 12w, https:\/\/broxtal.com\/wp-content\/uploads\/2025\/07\/portable-oxygen-generator-machine-3L-4-60x60.webp 60w, https:\/\/broxtal.com\/wp-content\/uploads\/2025\/07\/portable-oxygen-generator-machine-3L-4-110x110.webp 110w, https:\/\/broxtal.com\/wp-content\/uploads\/2025\/07\/portable-oxygen-generator-machine-3L-4-600x600.webp 600w, https:\/\/broxtal.com\/wp-content\/uploads\/2025\/07\/portable-oxygen-generator-machine-3L-4-32x32.webp 32w, https:\/\/broxtal.com\/wp-content\/uploads\/2025\/07\/portable-oxygen-generator-machine-3L-4-64x64.webp 64w, https:\/\/broxtal.com\/wp-content\/uploads\/2025\/07\/portable-oxygen-generator-machine-3L-4.webp 1080w\" sizes=\"(max-width: 800px) 100vw, 800px\" \/><img loading=\"lazy\" decoding=\"async\" class=\"aligncenter size-large wp-image-36597\" src=\"https:\/\/broxtal.com\/wp-content\/uploads\/2025\/07\/portable-oxygen-generator-machine-3L-1-800x800.webp\" alt=\"\" width=\"800\" height=\"800\" srcset=\"https:\/\/broxtal.com\/wp-content\/uploads\/2025\/07\/portable-oxygen-generator-machine-3L-1-800x800.webp 800w, https:\/\/broxtal.com\/wp-content\/uploads\/2025\/07\/portable-oxygen-generator-machine-3L-1-300x300.webp 300w, https:\/\/broxtal.com\/wp-content\/uploads\/2025\/07\/portable-oxygen-generator-machine-3L-1-150x150.webp 150w, https:\/\/broxtal.com\/wp-content\/uploads\/2025\/07\/portable-oxygen-generator-machine-3L-1-768x768.webp 768w, https:\/\/broxtal.com\/wp-content\/uploads\/2025\/07\/portable-oxygen-generator-machine-3L-1-12x12.webp 12w, https:\/\/broxtal.com\/wp-content\/uploads\/2025\/07\/portable-oxygen-generator-machine-3L-1-60x60.webp 60w, https:\/\/broxtal.com\/wp-content\/uploads\/2025\/07\/portable-oxygen-generator-machine-3L-1-110x110.webp 110w, https:\/\/broxtal.com\/wp-content\/uploads\/2025\/07\/portable-oxygen-generator-machine-3L-1-600x600.webp 600w, https:\/\/broxtal.com\/wp-content\/uploads\/2025\/07\/portable-oxygen-generator-machine-3L-1-32x32.webp 32w, https:\/\/broxtal.com\/wp-content\/uploads\/2025\/07\/portable-oxygen-generator-machine-3L-1-64x64.webp 64w, https:\/\/broxtal.com\/wp-content\/uploads\/2025\/07\/portable-oxygen-generator-machine-3L-1.webp 1080w\" sizes=\"(max-width: 800px) 100vw, 800px\" \/><img loading=\"lazy\" decoding=\"async\" class=\"aligncenter size-large wp-image-36599\" src=\"https:\/\/broxtal.com\/wp-content\/uploads\/2025\/07\/portable-oxygen-generator-machine-3L-3-800x800.webp\" alt=\"\" width=\"800\" height=\"800\" srcset=\"https:\/\/broxtal.com\/wp-content\/uploads\/2025\/07\/portable-oxygen-generator-machine-3L-3-800x800.webp 800w, https:\/\/broxtal.com\/wp-content\/uploads\/2025\/07\/portable-oxygen-generator-machine-3L-3-300x300.webp 300w, https:\/\/broxtal.com\/wp-content\/uploads\/2025\/07\/portable-oxygen-generator-machine-3L-3-150x150.webp 150w, https:\/\/broxtal.com\/wp-content\/uploads\/2025\/07\/portable-oxygen-generator-machine-3L-3-768x768.webp 768w, https:\/\/broxtal.com\/wp-content\/uploads\/2025\/07\/portable-oxygen-generator-machine-3L-3-12x12.webp 12w, https:\/\/broxtal.com\/wp-content\/uploads\/2025\/07\/portable-oxygen-generator-machine-3L-3-60x60.webp 60w, https:\/\/broxtal.com\/wp-content\/uploads\/2025\/07\/portable-oxygen-generator-machine-3L-3-110x110.webp 110w, https:\/\/broxtal.com\/wp-content\/uploads\/2025\/07\/portable-oxygen-generator-machine-3L-3-600x600.webp 600w, https:\/\/broxtal.com\/wp-content\/uploads\/2025\/07\/portable-oxygen-generator-machine-3L-3-32x32.webp 32w, https:\/\/broxtal.com\/wp-content\/uploads\/2025\/07\/portable-oxygen-generator-machine-3L-3-64x64.webp 64w, https:\/\/broxtal.com\/wp-content\/uploads\/2025\/07\/portable-oxygen-generator-machine-3L-3.webp 1080w\" sizes=\"(max-width: 800px) 100vw, 800px\" \/><img loading=\"lazy\" decoding=\"async\" class=\"aligncenter size-large wp-image-36598\" src=\"https:\/\/broxtal.com\/wp-content\/uploads\/2025\/07\/portable-oxygen-generator-machine-3L-2-800x800.webp\" alt=\"\" width=\"800\" height=\"800\" srcset=\"https:\/\/broxtal.com\/wp-content\/uploads\/2025\/07\/portable-oxygen-generator-machine-3L-2-800x800.webp 800w, https:\/\/broxtal.com\/wp-content\/uploads\/2025\/07\/portable-oxygen-generator-machine-3L-2-300x300.webp 300w, https:\/\/broxtal.com\/wp-content\/uploads\/2025\/07\/portable-oxygen-generator-machine-3L-2-150x150.webp 150w, https:\/\/broxtal.com\/wp-content\/uploads\/2025\/07\/portable-oxygen-generator-machine-3L-2-768x768.webp 768w, https:\/\/broxtal.com\/wp-content\/uploads\/2025\/07\/portable-oxygen-generator-machine-3L-2-12x12.webp 12w, https:\/\/broxtal.com\/wp-content\/uploads\/2025\/07\/portable-oxygen-generator-machine-3L-2-60x60.webp 60w, https:\/\/broxtal.com\/wp-content\/uploads\/2025\/07\/portable-oxygen-generator-machine-3L-2-110x110.webp 110w, https:\/\/broxtal.com\/wp-content\/uploads\/2025\/07\/portable-oxygen-generator-machine-3L-2-600x600.webp 600w, https:\/\/broxtal.com\/wp-content\/uploads\/2025\/07\/portable-oxygen-generator-machine-3L-2-32x32.webp 32w, https:\/\/broxtal.com\/wp-content\/uploads\/2025\/07\/portable-oxygen-generator-machine-3L-2.webp 1080w\" sizes=\"(max-width: 800px) 100vw, 800px\" \/><\/p>","protected":false},"excerpt":{"rendered":"<p>\ud83c\udf2c\ufe0f 30% purezza dell'ossigeno con flusso pulsato regolare di 3L\/min.<br \/>\n\ud83d\udd0b Batteria rimovibile con autonomia fino a 4 ore<br \/>\n\ud83e\uddfc Filtrazione 95% per batteri e particelle PM2,5<\/p>","protected":false},"featured_media":36600,"comment_status":"open","ping_status":"closed","template":"","meta":[],"product_brand":[],"product_cat":[286,1761,1818,1820,1719],"product_tag":[],"class_list":{"0":"post-36590","1":"product","2":"type-product","3":"status-publish","4":"has-post-thumbnail","6":"product_cat-health-wellness","7":"product_cat-oxygen-concentrators","8":"product_cat-portable-oxygen-machine","9":"product_cat-pulse-flow","10":"product_cat-respiratory-care-oxygen-therapy","12":"first","13":"outofstock","14":"sale","15":"shipping-taxable","16":"purchasable","17":"product-type-simple"},"_links":{"self":[{"href":"https:\/\/broxtal.com\/it\/wp-json\/wp\/v2\/product\/36590","targetHints":{"allow":["GET"]}}],"collection":[{"href":"https:\/\/broxtal.com\/it\/wp-json\/wp\/v2\/product"}],"about":[{"href":"https:\/\/broxtal.com\/it\/wp-json\/wp\/v2\/types\/product"}],"replies":[{"embeddable":true,"href":"https:\/\/broxtal.com\/it\/wp-json\/wp\/v2\/comments?post=36590"}],"version-history":[{"count":2,"href":"https:\/\/broxtal.com\/it\/wp-json\/wp\/v2\/product\/36590\/revisions"}],"predecessor-version":[{"id":36605,"href":"https:\/\/broxtal.com\/it\/wp-json\/wp\/v2\/product\/36590\/revisions\/36605"}],"wp:featuredmedia":[{"embeddable":true,"href":"https:\/\/broxtal.com\/it\/wp-json\/wp\/v2\/media\/36600"}],"wp:attachment":[{"href":"https:\/\/broxtal.com\/it\/wp-json\/wp\/v2\/media?parent=36590"}],"wp:term":[{"taxonomy":"product_brand","embeddable":true,"href":"https:\/\/broxtal.com\/it\/wp-json\/wp\/v2\/product_brand?post=36590"},{"taxonomy":"product_cat","embeddable":true,"href":"https:\/\/broxtal.com\/it\/wp-json\/wp\/v2\/product_cat?post=36590"},{"taxonomy":"product_tag","embeddable":true,"href":"https:\/\/broxtal.com\/it\/wp-json\/wp\/v2\/product_tag?post=36590"}],"curies":[{"name":"wp","href":"https:\/\/api.w.org\/{rel}","templated":true}]}}