{"id":38518,"date":"2025-10-18T11:14:48","date_gmt":"2025-10-18T10:14:48","guid":{"rendered":"https:\/\/broxtal.com\/?post_type=product&#038;p=38518"},"modified":"2025-10-28T13:00:28","modified_gmt":"2025-10-28T13:00:28","slug":"extra-battery-jeauyy-portable-oxygen-jyp05a","status":"publish","type":"product","link":"https:\/\/broxtal.com\/it\/prodotto\/extra-battery-jeauyy-portable-oxygen-jyp05a\/","title":{"rendered":"Batteria supplementare per il concentratore di ossigeno portatile JEAUYY (JY-P05A)"},"content":{"rendered":"<h1 style=\"text-align: center;\">Continuare ad andare avanti pi\u00f9 a lungo - Potenza affidabile in movimento<\/h1>\n<h3 class=\"p1\" style=\"text-align: center;\">Batteria ricaricabile ad altissima capacit\u00e0 <strong>6200 mAh <\/strong>per il concentratore di ossigeno portatile JEAUYY (JY-P05A)<\/h3>\n<p style=\"text-align: center;\"><strong>La batteria del concentratore di ossigeno portatile JY-P05A fornisce fino a 4,8 ore con l'impostazione 1. Si ricarica completamente in sole 2-3 ore con l'adattatore CA o il caricatore per auto.<\/strong><\/p>\n<p class=\"p1\" style=\"text-align: center;\">Assicuratevi un'ossigenoterapia ininterrotta ovunque vi porti la vita con questa batteria ricaricabile ad alta capacit\u00e0 progettata specificamente per il concentratore di ossigeno portatile JEAUYY da 1,5 L. Leggera, compatta e costruita per la mobilit\u00e0, questa batteria vi d\u00e0 la tranquillit\u00e0 di viaggiare, fare il pendolare o semplicemente muovervi liberamente a casa senza preoccuparvi che il concentratore perda potenza. \u00c8 sufficiente collegarlo alla presa di corrente per avere la certezza che il flusso di ossigeno rimanga costante e affidabile.<\/p>\n<p><img fetchpriority=\"high\" decoding=\"async\" class=\"aligncenter size-large wp-image-38521\" src=\"https:\/\/broxtal.com\/wp-content\/uploads\/2025\/10\/jeauyy-portable-oxygen-concentrator-1-5l-04-2.webp\" alt=\"\" width=\"768\" height=\"768\" srcset=\"https:\/\/broxtal.com\/wp-content\/uploads\/2025\/10\/jeauyy-portable-oxygen-concentrator-1-5l-04-2.webp 768w, https:\/\/broxtal.com\/wp-content\/uploads\/2025\/10\/jeauyy-portable-oxygen-concentrator-1-5l-04-2-300x300.webp 300w, https:\/\/broxtal.com\/wp-content\/uploads\/2025\/10\/jeauyy-portable-oxygen-concentrator-1-5l-04-2-150x150.webp 150w, https:\/\/broxtal.com\/wp-content\/uploads\/2025\/10\/jeauyy-portable-oxygen-concentrator-1-5l-04-2-12x12.webp 12w, https:\/\/broxtal.com\/wp-content\/uploads\/2025\/10\/jeauyy-portable-oxygen-concentrator-1-5l-04-2-60x60.webp 60w, https:\/\/broxtal.com\/wp-content\/uploads\/2025\/10\/jeauyy-portable-oxygen-concentrator-1-5l-04-2-110x110.webp 110w, https:\/\/broxtal.com\/wp-content\/uploads\/2025\/10\/jeauyy-portable-oxygen-concentrator-1-5l-04-2-600x600.webp 600w, https:\/\/broxtal.com\/wp-content\/uploads\/2025\/10\/jeauyy-portable-oxygen-concentrator-1-5l-04-2-32x32.webp 32w\" sizes=\"(max-width: 768px) 100vw, 768px\" \/><\/p>","protected":false},"excerpt":{"rendered":"<p>Continuare ad andare avanti pi\u00f9 a lungo - Alimentazione affidabile in movimento Batteria ricaricabile ad alta capacit\u00e0 6200 mAh per il concentratore di ossigeno portatile JEAUYY<\/p>","protected":false},"featured_media":38527,"comment_status":"open","ping_status":"closed","template":"","meta":[],"product_brand":[],"product_cat":[286,1763,1719],"product_tag":[],"class_list":{"0":"post-38518","1":"product","2":"type-product","3":"status-publish","4":"has-post-thumbnail","6":"product_cat-health-wellness","7":"product_cat-masks-accessories","8":"product_cat-respiratory-care-oxygen-therapy","10":"first","11":"instock","12":"shipping-taxable","13":"purchasable","14":"product-type-simple"},"_links":{"self":[{"href":"https:\/\/broxtal.com\/it\/wp-json\/wp\/v2\/product\/38518","targetHints":{"allow":["GET"]}}],"collection":[{"href":"https:\/\/broxtal.com\/it\/wp-json\/wp\/v2\/product"}],"about":[{"href":"https:\/\/broxtal.com\/it\/wp-json\/wp\/v2\/types\/product"}],"replies":[{"embeddable":true,"href":"https:\/\/broxtal.com\/it\/wp-json\/wp\/v2\/comments?post=38518"}],"version-history":[{"count":3,"href":"https:\/\/broxtal.com\/it\/wp-json\/wp\/v2\/product\/38518\/revisions"}],"predecessor-version":[{"id":38528,"href":"https:\/\/broxtal.com\/it\/wp-json\/wp\/v2\/product\/38518\/revisions\/38528"}],"wp:featuredmedia":[{"embeddable":true,"href":"https:\/\/broxtal.com\/it\/wp-json\/wp\/v2\/media\/38527"}],"wp:attachment":[{"href":"https:\/\/broxtal.com\/it\/wp-json\/wp\/v2\/media?parent=38518"}],"wp:term":[{"taxonomy":"product_brand","embeddable":true,"href":"https:\/\/broxtal.com\/it\/wp-json\/wp\/v2\/product_brand?post=38518"},{"taxonomy":"product_cat","embeddable":true,"href":"https:\/\/broxtal.com\/it\/wp-json\/wp\/v2\/product_cat?post=38518"},{"taxonomy":"product_tag","embeddable":true,"href":"https:\/\/broxtal.com\/it\/wp-json\/wp\/v2\/product_tag?post=38518"}],"curies":[{"name":"wp","href":"https:\/\/api.w.org\/{rel}","templated":true}]}}